{"id":45460,"date":"2024-02-22T05:03:55","date_gmt":"2024-02-22T05:03:55","guid":{"rendered":"https:\/\/e.kosmolat.eu\/product\/twee-ocean-tualetes-udens-sievietem-50-ml\/"},"modified":"2025-09-19T19:42:41","modified_gmt":"2025-09-19T19:42:41","slug":"twee-ocean-tualetes-udens-sievietem-50-ml","status":"publish","type":"product","link":"https:\/\/e.kosmolat.eu\/lv\/product\/twee-ocean-tualetes-udens-sievietem-50-ml\/","title":{"rendered":"\u00abTwee ocean\u00bb Tualetes \u016bdens sieviet\u0113m, 50 ml"},"content":{"rendered":"<p>Galven\u0101s notis: sarkanie aug\u013ci, citrons, pipari, persiks.\n<\/p>\n<p>Sirds notis: lilija, maijpu\u0137\u012bte, karamele.\n<\/p>\n<p>Pamatnotis: vani\u013ca, sandalkoks, baltais muskuss, dzintars.<\/p>\n","protected":false},"excerpt":{"rendered":"<p>Galven\u0101s notis: sarkanie aug\u013ci, citrons, pipari, persiks. Sirds notis: lilija, maijpu\u0137\u012bte, karamele. Pamatnotis: vani\u013ca, sandalkoks, baltais muskuss, dzintars.<\/p>\n","protected":false},"featured_media":83102,"template":"","meta":[],"product_cat":[1445],"product_tag":[],"class_list":{"0":"post-45460","1":"product","2":"type-product","3":"status-publish","4":"has-post-thumbnail","6":"product_brand-dilis-kosmetik_by","7":"product_cat-sieviesu-smarzas-un-tualetes-udeni","9":"first","10":"outofstock","11":"taxable","12":"shipping-taxable","13":"product-type-simple"},"_links":{"self":[{"href":"https:\/\/e.kosmolat.eu\/lv\/wp-json\/wp\/v2\/product\/45460","targetHints":{"allow":["GET"]}}],"collection":[{"href":"https:\/\/e.kosmolat.eu\/lv\/wp-json\/wp\/v2\/product"}],"about":[{"href":"https:\/\/e.kosmolat.eu\/lv\/wp-json\/wp\/v2\/types\/product"}],"wp:featuredmedia":[{"embeddable":true,"href":"https:\/\/e.kosmolat.eu\/lv\/wp-json\/wp\/v2\/media\/83102"}],"wp:attachment":[{"href":"https:\/\/e.kosmolat.eu\/lv\/wp-json\/wp\/v2\/media?parent=45460"}],"wp:term":[{"taxonomy":"product_cat","embeddable":true,"href":"https:\/\/e.kosmolat.eu\/lv\/wp-json\/wp\/v2\/product_cat?post=45460"},{"taxonomy":"product_tag","embeddable":true,"href":"https:\/\/e.kosmolat.eu\/lv\/wp-json\/wp\/v2\/product_tag?post=45460"}],"curies":[{"name":"wp","href":"https:\/\/api.w.org\/{rel}","templated":true}]}}