{"id":45414,"date":"2024-02-21T05:03:52","date_gmt":"2024-02-21T05:03:52","guid":{"rendered":"https:\/\/e.kosmolat.eu\/product\/i_dd-matu-balzams-berzu-darva-pret-blaugznam-480-ml\/"},"modified":"2025-09-19T17:40:06","modified_gmt":"2025-09-19T17:40:06","slug":"i_dd-matu-balzams-berzu-darva-pret-blaugznam-480-ml","status":"publish","type":"product","link":"https:\/\/e.kosmolat.eu\/lv\/product\/i_dd-matu-balzams-berzu-darva-pret-blaugznam-480-ml\/","title":{"rendered":"I_&#8221;DD&#8221; Matu balzams &#8220;B\u0113rzu darva&#8221; Pret blaugzn\u0101m, 480 ml"},"content":{"rendered":"<p>Stiprina galvas \u0101du. Balzama akt\u012bv\u0101s sast\u0101vda\u013cas kav\u0113 blaugznu veido\u0161anos, pie\u0161\u0137ir matiem gludumu, sp\u012bdumu un koptu izskatu. P\u0113c balzamas lieto\u0161anas mati ir viegli \u0137emm\u0113jami. B\u0113rzu darva nomierina galvas \u0101du, nov\u0113r\u0161 niezi un kairin\u0101jumu, kas ir saist\u012bti ar blaugznu par\u0101d\u012b\u0161anos. Speci\u0101ls lins\u0113klu e\u013c\u013cas , ric\u012bne\u013c\u013cas un un dad\u017ea ekstrakta komplekss stimul\u0113 matu aug\u0161anu, padara tos gludus un elast\u012bgus. Lieto\u0161ana: uzkl\u0101t uz t\u012briem mitriem matiem, vienm\u0113r\u012bgi izl\u012bdzin\u0101t vis\u0101 matu gatum\u0101, nomazg\u0101t ar \u016bdeni. Piesardz\u012bbas pas\u0101kumi: ja iek\u013c\u016bst ac\u012bs, nomazg\u0101t ar \u016bdeni. Ir iesp\u0113jama individu\u0101l\u0101 paaugstin\u0101ta jut\u012bba uz atsevi\u0161\u0137\u0101m sast\u0101vda\u013c\u0101m.<\/p>\n","protected":false},"excerpt":{"rendered":"<p>Stiprina galvas \u0101du. Balzama akt\u012bv\u0101s sast\u0101vda\u013cas kav\u0113 blaugznu veido\u0161anos, pie\u0161\u0137ir matiem gludumu, sp\u012bdumu un koptu izskatu. P\u0113c balzamas lieto\u0161anas mati ir viegli \u0137emm\u0113jami. B\u0113rzu darva nomierina galvas \u0101du, nov\u0113r\u0161 niezi un kairin\u0101jumu, kas ir saist\u012bti ar blaugznu par\u0101d\u012b\u0161anos. Speci\u0101ls lins\u0113klu e\u013c\u013cas , ric\u012bne\u013c\u013cas un un dad\u017ea ekstrakta komplekss stimul\u0113 matu aug\u0161anu, padara tos gludus un [&#8230;]\n","protected":false},"featured_media":80994,"template":"","meta":[],"product_cat":[1638],"product_tag":[],"class_list":{"0":"post-45414","1":"product","2":"type-product","3":"status-publish","4":"has-post-thumbnail","6":"product_brand-elfa_ua","7":"product_cat-balzami","9":"first","10":"outofstock","11":"taxable","12":"shipping-taxable","13":"product-type-simple"},"_links":{"self":[{"href":"https:\/\/e.kosmolat.eu\/lv\/wp-json\/wp\/v2\/product\/45414","targetHints":{"allow":["GET"]}}],"collection":[{"href":"https:\/\/e.kosmolat.eu\/lv\/wp-json\/wp\/v2\/product"}],"about":[{"href":"https:\/\/e.kosmolat.eu\/lv\/wp-json\/wp\/v2\/types\/product"}],"wp:featuredmedia":[{"embeddable":true,"href":"https:\/\/e.kosmolat.eu\/lv\/wp-json\/wp\/v2\/media\/80994"}],"wp:attachment":[{"href":"https:\/\/e.kosmolat.eu\/lv\/wp-json\/wp\/v2\/media?parent=45414"}],"wp:term":[{"taxonomy":"product_cat","embeddable":true,"href":"https:\/\/e.kosmolat.eu\/lv\/wp-json\/wp\/v2\/product_cat?post=45414"},{"taxonomy":"product_tag","embeddable":true,"href":"https:\/\/e.kosmolat.eu\/lv\/wp-json\/wp\/v2\/product_tag?post=45414"}],"curies":[{"name":"wp","href":"https:\/\/api.w.org\/{rel}","templated":true}]}}