{"id":45402,"date":"2024-02-21T05:03:22","date_gmt":"2024-02-21T05:03:22","guid":{"rendered":"https:\/\/e.kosmolat.eu\/product\/dd-roku-krems-pantenols-sos-kopsana-42-ml\/"},"modified":"2026-04-22T13:32:06","modified_gmt":"2026-04-22T13:32:06","slug":"the-dr-hc-roku-krems-pantenols-sos-kopsana-42-ml","status":"publish","type":"product","link":"https:\/\/e.kosmolat.eu\/lv\/product\/the-dr-hc-roku-krems-pantenols-sos-kopsana-42-ml\/","title":{"rendered":"The Dr. H&#038;C Roku kr\u0113ms &#8220;Pantenols SOS-kop\u0161ana&#8221;, 42 ml"},"content":{"rendered":"<p>Saudz\u012bga SOS-kop\u0161ana ekstrem\u0101li sausai roku \u0101dai. Dzi\u013ci mitrina, baro un m\u012bkstina, atjauno \u0101du p\u0113c plais\u0101m un mikroboj\u0101jumiem, nov\u0113r\u0161 aps\u0101rtumus.<\/p>\n<p><strong>Lieto\u0161ana:<\/strong>&nbsp;uzkl\u0101t uz t\u012bras sausas roku \u0101das.<\/p>\n<p>&nbsp;<\/p>\n","protected":false},"excerpt":{"rendered":"<p>Saudz\u012bga SOS-kop\u0161ana ekstrem\u0101li sausai roku \u0101dai. Dzi\u013ci mitrina, baro un m\u012bkstina, atjauno \u0101du p\u0113c plais\u0101m un mikroboj\u0101jumiem, nov\u0113r\u0161 aps\u0101rtumus. Lieto\u0161ana:&nbsp;uzkl\u0101t uz t\u012bras sausas roku \u0101das. &nbsp;<\/p>\n","protected":false},"featured_media":85246,"template":"","meta":[],"product_cat":[1999],"product_tag":[],"class_list":{"0":"post-45402","1":"product","2":"type-product","3":"status-publish","4":"has-post-thumbnail","6":"product_brand-elfa_ua","7":"product_cat-bez-kategorijas","9":"first","10":"instock","11":"taxable","12":"shipping-taxable","13":"product-type-simple"},"_links":{"self":[{"href":"https:\/\/e.kosmolat.eu\/lv\/wp-json\/wp\/v2\/product\/45402","targetHints":{"allow":["GET"]}}],"collection":[{"href":"https:\/\/e.kosmolat.eu\/lv\/wp-json\/wp\/v2\/product"}],"about":[{"href":"https:\/\/e.kosmolat.eu\/lv\/wp-json\/wp\/v2\/types\/product"}],"wp:featuredmedia":[{"embeddable":true,"href":"https:\/\/e.kosmolat.eu\/lv\/wp-json\/wp\/v2\/media\/85246"}],"wp:attachment":[{"href":"https:\/\/e.kosmolat.eu\/lv\/wp-json\/wp\/v2\/media?parent=45402"}],"wp:term":[{"taxonomy":"product_cat","embeddable":true,"href":"https:\/\/e.kosmolat.eu\/lv\/wp-json\/wp\/v2\/product_cat?post=45402"},{"taxonomy":"product_tag","embeddable":true,"href":"https:\/\/e.kosmolat.eu\/lv\/wp-json\/wp\/v2\/product_tag?post=45402"}],"curies":[{"name":"wp","href":"https:\/\/api.w.org\/{rel}","templated":true}]}}