{"id":45394,"date":"2024-02-21T05:03:10","date_gmt":"2024-02-21T05:03:10","guid":{"rendered":"https:\/\/e.kosmolat.eu\/product\/skin-shine-attirosas-skidras-plaksnes-pret-melniem-punktiem-baltie-mali-10-gab\/"},"modified":"2025-09-19T21:16:12","modified_gmt":"2025-09-19T21:16:12","slug":"skin-shine-attirosas-skidras-plaksnes-pret-melniem-punktiem-baltie-mali-10-gab","status":"publish","type":"product","link":"https:\/\/e.kosmolat.eu\/lv\/product\/skin-shine-attirosas-skidras-plaksnes-pret-melniem-punktiem-baltie-mali-10-gab\/","title":{"rendered":"SKIN SHINE Att\u012bro\u0161as \u0161\u0137idr\u0101s pl\u0101ksnes pret melniem punktiem Baltie m\u0101li, 10 gab,"},"content":{"rendered":"<\/p>\n","protected":false},"excerpt":{"rendered":"","protected":false},"featured_media":84850,"template":"","meta":[],"product_cat":[1339],"product_tag":[],"class_list":{"0":"post-45394","1":"product","2":"type-product","3":"status-publish","4":"has-post-thumbnail","6":"product_brand-malina-akcija","7":"product_cat-attirosas-maskas","9":"first","10":"outofstock","11":"taxable","12":"shipping-taxable","13":"product-type-simple"},"_links":{"self":[{"href":"https:\/\/e.kosmolat.eu\/lv\/wp-json\/wp\/v2\/product\/45394","targetHints":{"allow":["GET"]}}],"collection":[{"href":"https:\/\/e.kosmolat.eu\/lv\/wp-json\/wp\/v2\/product"}],"about":[{"href":"https:\/\/e.kosmolat.eu\/lv\/wp-json\/wp\/v2\/types\/product"}],"wp:featuredmedia":[{"embeddable":true,"href":"https:\/\/e.kosmolat.eu\/lv\/wp-json\/wp\/v2\/media\/84850"}],"wp:attachment":[{"href":"https:\/\/e.kosmolat.eu\/lv\/wp-json\/wp\/v2\/media?parent=45394"}],"wp:term":[{"taxonomy":"product_cat","embeddable":true,"href":"https:\/\/e.kosmolat.eu\/lv\/wp-json\/wp\/v2\/product_cat?post=45394"},{"taxonomy":"product_tag","embeddable":true,"href":"https:\/\/e.kosmolat.eu\/lv\/wp-json\/wp\/v2\/product_tag?post=45394"}],"curies":[{"name":"wp","href":"https:\/\/api.w.org\/{rel}","templated":true}]}}