{"id":45305,"date":"2024-02-20T05:03:36","date_gmt":"2024-02-20T05:03:36","guid":{"rendered":"https:\/\/e.kosmolat.eu\/product\/i_caramel-vasks-kermena-depilacijai-vanilas-16-gb\/"},"modified":"2026-04-01T06:46:41","modified_gmt":"2026-04-01T06:46:41","slug":"i_caramel-vasks-kermena-depilacijai-vanilas-16-gb","status":"publish","type":"product","link":"https:\/\/e.kosmolat.eu\/lv\/product\/i_caramel-vasks-kermena-depilacijai-vanilas-16-gb\/","title":{"rendered":"I_&#8221;Caramel&#8221; Vasks \u0137erme\u0146a depil\u0101cijai &#8220;Vani\u013cas&#8221;, 16 gb"},"content":{"rendered":"<p>IEPAKOJUM\u0100:<br \/>\n-vaska pl\u0101ksteri depil\u0101cijai (16 gab) -e\u013c\u013ca vaska no\u0146em\u0161anai (12 ml)<\/p>\n<p>Depil\u0101cijas ar vasku rezult\u0101t\u0101 mati\u0146i pak\u0101peniski k\u013c\u016bst pl\u0101n\u0101ki un to saknes &#8211; v\u0101j\u0101kas.<\/p>\n<p>SVAR\u012aGI: Apm\u0113ram 2-3 stundas p\u0113c depil\u0101cijas nedr\u012bkst izmantot kr\u0113mu, g\u0113lus, \u0161amp\u016bnus, odekolonus ar smar\u017eviel\u0101m. Nepiecie\u0161ams izmantot tikai speci\u0101lu kr\u0113mu p\u0113c depil\u0101cijas mati\u0146u aug\u0161anas pal\u0113nin\u0101\u0161anai, kur\u0161 mitrina, m\u012bkstina, no\u0146em kairin\u0101jumu un pal\u0113nina mati\u0146u aug\u0161anu.<\/p>\n<p>SEJAI &#8211; Ar depil\u0101cijas vasku var no\u0146emt nepievilc\u012bgas \u016bsas un b\u0101rdu, palabot uzacu formu. Neizmantojiet p\u016bkaino mati\u0146us no\u0146em\u0161anai, jo depil\u0101cija var stimul\u0113t to pastiprin\u0101tu aug\u0161anu un padar\u012bt tos ciet\u0101kus.<\/p>\n<p>V\u0112DERAM UN BIKINI APVIDUM &#8211; Lai nosk\u016btu mati\u0146u bikini apvid\u016b, nav ieteicams izmantot meh\u0101niskus depilatorus, jo to var viegli kairin\u0101t. No mati\u0146iem bikini apvid\u016b, uz cirk\u0161\u0146iem, ap nabu un dzimumorg\u0101niem vislab\u0101k ir atbr\u012bvoties ar depil\u0101cijas vasku vai depil\u0101cijas kr\u0113mu. Int\u012bm\u0101s zonas \u0101da ir jut\u012bga, un depil\u0101cija var izveidot kairin\u0101jumu, bet p\u0113c da\u017e\u0101m reiz\u0113m t\u0101 pierad\u012bs un vairs nerea\u0123\u0113s s\u0101p\u012bgi. Mati\u0146us uz v\u0113dera (no nabas l\u012bdz jostas vietai) var no\u0146emt ar vasku vai kr\u0113mu.<\/p>\n<p>ROK\u0100M UN K\u0100J\u0100M &#8211; Mati\u0146us uz padus\u0113m no\u0146emiet ar \u0137erme\u0146a depil\u0101cijas vasku vai depil\u0101cijas kr\u0113mu. P\u0113c 8-10 vaska aplik\u0101ciju reiz\u0113m mati\u0146i uz \u0161\u012bs \u0137erme\u0146a da\u013cas k\u013c\u016bs pl\u0101ni un gandr\u012bz neman\u0101mi. Roku un k\u0101ju depil\u0101ciju lab\u0101k veikt ir ar speci\u0101lu depil\u0101cijas vasku.<\/p>\n<p>L\u012bdzeklis \u013cauj r\u016bp\u012bgi un efekt\u012bvi no\u0146emt vismaz\u0101kos mati\u0146us. Aizkav\u0113 to jaunu aug\u0161anu. Paildzina periodu starp depil\u0101ciju un jaunu mati\u0146u izaug\u0161anu l\u012bdz 6 ned\u0113\u013c\u0101m. Katra n\u0101kam\u0101 depil\u0101cija k\u013c\u016bst viegl\u0101ka. \u0100da k\u013c\u016bs gluda un z\u012bdaina. <\/p>\n<p>LIETO\u0160ANA: Pirms depil\u0101cijas \u0101dai j\u0101b\u016bt sausai un beztaukainai, bet efekta uzlabo\u0161anai var uzkl\u0101t nelielu daudzumu kosm\u0113tisk\u0101 talka.<br \/>\n1. Katru vaska pl\u0101ksteri sasild\u012bt plaukst\u0101s.<br \/>\n2. Uzman\u012bgi atl\u012bm\u0113t pl\u0101ksterus div\u0101s da\u013c\u0101s. Abi pl\u0101ksteri ir lietojami.<br \/>\n3. R\u016bp\u012bgi piel\u012bm\u0113t katru pl\u0101ksteri pie \u0101das virzien\u0101, k\u0101d\u0101 aug mati\u0146i, un piespiest to.<br \/>\n4. Ar vienu strauju, ener\u0123isku kust\u012bbu noraut to oblig\u0101ti pret\u0113ji mati\u0146u aug\u0161anas virzienam!<br \/>\n5. P\u0113c depil\u0101cijas no\u0146emt paliku\u0161o vasku ar e\u013c\u013cu. E\u013c\u013cas lieto\u0161ana: uzkl\u0101t to uz kosm\u0113tisk\u0101 s\u016bkl\u012b\u0161a vai salvetes. No\u0146emt vasku.<\/p>\n<p>NODER\u012aGI PADOMI:<br \/>\n1. Pirms izmanto\u0161anas veiciet \u0101das jut\u012bbas p\u0101rbaudi uz mazas vietas! Ja 24 stundu laik\u0101 nerodas aler\u0123iska reakcija, varat lietot vasku.<br \/>\n2. Vaska p\u0101rpalikumus var no\u0146emt ar e\u013c\u013cu. Nav ieteicams vasku nomazg\u0101t ar \u016bdeni, ziep\u0113m, birsti vai cietu s\u016bkli.<br \/>\n3. Depil\u0101cijas proces\u0101 katru pl\u0101ksteri var lietot vair\u0101kas reizes.<br \/>\n4. Nelietojiet vasku uz kairin\u0101t\u0101m, boj\u0101t\u0101m un sptipri iedegu\u0161\u0101m \u0137erme\u0146a viet\u0101m.<br \/>\n5. Neslapiniet \u0101du 6-8 stundas p\u0113c depil\u0101cijas!<br \/>\n6. Vieglais, dab\u012bgais s\u0101rtums p\u0113c k\u0101da laik\u0101 p\u0101riet (atkar\u012bgs no \u0101das jut\u012bbas). Kr\u0113ms labv\u0113l\u012bgi iedarbojas uz \u0101das p\u0113c depil\u0101cijas.<br \/>\n7. Vasks ir efekt\u012bvs mati\u0146iem, kuru garums nav maz\u0101ks k\u0101 5 mm.<br \/>\n8. P\u0113c 3 dien\u0101m p\u0113c depil\u0101cijas uzman\u012bgi apstr\u0101d\u0101t \u0101du ar p\u012blingu. Tas &#8220;izt\u012br\u012bs&#8221; folikulas no raupjo vietu uzkr\u0101\u0161an\u0101s, un mati\u0146i neieaugs.<br \/>\n9. Matu ieaug\u0161anas un to aug\u0161anas pal\u0113nin\u0101\u0161anai profilakses nol\u016bkos lietojiet speci\u0101lus prepar\u0101tus!<\/p>\n<p>Uzglab\u0101\u0161an\u0101s temperat\u016bra no +5 l\u012bdz +25\u00b0C.<\/p>\n","protected":false},"excerpt":{"rendered":"<p>IEPAKOJUM\u0100: -vaska pl\u0101ksteri depil\u0101cijai (16 gab) -e\u013c\u013ca vaska no\u0146em\u0161anai (12 ml) Depil\u0101cijas ar vasku rezult\u0101t\u0101 mati\u0146i pak\u0101peniski k\u013c\u016bst pl\u0101n\u0101ki un to saknes &#8211; v\u0101j\u0101kas. SVAR\u012aGI: Apm\u0113ram 2-3 stundas p\u0113c depil\u0101cijas nedr\u012bkst izmantot kr\u0113mu, g\u0113lus, \u0161amp\u016bnus, odekolonus ar smar\u017eviel\u0101m. Nepiecie\u0161ams izmantot tikai speci\u0101lu kr\u0113mu p\u0113c depil\u0101cijas mati\u0146u aug\u0161anas pal\u0113nin\u0101\u0161anai, kur\u0161 mitrina, m\u012bkstina, no\u0146em kairin\u0101jumu un pal\u0113nina [&#8230;]\n","protected":false},"featured_media":79650,"template":"","meta":[],"product_cat":[1622],"product_tag":[],"class_list":{"0":"post-45305","1":"product","2":"type-product","3":"status-publish","4":"has-post-thumbnail","6":"product_brand-elfa_ua","7":"product_cat-depilacijas-un-skusanas-lidzekli","9":"first","10":"instock","11":"taxable","12":"shipping-taxable","13":"product-type-simple"},"_links":{"self":[{"href":"https:\/\/e.kosmolat.eu\/lv\/wp-json\/wp\/v2\/product\/45305","targetHints":{"allow":["GET"]}}],"collection":[{"href":"https:\/\/e.kosmolat.eu\/lv\/wp-json\/wp\/v2\/product"}],"about":[{"href":"https:\/\/e.kosmolat.eu\/lv\/wp-json\/wp\/v2\/types\/product"}],"wp:featuredmedia":[{"embeddable":true,"href":"https:\/\/e.kosmolat.eu\/lv\/wp-json\/wp\/v2\/media\/79650"}],"wp:attachment":[{"href":"https:\/\/e.kosmolat.eu\/lv\/wp-json\/wp\/v2\/media?parent=45305"}],"wp:term":[{"taxonomy":"product_cat","embeddable":true,"href":"https:\/\/e.kosmolat.eu\/lv\/wp-json\/wp\/v2\/product_cat?post=45305"},{"taxonomy":"product_tag","embeddable":true,"href":"https:\/\/e.kosmolat.eu\/lv\/wp-json\/wp\/v2\/product_tag?post=45305"}],"curies":[{"name":"wp","href":"https:\/\/api.w.org\/{rel}","templated":true}]}}