{"id":45293,"date":"2024-02-20T05:03:01","date_gmt":"2024-02-20T05:03:01","guid":{"rendered":"https:\/\/e.kosmolat.eu\/product\/artcolor-basma-naturala-25-g\/"},"modified":"2025-09-19T15:21:40","modified_gmt":"2025-09-19T15:21:40","slug":"artcolor-basma-naturala-25-g","status":"publish","type":"product","link":"https:\/\/e.kosmolat.eu\/lv\/product\/artcolor-basma-naturala-25-g\/","title":{"rendered":"&#8220;Artcolor&#8221; Basma natur\u0101l\u0101, 25 g"},"content":{"rendered":"<p>Augst\u0101k\u0101s kvalit\u0101tes Ir\u0101nas basma. Dabiska matu kr\u0101so\u0161ana un efekt\u012bva stiprin\u0101\u0161ana. Kr\u0101sojiet un stipriniet matu vesel\u012bbu. Augu izcelsmes matu kr\u0101so\u0161anas l\u012bdzeklis. Izm\u0113\u0123iniet un nov\u0113rt\u0113jiet m\u016bsu klientu vid\u016b atz\u012btu un piepras\u012btu augst\u0101k\u0101s kvalit\u0101tes Ir\u0101nas basmu no Artcolor s\u0113rijas. Pateicoties r\u016bp\u012bgai izejvielu izv\u0113lei, Artcolor basma satur vair\u0101k augu izcelsmes kr\u0101svielu un matu vesel\u012bbai noder\u012bgu vielu, sal\u012bdzin\u0101jum\u0101 ar parasto basmu. Artcolor basma stimul\u0113 matu aug\u0161anu un pie\u0161\u0137ir dabisku sp\u012bdumu, uzlabo to strukt\u016bru un stiprina saknes, nov\u0113r\u0161 blaugznas.<br \/>\n&nbsp;<\/p>\n<p><strong>Lieto\u0161ana:<\/strong><br \/>\nNokr\u0101so matus ar Artcolor hennu, sekojot instrukcij\u0101m uz iepakojuma. Tad nemet\u0101lisk\u0101 trauk\u0101 ieber 25-50 g basmas un, pievienojot karstu \u016bdeni (90&deg;-100&deg;C), maisa l\u012bdz viendab\u012bgai bieza kr\u0113juma masai. P\u0113c 15-20 min. silto masu vienm\u0113r\u012bgi iezie\u017e izmazg\u0101tos un nosusin\u0101tos matos. Kad ir pag\u0101jis izv\u0113l\u0113tais kr\u0101so\u0161anas laiks, izskalo matus ar siltu \u016bdeni. Matu \u017e\u0101v\u0113\u0161an\u0101 f\u0113nu izmantot nav ieteicams. Ja nepiecie\u0161ams, izmanto nedaudz siltu f\u0113na gaisu.<br \/>\nIeteikumi: ziepes un \u0161amp\u016bnus matu mazg\u0101\u0161anai lieto ne agr\u0101k k\u0101 3 dienas p\u0113c kr\u0101so\u0161anas.<\/p>\n<table border=\"1\" cellpadding=\"1\" cellspacing=\"1\" style=\"width:500px\">\n<tbody>\n<tr>\n<td>Kr\u0101so\u0161anas ar hennu laiks<\/td>\n<td>40 min<\/td>\n<td>80-90 min<\/td>\n<td>100-120 min<\/td>\n<\/tr>\n<tr>\n<td>Kr\u0101so\u0161anas ar basmu laiks*<\/td>\n<td>15-20 min<\/td>\n<td>40-60 min<\/td>\n<td>80-90 min<\/td>\n<\/tr>\n<tr>\n<td>V\u0113lam\u0101 kr\u0101sa*<\/td>\n<td>gai\u0161a kasta\u0146kr\u0101sa<\/td>\n<td>tum\u0161a kasta\u0146kr\u0101sa<\/td>\n<td>melna<\/td>\n<\/tr>\n<\/tbody>\n<\/table>\n<p>* Ieg\u016bstamo kr\u0101su piemekl\u0113t individu\u0101li.<\/p>\n","protected":false},"excerpt":{"rendered":"<p>Augst\u0101k\u0101s kvalit\u0101tes Ir\u0101nas basma. Dabiska matu kr\u0101so\u0161ana un efekt\u012bva stiprin\u0101\u0161ana. Kr\u0101sojiet un stipriniet matu vesel\u012bbu. Augu izcelsmes matu kr\u0101so\u0161anas l\u012bdzeklis. Izm\u0113\u0123iniet un nov\u0113rt\u0113jiet m\u016bsu klientu vid\u016b atz\u012btu un piepras\u012btu augst\u0101k\u0101s kvalit\u0101tes Ir\u0101nas basmu no Artcolor s\u0113rijas. Pateicoties r\u016bp\u012bgai izejvielu izv\u0113lei, Artcolor basma satur vair\u0101k augu izcelsmes kr\u0101svielu un matu vesel\u012bbai noder\u012bgu vielu, sal\u012bdzin\u0101jum\u0101 ar parasto [&#8230;]\n","protected":false},"featured_media":78670,"template":"","meta":[],"product_cat":[1440],"product_tag":[],"class_list":{"0":"post-45293","1":"product","2":"type-product","3":"status-publish","4":"has-post-thumbnail","6":"product_brand-malina-akcija","7":"product_cat-matu-krasas-matu-krasas","9":"first","10":"outofstock","11":"taxable","12":"shipping-taxable","13":"product-type-simple"},"_links":{"self":[{"href":"https:\/\/e.kosmolat.eu\/lv\/wp-json\/wp\/v2\/product\/45293","targetHints":{"allow":["GET"]}}],"collection":[{"href":"https:\/\/e.kosmolat.eu\/lv\/wp-json\/wp\/v2\/product"}],"about":[{"href":"https:\/\/e.kosmolat.eu\/lv\/wp-json\/wp\/v2\/types\/product"}],"wp:featuredmedia":[{"embeddable":true,"href":"https:\/\/e.kosmolat.eu\/lv\/wp-json\/wp\/v2\/media\/78670"}],"wp:attachment":[{"href":"https:\/\/e.kosmolat.eu\/lv\/wp-json\/wp\/v2\/media?parent=45293"}],"wp:term":[{"taxonomy":"product_cat","embeddable":true,"href":"https:\/\/e.kosmolat.eu\/lv\/wp-json\/wp\/v2\/product_cat?post=45293"},{"taxonomy":"product_tag","embeddable":true,"href":"https:\/\/e.kosmolat.eu\/lv\/wp-json\/wp\/v2\/product_tag?post=45293"}],"curies":[{"name":"wp","href":"https:\/\/api.w.org\/{rel}","templated":true}]}}