{"id":45285,"date":"2024-02-20T05:02:42","date_gmt":"2024-02-20T05:02:42","guid":{"rendered":"https:\/\/e.kosmolat.eu\/product\/i_sila-white-sk-mazg-lidz-baltiem-aud-1-kg\/"},"modified":"2026-03-31T08:24:05","modified_gmt":"2026-03-31T08:24:05","slug":"sila-white-sk-mazg-lidz-baltiem-aud-1-l","status":"publish","type":"product","link":"https:\/\/e.kosmolat.eu\/lv\/product\/sila-white-sk-mazg-lidz-baltiem-aud-1-l\/","title":{"rendered":"SILA White \u0160\u0137. mazg. l\u012bdz.baltiem aud., 1 l"},"content":{"rendered":"<p>No\u0146em gr\u016bti att\u012br\u0101mus traipus. Pie&scaron;\u0137ir svaigumu, balt\u0101s lilijas un ilang-ilang arom\u0101tu. Saudz\u012bgs pret audumiem. Atgrie\u017e ve\u013cai sniegbaltumu. Piln\u012bb\u0101 iz&scaron;\u0137\u012bst un viegli izskalojas pat aukst\u0101 \u016bden\u012b. Nelietot z\u012bda un vilnas audumiem.&nbsp;<\/p>\n<p><strong>Lieto&scaron;ana:<\/strong><br \/>\nMazg\u0101jot autom\u0101tisk\u0101 ve\u013cas ma&scaron;\u012bn\u0101, ielejiet l\u012bdzekli ve\u013cas mazg\u0101jam\u0101s ma&scaron;\u012bnas galven\u0101 mazg\u0101&scaron;anas l\u012bdzek\u013ca nodal\u012bjum\u0101 vai tie&scaron;i ve\u013cas ma&scaron;\u012bnas cilindr\u0101. Iev\u0113rojiet mazg\u0101&scaron;anas re\u017e\u012bmus, kas nor\u0101d\u012bti uz izstr\u0101d\u0101jumu eti\u0137et\u0113m. Lai no\u0146emtu gr\u016bti att\u012br\u0101mus traipus, uzkl\u0101jiet l\u012bdzekli tie&scaron;i uz traipa, atst\u0101jiet uz da\u017e\u0101m min\u016bt\u0113m, paberz\u0113jiet un mazg\u0101jiet ve\u013cas ma&scaron;\u012bn\u0101.<\/p>\n<p>M\u012bksta un vid\u0113jas ciet\u012bbas \u016bdens gad\u012bjum\u0101: 4-5 kg viegli net\u012bras ve\u013cas pievienot 60 ml, 6-8 kg &#8211; 95 ml, 4-5 kg vid\u0113ji net\u012bras ve\u013cas pievienot 75 ml, 6-8 kg &#8211; 115 ml, 4-5 kg stipri net\u012bras ve\u013cas pievienot 100 ml, 6-8 kg &#8211; 155 ml.<br \/>\nCieta \u016bdens gad\u012bjum\u0101: 4-5 kg viegli net\u012bras ve\u013cas pievienot 75 ml, 6-8 kg &#8211; 115 ml, 4-5 kg vid\u0113ji net\u012bras ve\u013cas pievienot 100 ml, 6-8 kg &#8211; 155 ml, 4-5 kg stipri net\u012bras ve\u013cas pievienot 120 ml, 6-8 kg &#8211; 190 ml.<br \/>\nMazg\u0101jot aktiv\u0101tora tipa ve\u013cas ma&scaron;\u012bn\u0101: 110 ml l\u012bdzek\u013ca, mazg\u0101jot ar rok\u0101m &ndash; 50 ml l\u012bdzek\u013ca uz 10 l \u016bdens.<\/p>\n<p><strong>Uzglab\u0101&scaron;ana:<\/strong> temperat\u016br\u0101 no +5 &deg;C l\u012bdz +25 &deg;C, sarg\u0101jot no tie&scaron;iem saules stariem.<\/p>\n<p><strong>Der\u012bguma termi\u0146&scaron;:<\/strong> 36 m\u0113ne&scaron;i.<\/p>\n<p><strong>Sast\u0101v\u0101: <\/strong>5 % un vair\u0101k, bet maz\u0101k nek\u0101 15 % anjonu virsmakt\u012bvaj\u0101s viel\u0101s, &nbsp;maz\u0101k par 5 % nejonu virsmakt\u012bvaj\u0101s viel\u0101s, maz\u0101k par 5 % ziep\u0435s. Fermenti. Optiskais balin\u0101t\u0101js. Smar\u017eas un arom\u0101tisk\u0101s kompoz\u012bcijas\/ Hexyl Cinnamal, Butylphenyl Methylpropional, Linalool. Konservants.<\/p>\n<p>&nbsp;<\/p>\n<p><strong><img decoding=\"async\" alt=\"\" src=\"https:\/\/www.reach-compliance.ch\/images\/exclam1cols3.jpg\" style=\"height:40px; width:40px\" \/>GHS07 Uzman\u012bbu<\/strong><br \/>\nH319 Izraisa nopietnu acu kairin\u0101jumu.<br \/>\nDro&scaron;\u012bbas pras\u012bbu apz\u012bm\u0113jumi:<br \/>\nP102 Sarg\u0101t no b\u0113rniem.<br \/>\nP264 P\u0113c izmanto&scaron;anas rokas k\u0101rt\u012bgi nomazg\u0101t.<br \/>\nP280 Izmantot aizsargcimdus\/ acu aizsargus.<br \/>\nP305+P351+P338 Saskar\u0113 ar ac\u012bm: Uzman\u012bgi izskalot ar \u016bdeni vair\u0101kas min\u016btes. Iz\u0146emt kontaktl\u0113cas, ja t\u0101s ir ievietotas un ja to var vienk\u0101r&scaron;i izdar\u012bt. Turpin\u0101t skalot.<br \/>\nP337+P313 Ja acu iekaisums nep\u0101riet: l\u016bdziet medi\u0137u pal\u012bdz\u012bbu<br \/>\n&nbsp;<\/p>\n<p>&nbsp;<\/p>\n<p>&nbsp;<\/p>\n<p>\n&nbsp;<\/p>\n","protected":false},"excerpt":{"rendered":"<p>No\u0146em gr\u016bti att\u012br\u0101mus traipus. Pie&scaron;\u0137ir svaigumu, balt\u0101s lilijas un ilang-ilang arom\u0101tu. Saudz\u012bgs pret audumiem. Atgrie\u017e ve\u013cai sniegbaltumu. Piln\u012bb\u0101 iz&scaron;\u0137\u012bst un viegli izskalojas pat aukst\u0101 \u016bden\u012b. Nelietot z\u012bda un vilnas audumiem.&nbsp; Lieto&scaron;ana: Mazg\u0101jot autom\u0101tisk\u0101 ve\u013cas ma&scaron;\u012bn\u0101, ielejiet l\u012bdzekli ve\u013cas mazg\u0101jam\u0101s ma&scaron;\u012bnas galven\u0101 mazg\u0101&scaron;anas l\u012bdzek\u013ca nodal\u012bjum\u0101 vai tie&scaron;i ve\u013cas ma&scaron;\u012bnas cilindr\u0101. Iev\u0113rojiet mazg\u0101&scaron;anas re\u017e\u012bmus, kas nor\u0101d\u012bti uz [&#8230;]\n","protected":false},"featured_media":100016,"template":"","meta":[],"product_cat":[1999],"product_tag":[],"class_list":{"0":"post-45285","1":"product","2":"type-product","3":"status-publish","4":"has-post-thumbnail","6":"product_brand-slobozanskij-milovar_ua","7":"product_cat-bez-kategorijas","9":"first","10":"instock","11":"taxable","12":"shipping-taxable","13":"product-type-simple"},"_links":{"self":[{"href":"https:\/\/e.kosmolat.eu\/lv\/wp-json\/wp\/v2\/product\/45285","targetHints":{"allow":["GET"]}}],"collection":[{"href":"https:\/\/e.kosmolat.eu\/lv\/wp-json\/wp\/v2\/product"}],"about":[{"href":"https:\/\/e.kosmolat.eu\/lv\/wp-json\/wp\/v2\/types\/product"}],"wp:featuredmedia":[{"embeddable":true,"href":"https:\/\/e.kosmolat.eu\/lv\/wp-json\/wp\/v2\/media\/100016"}],"wp:attachment":[{"href":"https:\/\/e.kosmolat.eu\/lv\/wp-json\/wp\/v2\/media?parent=45285"}],"wp:term":[{"taxonomy":"product_cat","embeddable":true,"href":"https:\/\/e.kosmolat.eu\/lv\/wp-json\/wp\/v2\/product_cat?post=45285"},{"taxonomy":"product_tag","embeddable":true,"href":"https:\/\/e.kosmolat.eu\/lv\/wp-json\/wp\/v2\/product_tag?post=45285"}],"curies":[{"name":"wp","href":"https:\/\/api.w.org\/{rel}","templated":true}]}}