{"id":45277,"date":"2024-02-20T05:02:22","date_gmt":"2024-02-20T05:02:22","guid":{"rendered":"https:\/\/e.kosmolat.eu\/product\/spkrug-darvas-kremv-samp-ar-zivju-ricinellu-tejas-k-ellu-panten-un-cinku-300-ml\/"},"modified":"2026-04-20T10:26:34","modified_gmt":"2026-04-20T10:26:34","slug":"spkrug-darvas-kremv-samp-ar-zivju-ricinellu-tejas-k-ellu-panten-un-cinku-300-ml","status":"publish","type":"product","link":"https:\/\/e.kosmolat.eu\/lv\/product\/spkrug-darvas-kremv-samp-ar-zivju-ricinellu-tejas-k-ellu-panten-un-cinku-300-ml\/","title":{"rendered":"SpKrug Darvas kr\u0113mv. \u0161amp. ar zivju, r\u012bcine\u013c\u013cu, t\u0113jas k. e\u013clu, panten. un cinku, 300 ml"},"content":{"rendered":"<p>&Scaron;amp\u016bns uz dab\u012bgo sast\u0101vda\u013cu b\u0101zes pal\u012bdz uzlabot galvas \u0101das un matu folikulu st\u0101vokli. Regul\u0101ri lietojot, samazina p\u0101rm\u0113r\u012bgu sebuma veido&scaron;anos, mazina kairin\u0101jumu un niezi. Augu komponenti &scaron;amp\u016bna sast\u0101v\u0101 pal\u012bdz atbr\u012bvoties no blaugzn\u0101m.<\/p>\n<p><strong>Lieto&scaron;ana: <\/strong>uzkl\u0101t uz mitriem matiem, k\u0101rt\u012bgi saputot, izskalot. P\u0113c atk\u0101rtotas uzkl\u0101&scaron;anas atst\u0101jt da\u017eas min\u016btes, p\u0113c tam noskalot. Lietot 1-2 reizes ned\u0113\u013c\u0101, ja nepiecie&scaron;ams, bie\u017e\u0101k.&nbsp;Kosm\u0113tikas produkts.<\/p>\n<p>Uzglab\u0101t temperat\u016br\u0101 no +2 &deg;C l\u012bdz +25 &deg;C.<br \/>\n&nbsp;<\/p>\n","protected":false},"excerpt":{"rendered":"<p>&Scaron;amp\u016bns uz dab\u012bgo sast\u0101vda\u013cu b\u0101zes pal\u012bdz uzlabot galvas \u0101das un matu folikulu st\u0101vokli. Regul\u0101ri lietojot, samazina p\u0101rm\u0113r\u012bgu sebuma veido&scaron;anos, mazina kairin\u0101jumu un niezi. Augu komponenti &scaron;amp\u016bna sast\u0101v\u0101 pal\u012bdz atbr\u012bvoties no blaugzn\u0101m. Lieto&scaron;ana: uzkl\u0101t uz mitriem matiem, k\u0101rt\u012bgi saputot, izskalot. P\u0113c atk\u0101rtotas uzkl\u0101&scaron;anas atst\u0101jt da\u017eas min\u016btes, p\u0113c tam noskalot. Lietot 1-2 reizes ned\u0113\u013c\u0101, ja nepiecie&scaron;ams, bie\u017e\u0101k.&nbsp;Kosm\u0113tikas [&#8230;]\n","protected":false},"featured_media":89478,"template":"","meta":[],"product_cat":[1248],"product_tag":[],"class_list":{"0":"post-45277","1":"product","2":"type-product","3":"status-publish","4":"has-post-thumbnail","6":"product_brand-elpis","7":"product_cat-sampuni","9":"first","10":"instock","11":"taxable","12":"shipping-taxable","13":"product-type-simple"},"_links":{"self":[{"href":"https:\/\/e.kosmolat.eu\/lv\/wp-json\/wp\/v2\/product\/45277","targetHints":{"allow":["GET"]}}],"collection":[{"href":"https:\/\/e.kosmolat.eu\/lv\/wp-json\/wp\/v2\/product"}],"about":[{"href":"https:\/\/e.kosmolat.eu\/lv\/wp-json\/wp\/v2\/types\/product"}],"wp:featuredmedia":[{"embeddable":true,"href":"https:\/\/e.kosmolat.eu\/lv\/wp-json\/wp\/v2\/media\/89478"}],"wp:attachment":[{"href":"https:\/\/e.kosmolat.eu\/lv\/wp-json\/wp\/v2\/media?parent=45277"}],"wp:term":[{"taxonomy":"product_cat","embeddable":true,"href":"https:\/\/e.kosmolat.eu\/lv\/wp-json\/wp\/v2\/product_cat?post=45277"},{"taxonomy":"product_tag","embeddable":true,"href":"https:\/\/e.kosmolat.eu\/lv\/wp-json\/wp\/v2\/product_tag?post=45277"}],"curies":[{"name":"wp","href":"https:\/\/api.w.org\/{rel}","templated":true}]}}