{"id":45262,"date":"2024-02-17T05:02:56","date_gmt":"2024-02-17T05:02:56","guid":{"rendered":"https:\/\/e.kosmolat.eu\/product\/i_dr-s-arganoil-60-atjaunojosais-krems-liftings-pret-grumbam-50-ml\/"},"modified":"2026-04-09T09:40:52","modified_gmt":"2026-04-09T09:40:52","slug":"dr-s-arganoil-60-atjaunojosais-krems-liftings-pret-grumbam-50-ml","status":"publish","type":"product","link":"https:\/\/e.kosmolat.eu\/lv\/product\/dr-s-arganoil-60-atjaunojosais-krems-liftings-pret-grumbam-50-ml\/","title":{"rendered":"&#8220;Dr.S ArganOil&#8221; 60+ Atjaunojo\u0161ais kr\u0113ms-liftings pret grumb\u0101m, 50 ml"},"content":{"rendered":"<p>Pies\u0101tin\u0101tais kr\u0113ms-liftings speci\u0101li izstr\u0101d\u0101ts \u0146emot v\u0113r\u0101 nobriedu&scaron;as \u0101das fiziolo\u0123iju p\u0113c 60 gadu vecuma. Satur speci\u0101li izmekl\u0113tus komponentus, kuri stiprina un mitrina \u0101du. Normaliz\u0113 metabolismu \u0101das audos. To ietekm\u0113 \u0101da b\u016btiski izl\u012bdzin\u0101s, k\u013c\u016bst tvirt\u0101ka, elast\u012bg\u0101ka, samtain\u0101ka, uzlabojas sejas kr\u0101sa.  <\/p>\n<p><strong>Arganas e\u013c\u013ca<\/strong> ir bag\u0101ta ar tokoferoliem un nepies\u0101tin\u0101taj\u0101m tauksk\u0101b\u0113m, kas nodro&scaron;ina kompleksu kop&scaron;anu: baro, mitrina, atjauno, aizsarg\u0101 \u0101du, mazina grumbu dzi\u013cumu. Piedal\u0101s \u0101das elast\u012bna un kolag\u0113na sint\u0113z\u0113.<\/p>\n<p><strong>A, E, C vitam\u012bni <\/strong>pastiprina e\u013c\u013cas efektivit\u0101ti. A vitam\u012bns piedal\u0101s melan\u012bna veido&scaron;an\u0101, padara maz\u0101k redzamus pigmenta plankumus un aizkav\u0113 jaunu veido&scaron;anos.&nbsp;<\/p>\n<p><strong>Kolag\u0113ns<\/strong> stiprina un izl\u012bdzina \u0101du, mazina grumbas.<\/p>\n<p><strong>Pept\u012bdi<\/strong>, l\u012bdz\u012bgi \u010d\u016bskas indei, izl\u012bdzina \u0101du un mazina grumbas, uzlabo \u0101das elast\u012bbu un tvirtumu. Sevi&scaron;\u0137i efekt\u012bvi pret m\u012bmikas grumb\u0101m.&nbsp;<\/p>\n<p><strong>Lieto&scaron;ana:<\/strong>&nbsp;ar viegl\u0101m mas\u0113jo&scaron;\u0101m kust\u012bb\u0101m uzkl\u0101t uz t\u012bras \u0101das ap ac\u012bm. Lietot tikai no r\u012bta un vakar\u0101.&nbsp;<\/p>\n","protected":false},"excerpt":{"rendered":"<p>Pies\u0101tin\u0101tais kr\u0113ms-liftings speci\u0101li izstr\u0101d\u0101ts \u0146emot v\u0113r\u0101 nobriedu&scaron;as \u0101das fiziolo\u0123iju p\u0113c 60 gadu vecuma. Satur speci\u0101li izmekl\u0113tus komponentus, kuri stiprina un mitrina \u0101du. Normaliz\u0113 metabolismu \u0101das audos. To ietekm\u0113 \u0101da b\u016btiski izl\u012bdzin\u0101s, k\u013c\u016bst tvirt\u0101ka, elast\u012bg\u0101ka, samtain\u0101ka, uzlabojas sejas kr\u0101sa. Arganas e\u013c\u013ca ir bag\u0101ta ar tokoferoliem un nepies\u0101tin\u0101taj\u0101m tauksk\u0101b\u0113m, kas nodro&scaron;ina kompleksu kop&scaron;anu: baro, mitrina, atjauno, aizsarg\u0101 [&#8230;]\n","protected":false},"featured_media":96578,"template":"","meta":[],"product_cat":[1320],"product_tag":[],"class_list":{"0":"post-45262","1":"product","2":"type-product","3":"status-publish","4":"has-post-thumbnail","6":"product_brand-elfa_ua","7":"product_cat-sejas-kremi","9":"first","10":"outofstock","11":"taxable","12":"shipping-taxable","13":"product-type-simple"},"_links":{"self":[{"href":"https:\/\/e.kosmolat.eu\/lv\/wp-json\/wp\/v2\/product\/45262","targetHints":{"allow":["GET"]}}],"collection":[{"href":"https:\/\/e.kosmolat.eu\/lv\/wp-json\/wp\/v2\/product"}],"about":[{"href":"https:\/\/e.kosmolat.eu\/lv\/wp-json\/wp\/v2\/types\/product"}],"wp:featuredmedia":[{"embeddable":true,"href":"https:\/\/e.kosmolat.eu\/lv\/wp-json\/wp\/v2\/media\/96578"}],"wp:attachment":[{"href":"https:\/\/e.kosmolat.eu\/lv\/wp-json\/wp\/v2\/media?parent=45262"}],"wp:term":[{"taxonomy":"product_cat","embeddable":true,"href":"https:\/\/e.kosmolat.eu\/lv\/wp-json\/wp\/v2\/product_cat?post=45262"},{"taxonomy":"product_tag","embeddable":true,"href":"https:\/\/e.kosmolat.eu\/lv\/wp-json\/wp\/v2\/product_tag?post=45262"}],"curies":[{"name":"wp","href":"https:\/\/api.w.org\/{rel}","templated":true}]}}