{"id":45258,"date":"2024-02-17T05:02:30","date_gmt":"2024-02-17T05:02:30","guid":{"rendered":"https:\/\/e.kosmolat.eu\/product\/fj-cukura-skrubis-kermenim-marakuja-makadamija-225-ml\/"},"modified":"2026-04-22T09:57:50","modified_gmt":"2026-04-22T09:57:50","slug":"fj-cukura-skrubis-kermenim-marakuja-makadamija-225-ml","status":"publish","type":"product","link":"https:\/\/e.kosmolat.eu\/lv\/product\/fj-cukura-skrubis-kermenim-marakuja-makadamija-225-ml\/","title":{"rendered":"&#8220;FJ&#8221; Cukura skrubis \u0137ermenim &#8220;Marakuja &#038; Makad\u0101mija&#8221;, 225 ml"},"content":{"rendered":"<p>Cukura skrubis att\u012bra un veicina \u0101das atjauno\u0161anos, pie\u0161\u0137ir gludumu un tvirtumu. Sast\u0101vs bag\u0101tin\u0101ts ar marakujas ekstraktu. Makad\u0101mijas e\u013c\u013ca un \u0161\u012b sviests mitrina un m\u012bkstina \u0101du. <\/p>\n<h4>Lieto\u0161ana: <\/h4>\n<p>izsm\u0113r\u0113t pa \u0137ermeni, pamas\u0113t, nomazg\u0101t ar \u016bdeni. Lietot 1-2 reizes ned\u0113\u013c\u0101.\u00a0<\/p>\n","protected":false},"excerpt":{"rendered":"<p>Cukura skrubis att\u012bra un veicina \u0101das atjauno\u0161anos, pie\u0161\u0137ir gludumu un tvirtumu. Sast\u0101vs bag\u0101tin\u0101ts ar marakujas ekstraktu. Makad\u0101mijas e\u013c\u013ca un \u0161\u012b sviests mitrina un m\u012bkstina \u0101du. Lieto\u0161ana: izsm\u0113r\u0113t pa \u0137ermeni, pamas\u0113t, nomazg\u0101t ar \u016bdeni. Lietot 1-2 reizes ned\u0113\u013c\u0101.\u00a0<\/p>\n","protected":false},"featured_media":80830,"template":"","meta":[],"product_cat":[2181],"product_tag":[],"class_list":{"0":"post-45258","1":"product","2":"type-product","3":"status-publish","4":"has-post-thumbnail","6":"product_brand-elfa_ua","7":"product_cat-bez-kategorijas-lt","9":"first","10":"instock","11":"taxable","12":"shipping-taxable","13":"product-type-simple"},"_links":{"self":[{"href":"https:\/\/e.kosmolat.eu\/lv\/wp-json\/wp\/v2\/product\/45258","targetHints":{"allow":["GET"]}}],"collection":[{"href":"https:\/\/e.kosmolat.eu\/lv\/wp-json\/wp\/v2\/product"}],"about":[{"href":"https:\/\/e.kosmolat.eu\/lv\/wp-json\/wp\/v2\/types\/product"}],"wp:featuredmedia":[{"embeddable":true,"href":"https:\/\/e.kosmolat.eu\/lv\/wp-json\/wp\/v2\/media\/80830"}],"wp:attachment":[{"href":"https:\/\/e.kosmolat.eu\/lv\/wp-json\/wp\/v2\/media?parent=45258"}],"wp:term":[{"taxonomy":"product_cat","embeddable":true,"href":"https:\/\/e.kosmolat.eu\/lv\/wp-json\/wp\/v2\/product_cat?post=45258"},{"taxonomy":"product_tag","embeddable":true,"href":"https:\/\/e.kosmolat.eu\/lv\/wp-json\/wp\/v2\/product_tag?post=45258"}],"curies":[{"name":"wp","href":"https:\/\/api.w.org\/{rel}","templated":true}]}}