{"id":45240,"date":"2024-02-16T11:50:42","date_gmt":"2024-02-16T11:50:42","guid":{"rendered":"https:\/\/e.kosmolat.eu\/?post_type=product&#038;p=45240"},"modified":"2025-09-20T03:33:47","modified_gmt":"2025-09-20T03:33:47","slug":"7days-b-colour-acu-enu-palete-9-toni-01-luxury-life-9x1-g","status":"publish","type":"product","link":"https:\/\/e.kosmolat.eu\/lv\/product\/7days-b-colour-acu-enu-palete-9-toni-01-luxury-life-9x1-g\/","title":{"rendered":"7Days B.Colour Acu \u0113nu palete 9 to\u0146i\/ 01 Luxury Life, 9&#215;1 g"},"content":{"rendered":"<p>Veidojiet univers\u0101lu ikdienas vai vakara makij\u0101\u017eu, izmantojot da\u017e\u0101das nokr\u0101sas, s\u0101kot no maiga kr\u0113m\u012bga to\u0146a un beidzot ar zelta saulrieta toni. Padariet pasauli spilgt\u0101ku ar savu unik\u0101lo skaistumu. Sajauciet da\u017e\u0101das kr\u0101sas un tekst\u016bras &#8211; mat\u0113tas un kr\u0113m\u012bgas.<\/p>\n<p><strong>Lieto&scaron;ana: <\/strong>uzkl\u0101jiet \u0113nas ar otu vai pirkstu gali\u0146iem. Pirms \u0113nu uzkl\u0101&scaron;anas izmantojiet praimeri. No\u0146emiet makij\u0101\u017eu ar kosm\u0113tikas no\u0146em&scaron;anas l\u012bdzekli.<\/p>\n<p><strong>Piesardz\u012bbas pas\u0101kumi:<\/strong> tikai \u0101r\u012bgai lieto&scaron;anai. Izvair\u012bties no iek\u013c\u016b&scaron;anas ac\u012bs. Ja nok\u013c\u016bst ac\u012bs, izskalot ar lielu daudzumu \u016bdens un v\u0113rsties pie \u0101rsta. Nelietot paaugstin\u0101tas jut\u012bbas gad\u012bjum\u0101 pret atsevi&scaron;\u0137\u0101m sast\u0101vda\u013c\u0101m. Sarg\u0101t no b\u0113rniem.<\/p>\n<p>Uzglab\u0101t temperat\u016br\u0101 no +5 &deg;\u0421 l\u012bdz +25 &deg;\u0421.<\/p>\n","protected":false},"excerpt":{"rendered":"<p>Veidojiet univers\u0101lu ikdienas vai vakara makij\u0101\u017eu, izmantojot da\u017e\u0101das nokr\u0101sas, s\u0101kot no maiga kr\u0113m\u012bga to\u0146a un beidzot ar zelta saulrieta toni. Padariet pasauli spilgt\u0101ku ar savu unik\u0101lo skaistumu. Sajauciet da\u017e\u0101das kr\u0101sas un tekst\u016bras &#8211; mat\u0113tas un kr\u0113m\u012bgas. Lieto&scaron;ana: uzkl\u0101jiet \u0113nas ar otu vai pirkstu gali\u0146iem. Pirms \u0113nu uzkl\u0101&scaron;anas izmantojiet praimeri. No\u0146emiet makij\u0101\u017eu ar kosm\u0113tikas no\u0146em&scaron;anas l\u012bdzekli. [&#8230;]\n","protected":false},"featured_media":91026,"template":"","meta":[],"product_cat":[1999],"product_tag":[],"class_list":{"0":"post-45240","1":"product","2":"type-product","3":"status-publish","4":"has-post-thumbnail","6":"product_brand-7days_it","7":"product_cat-bez-kategorijas","9":"first","10":"outofstock","11":"taxable","12":"shipping-taxable","13":"product-type-simple"},"_links":{"self":[{"href":"https:\/\/e.kosmolat.eu\/lv\/wp-json\/wp\/v2\/product\/45240","targetHints":{"allow":["GET"]}}],"collection":[{"href":"https:\/\/e.kosmolat.eu\/lv\/wp-json\/wp\/v2\/product"}],"about":[{"href":"https:\/\/e.kosmolat.eu\/lv\/wp-json\/wp\/v2\/types\/product"}],"wp:featuredmedia":[{"embeddable":true,"href":"https:\/\/e.kosmolat.eu\/lv\/wp-json\/wp\/v2\/media\/91026"}],"wp:attachment":[{"href":"https:\/\/e.kosmolat.eu\/lv\/wp-json\/wp\/v2\/media?parent=45240"}],"wp:term":[{"taxonomy":"product_cat","embeddable":true,"href":"https:\/\/e.kosmolat.eu\/lv\/wp-json\/wp\/v2\/product_cat?post=45240"},{"taxonomy":"product_tag","embeddable":true,"href":"https:\/\/e.kosmolat.eu\/lv\/wp-json\/wp\/v2\/product_tag?post=45240"}],"curies":[{"name":"wp","href":"https:\/\/api.w.org\/{rel}","templated":true}]}}