{"id":45216,"date":"2024-02-16T05:10:08","date_gmt":"2024-02-16T05:10:08","guid":{"rendered":"https:\/\/e.kosmolat.eu\/product\/shelley-parfimets-dezodorants-sprejs-kermenim-memories-75-ml\/"},"modified":"2026-04-01T07:05:46","modified_gmt":"2026-04-01T07:05:46","slug":"i_shelley-memories-parfimets-kermena-sprejs-75-ml","status":"publish","type":"product","link":"https:\/\/e.kosmolat.eu\/lv\/product\/i_shelley-memories-parfimets-kermena-sprejs-75-ml\/","title":{"rendered":"I_Shelley Memories Parfim\u0113ts \u0137erme\u0146a sprejs, 75 ml"},"content":{"rendered":"<p><strong>Lieto&scaron;ana:<\/strong> tur\u0113t att\u0101lum\u0101 15 cm no \u0137erme\u0146a. Lietot labi v\u0113din\u0101m\u0101s telp\u0101s. Neizsmidzin\u0101t ac\u012bs vai uz boj\u0101tas\/ kairin\u0101tas \u0101das. Nav piem\u0113rots lieto&scaron;anai int\u012bm\u0101s \u0137erme\u0146a zon\u0101s.<\/p>\n<p>&nbsp;<\/p>\n<p><strong><img decoding=\"async\" alt=\"\" src=\"file:\/\/\/C:\/Users\/masha\/Desktop\/GHS%2002.jpg\" style=\"height:40px; width:40px\" \/>GHS02 B\u012bstami<\/strong><br \/>\n<strong>H222 <\/strong>\u012apa&scaron;i viegli uzliesmojo&scaron;s aerosols.<br \/>\n<strong>H229<\/strong> Tvertne zem spiediena: karstum\u0101 var eksplod\u0113t.<br \/>\nDro&scaron;\u012bbas pras\u012bbu apz\u012bm\u0113jumi:<br \/>\nP102 Sarg\u0101t no b\u0113rniem.<br \/>\nP210 Sarg\u0101t no karstuma, karst\u0101m virsm\u0101m, dzirkstel\u0113m, atkl\u0101tas uguns un citiem aizdeg&scaron;an\u0101s avotiem. Nesm\u0113\u0137\u0113t.<br \/>\nP211 Neizsmidzin\u0101t uz atkl\u0101tas uguns vai citiem aizdeg&scaron;an\u0101s avotiem.<br \/>\nP251 Nedurt vai nededzin\u0101t, ar\u012b p\u0113c izlieto&scaron;anas.<br \/>\nP410+P412 Aizsarg\u0101t no saules gaismas. Nepak\u013caut temperat\u016brai, kas p\u0101rsniedz 50 &deg;C \/ 122 &deg;F.<\/p>\n","protected":false},"excerpt":{"rendered":"<p>Lieto&scaron;ana: tur\u0113t att\u0101lum\u0101 15 cm no \u0137erme\u0146a. Lietot labi v\u0113din\u0101m\u0101s telp\u0101s. Neizsmidzin\u0101t ac\u012bs vai uz boj\u0101tas\/ kairin\u0101tas \u0101das. Nav piem\u0113rots lieto&scaron;anai int\u012bm\u0101s \u0137erme\u0146a zon\u0101s. &nbsp; GHS02 B\u012bstami H222 \u012apa&scaron;i viegli uzliesmojo&scaron;s aerosols. H229 Tvertne zem spiediena: karstum\u0101 var eksplod\u0113t. Dro&scaron;\u012bbas pras\u012bbu apz\u012bm\u0113jumi: P102 Sarg\u0101t no b\u0113rniem. P210 Sarg\u0101t no karstuma, karst\u0101m virsm\u0101m, dzirkstel\u0113m, atkl\u0101tas uguns [&#8230;]\n","protected":false},"featured_media":78023,"template":"","meta":[],"product_cat":[1376],"product_tag":[],"class_list":{"0":"post-45216","1":"product","2":"type-product","3":"status-publish","4":"has-post-thumbnail","6":"product_brand-statestrong_gb","7":"product_cat-kermena-spreji","9":"first","10":"outofstock","11":"taxable","12":"shipping-taxable","13":"product-type-simple"},"_links":{"self":[{"href":"https:\/\/e.kosmolat.eu\/lv\/wp-json\/wp\/v2\/product\/45216","targetHints":{"allow":["GET"]}}],"collection":[{"href":"https:\/\/e.kosmolat.eu\/lv\/wp-json\/wp\/v2\/product"}],"about":[{"href":"https:\/\/e.kosmolat.eu\/lv\/wp-json\/wp\/v2\/types\/product"}],"wp:featuredmedia":[{"embeddable":true,"href":"https:\/\/e.kosmolat.eu\/lv\/wp-json\/wp\/v2\/media\/78023"}],"wp:attachment":[{"href":"https:\/\/e.kosmolat.eu\/lv\/wp-json\/wp\/v2\/media?parent=45216"}],"wp:term":[{"taxonomy":"product_cat","embeddable":true,"href":"https:\/\/e.kosmolat.eu\/lv\/wp-json\/wp\/v2\/product_cat?post=45216"},{"taxonomy":"product_tag","embeddable":true,"href":"https:\/\/e.kosmolat.eu\/lv\/wp-json\/wp\/v2\/product_tag?post=45216"}],"curies":[{"name":"wp","href":"https:\/\/api.w.org\/{rel}","templated":true}]}}