{"id":45184,"date":"2024-02-16T05:08:53","date_gmt":"2024-02-16T05:08:53","guid":{"rendered":"https:\/\/e.kosmolat.eu\/product\/tira-maja-baltas-skidras-saimniecibas-ziepes\/"},"modified":"2025-09-19T19:05:44","modified_gmt":"2025-09-19T19:05:44","slug":"i_tira-maja-baltas-skidras-saimniecibas-ziepes","status":"publish","type":"product","link":"https:\/\/e.kosmolat.eu\/lv\/product\/i_tira-maja-baltas-skidras-saimniecibas-ziepes\/","title":{"rendered":"I_&#8221;T\u012bra m\u0101ja&#8221; Balt\u0101s \u0161\u0137idr\u0101s saimniec\u012bbas ziepes"},"content":{"rendered":"<p>&Scaron;\u0137idrs mazg\u0101&scaron;anas l\u012bdzeklis, p\u0113c \u012bpa&scaron;\u012bb\u0101m l\u012bdz\u012bgs ciet\u0101m saimniec\u012bbas ziep\u0113m. Efekt\u012bvs: mazg\u0101&scaron;anai ar rok\u0101m, ve\u013cas ma&scaron;\u012bn\u0101s, kompleksai m\u0101jas t\u012br\u012b&scaron;anai. Piem\u0113rots b\u0113rnu ve\u013cas mazg\u0101&scaron;anai 0+, iedarbojas temperat\u016br\u0101 no 20&deg;C l\u012bdz 95&deg;C. L\u012bdzeklis nesatur hloru un fosf\u0101tus, t\u0101p\u0113c tas ir dro&scaron;s &scaron;\u0137iedr\u0101m, to var lietot visiem auduma tipiem, bet 5 enz\u012bmu kompleksa akt\u012bva sast\u0101vda\u013ca iek\u013c\u016bst &scaron;\u0137iedr\u0101s un intens\u012bvi likvid\u0113 jebkuras notur\u012bgus traipus.&nbsp;<\/p>\n<p><strong>Lieto&scaron;ana:&nbsp;<\/strong><\/p>\n<ul>\n<li>Mazg\u0101jot ar rok\u0101m, mazg\u0101jot m\u012bkst\u0101 \u016bden\u012b &#8211; 50 ml (2 v\u0101ci\u0146i), ciet\u0101 \u016bden\u012b &#8211; 75 ml, iz&scaron;\u0137\u012bdin\u0101t 5-6 l&nbsp;\u016bdens, iegremd\u0113t ve\u013cu&nbsp;&scaron;\u0137\u012bdum\u0101 un atst\u0101t uz 15-20 min\u016bt\u0113m, mazg\u0101t ve\u013cu.<\/li>\n<li>Mazg\u0101jot ve\u013cas ma&scaron;\u012bn\u0101 &#8211; 50 ml, stipri net\u012brai ve\u013cai, k\u0101 ar\u012b mazg\u0101jot ve\u013cu ciet\u0101 \u016bden\u012b &#8211; 75 ml uz 1 mazg\u0101&scaron;anas ciklu.&nbsp;<\/li>\n<li>M\u0101jas t\u012br\u012b&scaron;anai uz 5 l silt\u0101 \u016bdens &#8211; 25 ml l\u012bdzek\u013ca. 1000 ml = 13-20 mazg\u0101&scaron;anas cikliem ve\u013cas ma&scaron;\u012bn\u0101.<\/li>\n<li>Traipu likvid\u0113&scaron;anai uzkl\u0101jiet l\u012bdzekli tie&scaron;i uz net\u012bruma vietu uz 15-20 min\u016bt\u0113m, pirms pamata ve\u013cas mazg\u0101&scaron;anas.&nbsp;<\/li>\n<\/ul>\n<p><strong>Der\u012bguma termi\u0146&scaron;:<\/strong> 24 m\u0113ne&scaron;i no izgatavo&scaron;anas datuma.<\/p>\n<p><strong>Uzglab\u0101&scaron;anas noteikumi:<\/strong> uzglab\u0101t saus\u0101s telp\u0101s temperat\u016br\u0101 no +5&deg;C l\u012bdz +30&deg;C. Nepak\u013caut tie&scaron;ai saules staru iedarb\u012bbai. Piesardz\u012bbas pas\u0101kumi: uzglab\u0101t b\u0113rniem un m\u0101jdz\u012bvniekiem nepieejam\u0101 viet\u0101, l\u012bdzeklis nav piem\u0113rots d\u0101rze\u0146u un citu produktu mazg\u0101&scaron;anai, ja iek\u013c\u016bst ac\u012bs &ndash; nomazg\u0101t ar \u016bdeni.&nbsp;<\/p>\n<p><strong>Sast\u0101v\u0101:<\/strong> maz\u0101k 5% anjonu virsmakt\u012bvo vielu, &nbsp;maz\u0101k par 5 % nejonu virsmakt\u012bvo vielu, maz\u0101k par 5 % amfot\u0113ro virsmakt\u012bvo vielu, maz\u0101k par 5 % ziepju, maz\u0101k par 5 % EDTA un t\u0101s s\u0101\u013cu. Fermenti. Smar\u017eas un arom\u0101tisk\u0101s kompoz\u012bcijas. Konservanti: Benzisothiazolinone\/ Methylisothiazolinone.<\/p>\n<p>&nbsp;<\/p>\n<p><strong><img decoding=\"async\" alt=\"\" src=\"file:\/\/\/C:\/Users\/masha\/Desktop\/GHS07.png\" style=\"height:40px; width:40px\" \/>GHS07 Uzman\u012bbu<\/strong><br \/>\n<strong>H319<\/strong> Izraisa nopietnu acu kairin\u0101jumu.<br \/>\nDro&scaron;\u012bbas pras\u012bbu apz\u012bm\u0113jumi:<br \/>\nP102 Sarg\u0101t no b\u0113rniem.<br \/>\nP264 P\u0113c izmanto&scaron;anas rokas k\u0101rt\u012bgi nomazg\u0101t.<br \/>\nP280 Izmantot aizsargcimdus\/ acu aizsargus.<br \/>\nP305+P351+P338 SASKAR\u0112 AR AC\u012aM: Uzman\u012bgi izskalot ar \u016bdeni vair\u0101kas min\u016btes. Iz\u0146emt kontaktl\u0113cas, ja t\u0101s ir ievietotas un ja to var vienk\u0101r&scaron;i izdar\u012bt. Turpin\u0101t skalot.<br \/>\nP337+P313 Ja acu iekaisums nep\u0101riet: l\u016bdziet medi\u0137u pal\u012bdz\u012bbu.<\/p>\n","protected":false},"excerpt":{"rendered":"<p>&Scaron;\u0137idrs mazg\u0101&scaron;anas l\u012bdzeklis, p\u0113c \u012bpa&scaron;\u012bb\u0101m l\u012bdz\u012bgs ciet\u0101m saimniec\u012bbas ziep\u0113m. Efekt\u012bvs: mazg\u0101&scaron;anai ar rok\u0101m, ve\u013cas ma&scaron;\u012bn\u0101s, kompleksai m\u0101jas t\u012br\u012b&scaron;anai. Piem\u0113rots b\u0113rnu ve\u013cas mazg\u0101&scaron;anai 0+, iedarbojas temperat\u016br\u0101 no 20&deg;C l\u012bdz 95&deg;C. L\u012bdzeklis nesatur hloru un fosf\u0101tus, t\u0101p\u0113c tas ir dro&scaron;s &scaron;\u0137iedr\u0101m, to var lietot visiem auduma tipiem, bet 5 enz\u012bmu kompleksa akt\u012bva sast\u0101vda\u013ca iek\u013c\u016bst &scaron;\u0137iedr\u0101s un intens\u012bvi [&#8230;]\n","protected":false},"featured_media":82478,"template":"","meta":[],"product_cat":[1481],"product_tag":[],"class_list":{"0":"post-45184","1":"product","2":"type-product","3":"status-publish","4":"has-post-thumbnail","6":"product_brand-aqua-cosmetics_ua","7":"product_cat-velas-mazgasanas-lidzekli","9":"first","10":"outofstock","11":"taxable","12":"shipping-taxable","13":"product-type-simple"},"_links":{"self":[{"href":"https:\/\/e.kosmolat.eu\/lv\/wp-json\/wp\/v2\/product\/45184","targetHints":{"allow":["GET"]}}],"collection":[{"href":"https:\/\/e.kosmolat.eu\/lv\/wp-json\/wp\/v2\/product"}],"about":[{"href":"https:\/\/e.kosmolat.eu\/lv\/wp-json\/wp\/v2\/types\/product"}],"wp:featuredmedia":[{"embeddable":true,"href":"https:\/\/e.kosmolat.eu\/lv\/wp-json\/wp\/v2\/media\/82478"}],"wp:attachment":[{"href":"https:\/\/e.kosmolat.eu\/lv\/wp-json\/wp\/v2\/media?parent=45184"}],"wp:term":[{"taxonomy":"product_cat","embeddable":true,"href":"https:\/\/e.kosmolat.eu\/lv\/wp-json\/wp\/v2\/product_cat?post=45184"},{"taxonomy":"product_tag","embeddable":true,"href":"https:\/\/e.kosmolat.eu\/lv\/wp-json\/wp\/v2\/product_tag?post=45184"}],"curies":[{"name":"wp","href":"https:\/\/api.w.org\/{rel}","templated":true}]}}