{"id":45180,"date":"2024-02-16T05:08:30","date_gmt":"2024-02-16T05:08:30","guid":{"rendered":"https:\/\/e.kosmolat.eu\/product\/vannas-sals-skujas-500-g\/"},"modified":"2026-04-23T09:21:01","modified_gmt":"2026-04-23T09:21:01","slug":"vannas-sals-skujas-500-g","status":"publish","type":"product","link":"https:\/\/e.kosmolat.eu\/lv\/product\/vannas-sals-skujas-500-g\/","title":{"rendered":"Vannas s\u0101ls &#8220;Skujas&#8221;, 500 g"},"content":{"rendered":"<p>Vannas ar j\u016bras s\u0101li &ndash; tas ir lielisks atsl\u0101bin\u0101&scaron;anas veids. T\u0101das vannas priek&scaron;roc\u012bba ir t\u0101s ietekme uz \u0101das &ndash; att\u012br\u012b&scaron;ana un \u0101r\u0113j\u0101 izskata uzlabo&scaron;ana, t\u0101s uztur\u0113&scaron;ana lab\u0101 st\u0101vokl\u012b.&nbsp;Meln\u0101s j\u016bras s\u0101ls vannai ar skuju koncentr\u0101tu (dab\u012bgo baltegles \u0113terisko e\u013c\u013cu) satur gaisto&scaron;us fitonc\u012bdus, akt\u012bvo makroelementu un mikroelementu kompleksu. L\u012bdzeklim piem\u012bt me\u017ea skuju arom\u0101ts un ir lielisks higi\u0113nisks un toniz\u0113jo&scaron;s l\u012bdzeklis \u0101das kop&scaron;anai.&nbsp;Vanno&scaron;an\u0101s ar j\u016bras s\u0101li un baltegles e\u013c\u013cu nostiprina \u0101du, pastiprina t\u0101s aizsargfunkciju, no\u0146em nogurumu, atsvaidzina.<\/p>\n<p><strong>Lieto&scaron;ana: <\/strong>Vannai &#8211; iz&scaron;\u0137\u012bdin\u0101t 150 g s\u0101ls (6 \u0113damkar.) vann\u0101 ar \u016bdens temp. 37&deg;-38&deg; C. Vanno&scaron;an\u0101s ilgums 10-15 min.<\/p>\n","protected":false},"excerpt":{"rendered":"<p>Vannas ar j\u016bras s\u0101li &ndash; tas ir lielisks atsl\u0101bin\u0101&scaron;anas veids. T\u0101das vannas priek&scaron;roc\u012bba ir t\u0101s ietekme uz \u0101das &ndash; att\u012br\u012b&scaron;ana un \u0101r\u0113j\u0101 izskata uzlabo&scaron;ana, t\u0101s uztur\u0113&scaron;ana lab\u0101 st\u0101vokl\u012b.&nbsp;Meln\u0101s j\u016bras s\u0101ls vannai ar skuju koncentr\u0101tu (dab\u012bgo baltegles \u0113terisko e\u013c\u013cu) satur gaisto&scaron;us fitonc\u012bdus, akt\u012bvo makroelementu un mikroelementu kompleksu. L\u012bdzeklim piem\u012bt me\u017ea skuju arom\u0101ts un ir lielisks higi\u0113nisks [&#8230;]\n","protected":false},"featured_media":78750,"template":"","meta":[],"product_cat":[1999],"product_tag":[],"class_list":{"0":"post-45180","1":"product","2":"type-product","3":"status-publish","4":"has-post-thumbnail","6":"product_brand-aqua-cosmetics_ua","7":"product_cat-bez-kategorijas","9":"first","10":"instock","11":"taxable","12":"shipping-taxable","13":"product-type-simple"},"_links":{"self":[{"href":"https:\/\/e.kosmolat.eu\/lv\/wp-json\/wp\/v2\/product\/45180","targetHints":{"allow":["GET"]}}],"collection":[{"href":"https:\/\/e.kosmolat.eu\/lv\/wp-json\/wp\/v2\/product"}],"about":[{"href":"https:\/\/e.kosmolat.eu\/lv\/wp-json\/wp\/v2\/types\/product"}],"wp:featuredmedia":[{"embeddable":true,"href":"https:\/\/e.kosmolat.eu\/lv\/wp-json\/wp\/v2\/media\/78750"}],"wp:attachment":[{"href":"https:\/\/e.kosmolat.eu\/lv\/wp-json\/wp\/v2\/media?parent=45180"}],"wp:term":[{"taxonomy":"product_cat","embeddable":true,"href":"https:\/\/e.kosmolat.eu\/lv\/wp-json\/wp\/v2\/product_cat?post=45180"},{"taxonomy":"product_tag","embeddable":true,"href":"https:\/\/e.kosmolat.eu\/lv\/wp-json\/wp\/v2\/product_tag?post=45180"}],"curies":[{"name":"wp","href":"https:\/\/api.w.org\/{rel}","templated":true}]}}