{"id":45172,"date":"2024-02-16T05:08:04","date_gmt":"2024-02-16T05:08:04","guid":{"rendered":"https:\/\/e.kosmolat.eu\/product\/lb-smaganu-skalos-lidz-ar-ciedru-riekstu-ellu-salvijas-ekstr-400-ml\/"},"modified":"2025-09-19T15:20:17","modified_gmt":"2025-09-19T15:20:17","slug":"lb-smaganu-skalos-lidz-ar-ciedru-riekstu-ellu-salvijas-ekstr-400-ml","status":"publish","type":"product","link":"https:\/\/e.kosmolat.eu\/lv\/product\/lb-smaganu-skalos-lidz-ar-ciedru-riekstu-ellu-salvijas-ekstr-400-ml\/","title":{"rendered":"LB Smaganu skalo\u0161. l\u012bdz. ar ciedru riekstu e\u013c\u013cu, salvijas ekstr., 400 ml"},"content":{"rendered":"<p>Skujkoku ekstraktu komplekss, kas papildin\u0101ts ar ciedrupriedes oleosve\u0137u un kadi\u0137a ekstraktiem, mazina bakteri\u0101lo slodzi uz mutes dobuma m\u012bkstajiem audiem. Ciedrupriedes riekstu e\u013c\u013cai un salvijas ekstraktam piem\u012bt pretiekaisuma iedarb\u012bba. Patent\u0113t\u0101 augu nov\u0101r\u012bjumu formula veicina dabisk\u0101s mutes dobuma mikrofloras nodro\u0161in\u0101\u0161anu.<\/p>\n<p><strong>Lieto\u0161ana:<\/strong> piepildiet v\u0101ci\u0146u ar skalo\u0161anas l\u012bdzekli. Skalojiet mutes dobumu 30 sekundes. Lietot p\u0113c \u0113\u0161anas un katras zobu t\u012br\u012b\u0161anas reizes zobu pastas noskalo\u0161anai vismaz divas reizes ned\u0113\u013c\u0101. &nbsp;<\/p>\n<p>Satur n\u0101trija fluor\u012bdu. Nenor\u012bt. Fluor\u012bdu masas da\u013ca 0,02%. Nelietot b\u0113rniem l\u012bdz 6 gadu vecumam bez speci\u0101la stomatologa nor\u0101d\u012bjuma. Ir pie\u013caujamas nenoz\u012bm\u012bgas nogulsnes sakar\u0101 ar dab\u012bg\u0101m l\u012bdzek\u013ca sast\u0101vda\u013c\u0101m. Tas neietekm\u0113 produkta kvalit\u0101ti un dro\u0161umu. Lieto\u0161ana p\u0101rtikas nol\u016bkos nav pie\u013caujama. Nav \u0101rstniecisks l\u012bdzeklis. L\u012bdzek\u013ca lieto\u0161ana neatbr\u012bvo no stomatologa apmekl\u0113\u0161anas.&nbsp;<br \/>\n&nbsp;<\/p>\n","protected":false},"excerpt":{"rendered":"<p>Skujkoku ekstraktu komplekss, kas papildin\u0101ts ar ciedrupriedes oleosve\u0137u un kadi\u0137a ekstraktiem, mazina bakteri\u0101lo slodzi uz mutes dobuma m\u012bkstajiem audiem. Ciedrupriedes riekstu e\u013c\u013cai un salvijas ekstraktam piem\u012bt pretiekaisuma iedarb\u012bba. Patent\u0113t\u0101 augu nov\u0101r\u012bjumu formula veicina dabisk\u0101s mutes dobuma mikrofloras nodro\u0161in\u0101\u0161anu. Lieto\u0161ana: piepildiet v\u0101ci\u0146u ar skalo\u0161anas l\u012bdzekli. Skalojiet mutes dobumu 30 sekundes. Lietot p\u0113c \u0113\u0161anas un katras zobu [&#8230;]\n","protected":false},"featured_media":78646,"template":"","meta":[],"product_cat":[1311],"product_tag":[],"class_list":{"0":"post-45172","1":"product","2":"type-product","3":"status-publish","4":"has-post-thumbnail","6":"product_brand-unilever-rus","7":"product_cat-mutes-skalotaji","9":"first","10":"outofstock","11":"taxable","12":"shipping-taxable","13":"product-type-simple"},"_links":{"self":[{"href":"https:\/\/e.kosmolat.eu\/lv\/wp-json\/wp\/v2\/product\/45172","targetHints":{"allow":["GET"]}}],"collection":[{"href":"https:\/\/e.kosmolat.eu\/lv\/wp-json\/wp\/v2\/product"}],"about":[{"href":"https:\/\/e.kosmolat.eu\/lv\/wp-json\/wp\/v2\/types\/product"}],"wp:featuredmedia":[{"embeddable":true,"href":"https:\/\/e.kosmolat.eu\/lv\/wp-json\/wp\/v2\/media\/78646"}],"wp:attachment":[{"href":"https:\/\/e.kosmolat.eu\/lv\/wp-json\/wp\/v2\/media?parent=45172"}],"wp:term":[{"taxonomy":"product_cat","embeddable":true,"href":"https:\/\/e.kosmolat.eu\/lv\/wp-json\/wp\/v2\/product_cat?post=45172"},{"taxonomy":"product_tag","embeddable":true,"href":"https:\/\/e.kosmolat.eu\/lv\/wp-json\/wp\/v2\/product_tag?post=45172"}],"curies":[{"name":"wp","href":"https:\/\/api.w.org\/{rel}","templated":true}]}}