{"id":45156,"date":"2024-02-16T05:06:49","date_gmt":"2024-02-16T05:06:49","guid":{"rendered":"https:\/\/e.kosmolat.eu\/product\/7d-mbw-sejas-pilinga-zeleja-jelly-80-ml\/"},"modified":"2025-08-12T13:31:53","modified_gmt":"2025-08-12T13:31:53","slug":"7d-mbw-sejas-pilinga-zeleja-jelly-80-ml","status":"publish","type":"product","link":"https:\/\/e.kosmolat.eu\/lv\/product\/7d-mbw-sejas-pilinga-zeleja-jelly-80-ml\/","title":{"rendered":"7D MBW Sejas p\u012blinga \u017eeleja Jelly, 80 ml"},"content":{"rendered":"<p>\u017delejveida p\u012blings dzi\u013ci att\u012bra \u0101du, nodro&scaron;ina maigu eksfoli\u0101ciju, veicinot kr\u0113mu un serumu akt\u012bvo sast\u0101vda\u013cu viegl\u0101ku iek\u013c\u016b&scaron;anu \u0101d\u0101. Papajas ekstrakts noloba atmiru&scaron;\u0101s \u0101das &scaron;\u016bnas, vizu\u0101li izl\u012bdzina \u0101das tekst\u016bru un toni. Mango ekstrakts mitrina, padara gai&scaron;\u0101ku, atjauno un pie&scaron;\u0137ir \u0101dai mirdzumu. Persika ekstrakts m\u012bkstina, toniz\u0113 un intens\u012bvi baro \u0101du.<\/p>\n<p><strong>Lieto&scaron;ana: <\/strong>vienm\u0113r\u012bgi uzkl\u0101jiet l\u012bdzekli uz mitras \u0101das, izvairoties no acu zonas. Maigi mas\u0113jiet \u0101du ar viegl\u0101m ap\u013cveida kust\u012bb\u0101m 1-2 min\u016btes, l\u012bdz par\u0101d\u0101s kunkul\u012b&scaron;i un noskalojiet ar \u016bdeni. Piem\u0113rots lieto&scaron;anai vis\u0101s sezon\u0101s.<\/p>\n<p><strong>Piesardz\u012bbas pas\u0101kumi:<\/strong> tikai \u0101r\u012bgai lieto&scaron;anai. Izvair\u012bties no saskares ar ac\u012bm. Ja nok\u013c\u016bst ac\u012bs, nekav\u0113joties izskalot ar lielu daudzumu \u016bdens un, nepiecie&scaron;am\u012bbas gad\u012bjum\u0101, v\u0113rsties p\u0113c medic\u012bniskas pal\u012bdz\u012bbas. Neuzkl\u0101t uz boj\u0101tas \u0101das. Nelietot, ja ir paaugstin\u0101ta jut\u012bba pret k\u0101du no produkta sast\u0101vda\u013c\u0101m. P\u0101rtraukt lieto&scaron;anu, ja rodas kairin\u0101jums. Sarg\u0101t no b\u0113rniem. Uzglab\u0101t temperat\u016br\u0101 no +5&deg;C l\u012bdz +25&deg;C.<br \/>\n&nbsp;<\/p>\n","protected":false},"excerpt":{"rendered":"<p>\u017delejveida p\u012blings dzi\u013ci att\u012bra \u0101du, nodro&scaron;ina maigu eksfoli\u0101ciju, veicinot kr\u0113mu un serumu akt\u012bvo sast\u0101vda\u013cu viegl\u0101ku iek\u013c\u016b&scaron;anu \u0101d\u0101. Papajas ekstrakts noloba atmiru&scaron;\u0101s \u0101das &scaron;\u016bnas, vizu\u0101li izl\u012bdzina \u0101das tekst\u016bru un toni. Mango ekstrakts mitrina, padara gai&scaron;\u0101ku, atjauno un pie&scaron;\u0137ir \u0101dai mirdzumu. Persika ekstrakts m\u012bkstina, toniz\u0113 un intens\u012bvi baro \u0101du. Lieto&scaron;ana: vienm\u0113r\u012bgi uzkl\u0101jiet l\u012bdzekli uz mitras \u0101das, izvairoties [&#8230;]\n","protected":false},"featured_media":26835,"template":"","meta":[],"product_cat":[1396],"product_tag":[],"class_list":{"0":"post-45156","1":"product","2":"type-product","3":"status-publish","4":"has-post-thumbnail","6":"product_brand-7days_it","7":"product_cat-veido-sveitikliai-ir-pilingai","9":"first","10":"outofstock","11":"taxable","12":"shipping-taxable","13":"product-type-simple"},"_links":{"self":[{"href":"https:\/\/e.kosmolat.eu\/lv\/wp-json\/wp\/v2\/product\/45156","targetHints":{"allow":["GET"]}}],"collection":[{"href":"https:\/\/e.kosmolat.eu\/lv\/wp-json\/wp\/v2\/product"}],"about":[{"href":"https:\/\/e.kosmolat.eu\/lv\/wp-json\/wp\/v2\/types\/product"}],"wp:featuredmedia":[{"embeddable":true,"href":"https:\/\/e.kosmolat.eu\/lv\/wp-json\/wp\/v2\/media\/26835"}],"wp:attachment":[{"href":"https:\/\/e.kosmolat.eu\/lv\/wp-json\/wp\/v2\/media?parent=45156"}],"wp:term":[{"taxonomy":"product_cat","embeddable":true,"href":"https:\/\/e.kosmolat.eu\/lv\/wp-json\/wp\/v2\/product_cat?post=45156"},{"taxonomy":"product_tag","embeddable":true,"href":"https:\/\/e.kosmolat.eu\/lv\/wp-json\/wp\/v2\/product_tag?post=45156"}],"curies":[{"name":"wp","href":"https:\/\/api.w.org\/{rel}","templated":true}]}}