{"id":45148,"date":"2024-02-16T05:06:31","date_gmt":"2024-02-16T05:06:31","guid":{"rendered":"https:\/\/e.kosmolat.eu\/product\/blyskavka-sport-apavu-tir-putas-universalas-150-ml\/"},"modified":"2026-05-07T16:07:41","modified_gmt":"2026-05-07T16:07:41","slug":"i_blyskavka-sport-apavu-tir-putas-universalas-150-ml","status":"publish","type":"product","link":"https:\/\/e.kosmolat.eu\/lv\/product\/i_blyskavka-sport-apavu-tir-putas-universalas-150-ml\/","title":{"rendered":"I_Blyskavka Sport Apavu t\u012br. putas Univers\u0101las, 150 ml"},"content":{"rendered":"<p>L\u012bdzeklis ir lieliski piem\u0113rots \u0101das, eko-\u0101das, samta, z\u012bda, auduma un auduma materi\u0101lu izstr\u0101d\u0101jumiem. Apavu t\u012br\u012b&scaron;anas putas no\u0146em da\u017e\u0101dus net\u012brumus no apavu virsmas un apak&scaron;zoles. Nav piem\u0113rots smalk\u0101das un lak\u0101das izstr\u0101d\u0101jumiem.<\/p>\n<p><strong>Lieto&scaron;ana: <\/strong>sakratiet pudeli 3-5 sekundes. Uzkl\u0101jiet t\u012br\u012b&scaron;anas putas uz izstr\u0101d\u0101juma virsmas ar s\u016bkli, suku vai t\u012bru audumu, r\u016bp\u012bgi noslauciet apavu virsmu. \u013baujiet iz\u017e\u016bt. Lietojot, cen&scaron;aties tur\u0113t pudeli vertik\u0101li. Ja nepiecie&scaron;ams, veiciet t\u012br\u012b&scaron;anas proced\u016bru vair\u0101kas reizes. P\u0113c tam, kad izstr\u0101d\u0101jums ir iz\u017euvis, apstr\u0101d\u0101jiet to ar \u016bdensiztur\u012bgu impregn\u0113jumu. Ja l\u012bdzeklis tiek izmantots uz samta izstr\u0101d\u0101jumiem, p\u0113c iz\u017e\u016b&scaron;anas apstr\u0101d\u0101jiet izstr\u0101d\u0101jumu ar birsti.<\/p>\n<p>Uzglab\u0101t saus\u0101, labi v\u0113din\u0101m\u0101 telp\u0101 temperat\u016br\u0101 no 0&deg;C l\u012bdz +35&deg;C, sarg\u0101jot no tie&scaron;iem saules stariem. Utiliz\u0113t k\u0101 sadz\u012bves atkritumu.<\/p>\n<p><strong>Der\u012bguma termi\u0146&scaron;:<\/strong> 5 gadi no izgatavo&scaron;anas datuma.<\/p>\n<p><strong>Sast\u0101v\u0101: <\/strong>maz\u0101k par 5 % anjonu virsmakt\u012bvo vielu, maz\u0101k par 5 % nejonu virsmakt\u012bvo vielu, maz\u0101k par 5 % EDTA un t\u0101s s\u0101\u013cu. Smar\u017eas un arom\u0101tisk\u0101s kompoz\u012bcijas. Konservants.<\/p>\n<p>&nbsp;<\/p>\n<p><strong><img decoding=\"async\" alt=\"\" src=\"file:\/\/\/C:\/Users\/masha\/Desktop\/GHS%2002.jpg\" style=\"height:40px; width:40px\" \/>GHS02 &nbsp;<img decoding=\"async\" alt=\"\" src=\"file:\/\/\/C:\/Users\/masha\/Desktop\/GHS07.png\" style=\"height:40px; width:40px\" \/>GHS07&nbsp;Uzman\u012bbu<\/strong><br \/>\n<strong>H226 <\/strong>Uzliesmojo&scaron;s &scaron;\u0137idrums un tvaiki.<br \/>\n<strong>H319<\/strong> Izraisa nopietnu acu kairin\u0101jumu.<br \/>\nDro&scaron;\u012bbas pras\u012bbu apz\u012bm\u0113jumi:<br \/>\nP102 Sarg\u0101t no b\u0113rniem.<br \/>\nP210 Sarg\u0101t no karstuma, karst\u0101m virsm\u0101m, dzirkstel\u0113m, atkl\u0101tas uguns un citiem aizdeg&scaron;an\u0101s avotiem. Nesm\u0113\u0137\u0113t.<br \/>\nP264 P\u0113c izmanto&scaron;anas rokas k\u0101rt\u012bgi nomazg\u0101t.<br \/>\nP280 Izmantot aizsargcimdus\/aizsargdr\u0113bes\/ acu aizsargus\/sejas aizsargus.<\/p>\n<p>P305+P351+P338 SASKAR\u0112 AR AC\u012aM: Uzman\u012bgi izskalot ar \u016bdeni vair\u0101kas min\u016btes. Iz\u0146emt kontaktl\u0113cas, ja t\u0101s ir ievietotas un ja to var vienk\u0101r&scaron;i izdar\u012bt. Turpin\u0101t skalot.<br \/>\nP337+P313 Ja acu iekaisums nep\u0101riet: l\u016bdziet medi\u0137u pal\u012bdz\u012bbu<br \/>\nP303+P361+P358 SASKAR\u0112 AR \u0100DU (vai matiem): Nekav\u0113joties novilkt visu pies\u0101r\u0146oto ap\u0123\u0113rbu. Noskalot \u0101du ar \u016bdeni [vai iet du&scaron;\u0101].<br \/>\nP403+P235 Glab\u0101t labi v\u0113din\u0101m\u0101s telp\u0101s. Tur\u0113t v\u0113sum\u0101.<br \/>\n&nbsp;<\/p>\n","protected":false},"excerpt":{"rendered":"<p>L\u012bdzeklis ir lieliski piem\u0113rots \u0101das, eko-\u0101das, samta, z\u012bda, auduma un auduma materi\u0101lu izstr\u0101d\u0101jumiem. Apavu t\u012br\u012b&scaron;anas putas no\u0146em da\u017e\u0101dus net\u012brumus no apavu virsmas un apak&scaron;zoles. Nav piem\u0113rots smalk\u0101das un lak\u0101das izstr\u0101d\u0101jumiem. Lieto&scaron;ana: sakratiet pudeli 3-5 sekundes. Uzkl\u0101jiet t\u012br\u012b&scaron;anas putas uz izstr\u0101d\u0101juma virsmas ar s\u016bkli, suku vai t\u012bru audumu, r\u016bp\u012bgi noslauciet apavu virsmu. \u013baujiet iz\u017e\u016bt. Lietojot, cen&scaron;aties [&#8230;]\n","protected":false},"featured_media":91006,"template":"","meta":[],"product_cat":[1730],"product_tag":[],"class_list":{"0":"post-45148","1":"product","2":"type-product","3":"status-publish","4":"has-post-thumbnail","6":"product_brand-blyskavka_ua","7":"product_cat-1730","9":"first","10":"instock","11":"taxable","12":"shipping-taxable","13":"product-type-simple"},"_links":{"self":[{"href":"https:\/\/e.kosmolat.eu\/lv\/wp-json\/wp\/v2\/product\/45148","targetHints":{"allow":["GET"]}}],"collection":[{"href":"https:\/\/e.kosmolat.eu\/lv\/wp-json\/wp\/v2\/product"}],"about":[{"href":"https:\/\/e.kosmolat.eu\/lv\/wp-json\/wp\/v2\/types\/product"}],"wp:featuredmedia":[{"embeddable":true,"href":"https:\/\/e.kosmolat.eu\/lv\/wp-json\/wp\/v2\/media\/91006"}],"wp:attachment":[{"href":"https:\/\/e.kosmolat.eu\/lv\/wp-json\/wp\/v2\/media?parent=45148"}],"wp:term":[{"taxonomy":"product_cat","embeddable":true,"href":"https:\/\/e.kosmolat.eu\/lv\/wp-json\/wp\/v2\/product_cat?post=45148"},{"taxonomy":"product_tag","embeddable":true,"href":"https:\/\/e.kosmolat.eu\/lv\/wp-json\/wp\/v2\/product_tag?post=45148"}],"curies":[{"name":"wp","href":"https:\/\/api.w.org\/{rel}","templated":true}]}}