{"id":45128,"date":"2024-02-16T05:05:37","date_gmt":"2024-02-16T05:05:37","guid":{"rendered":"https:\/\/e.kosmolat.eu\/product\/7d-mbw-davanu-kompl-just-drop-vitamin-bomb-sej-kremsserums-vitamin-c\/"},"modified":"2025-04-01T10:32:09","modified_gmt":"2025-04-01T10:32:09","slug":"7d-mbw-davanu-kompl-just-drop-vitamin-bomb-sej-kremsserums-vitamin-c","status":"publish","type":"product","link":"https:\/\/e.kosmolat.eu\/lv\/product\/7d-mbw-davanu-kompl-just-drop-vitamin-bomb-sej-kremsserums-vitamin-c\/","title":{"rendered":"7D MBW D\u0101vanu kompl. Just Drop Vitamin Bomb (sej.kr\u0113ms+serums Vitamin C )"},"content":{"rendered":"<p><strong>1. 7DAYS MY BEAUTY WEEK Sejas kr\u0113ms \u0101das mirdzumam Vitamin C, 50 ml<\/strong><br \/>\nSejas kr\u0113ms ar C vitam\u012bnu t\u016bl\u012bt\u0113jai \u0101das baro\u0161anai un dab\u012bgam vesel\u012bgam mirdzumam. C vitam\u012bns atjauno, padara gai\u0161\u0101ku, nodro\u0161ina sp\u0113c\u012bgu antioksidanta iedarb\u012bbu. 7 e\u013c\u013cu komplekss un E vitam\u012bns baro, izl\u012bdzina grumbas un sniedz liftinga efektu. Tropu aug\u013cu ekstrakti mitrina, padara \u0101du svaigu un gludu.<\/p>\n<p><strong>Lieto\u0161ana:<\/strong> ar vieglam mas\u0101\u017eas kust\u012bb\u0101m uzkl\u0101jiet l\u012bdzekli uz att\u012br\u012btas \u0101das, l\u012bdz tas piln\u012bb\u0101 uzs\u016bcas.&nbsp;<\/p>\n<p><strong>Piesardz\u012bbas pas\u0101kumi:<\/strong> tikai \u0101r\u012bgai lieto\u0161anai. Izvair\u012bties no saskares ar ac\u012bm. Ja nok\u013c\u016bst ac\u012bs, nekav\u0113joties izskalot ar lielu daudzumu \u016bdens un, nepiecie\u0161am\u012bbas gad\u012bjum\u0101, v\u0113rsties p\u0113c medic\u012bniskas pal\u012bdz\u012bbas. Neuzkl\u0101t uz boj\u0101tas \u0101das. Nelietot, ja ir paaugstin\u0101ta jut\u012bba pret k\u0101du no produkta sast\u0101vda\u013c\u0101m. P\u0101rtraukt lieto\u0161anu, ja rodas kairin\u0101jums. Sarg\u0101t no b\u0113rniem. Uzglab\u0101t temperat\u016br\u0101 no +5 &deg;C l\u012bdz +25 &deg;C.<\/p>\n<p>&nbsp;<\/p>\n<p><strong>2. 7DAYS MY BEAUTY WEEK Sejas serums + toneris Vitamin C Elixir, 20 ml<\/strong><br \/>\nSerums-toneris intens\u012bvai \u0101das mitrin\u0101\u0161anai un mirdzumam. C vitam\u012bnam piem\u012bt antioksidanta iedarb\u012bba, tas atjauno \u0101du, pie\u0161\u0137ir mirdzumu un gai\u0161umu. Citrusaug\u013cu komplekss mitrina, padara \u0101du svaigu un gludu.<\/p>\n<p><strong>Lieto\u0161ana:<\/strong> uzkl\u0101jiet nelielu l\u012bdzek\u013ca daudzumu uz att\u012br\u012btas sejas \u0101das un uzgaidiet, l\u012bdz tas piln\u012bb\u0101 uzs\u016bcas.<\/p>\n<p><strong>Piesardz\u012bbas pas\u0101kumi: <\/strong>tikai \u0101r\u012bgai lieto\u0161anai. Izvair\u012bties no saskares ar ac\u012bm. Ja nok\u013c\u016bst ac\u012bs, nekav\u0113joties izskalot ar lielu daudzumu \u016bdens un, nepiecie\u0161am\u012bbas gad\u012bjum\u0101, v\u0113rsties p\u0113c medic\u012bniskas pal\u012bdz\u012bbas. Neuzkl\u0101t uz boj\u0101tas \u0101das. Nelietot, ja ir paaugstin\u0101ta jut\u012bba pret k\u0101du no produkta sast\u0101vda\u013c\u0101m. P\u0101rtraukt lieto\u0161anu, ja rodas kairin\u0101jums. Sarg\u0101t no b\u0113rniem. Uzglab\u0101t temperat\u016br\u0101 no +5 &deg;C l\u012bdz +25 &deg;C.<br \/>\n&nbsp;<\/p>\n","protected":false},"excerpt":{"rendered":"<p>1. 7DAYS MY BEAUTY WEEK Sejas kr\u0113ms \u0101das mirdzumam Vitamin C, 50 ml Sejas kr\u0113ms ar C vitam\u012bnu t\u016bl\u012bt\u0113jai \u0101das baro\u0161anai un dab\u012bgam vesel\u012bgam mirdzumam. C vitam\u012bns atjauno, padara gai\u0161\u0101ku, nodro\u0161ina sp\u0113c\u012bgu antioksidanta iedarb\u012bbu. 7 e\u013c\u013cu komplekss un E vitam\u012bns baro, izl\u012bdzina grumbas un sniedz liftinga efektu. Tropu aug\u013cu ekstrakti mitrina, padara \u0101du svaigu un [&#8230;]\n","protected":false},"featured_media":12053,"template":"","meta":[],"product_cat":[1853],"product_tag":[],"class_list":{"0":"post-45128","1":"product","2":"type-product","3":"status-publish","4":"has-post-thumbnail","6":"product_brand-7days_it","7":"product_cat-davanu-komplekti-sievietem","9":"first","10":"instock","11":"taxable","12":"shipping-taxable","13":"product-type-simple"},"_links":{"self":[{"href":"https:\/\/e.kosmolat.eu\/lv\/wp-json\/wp\/v2\/product\/45128","targetHints":{"allow":["GET"]}}],"collection":[{"href":"https:\/\/e.kosmolat.eu\/lv\/wp-json\/wp\/v2\/product"}],"about":[{"href":"https:\/\/e.kosmolat.eu\/lv\/wp-json\/wp\/v2\/types\/product"}],"wp:featuredmedia":[{"embeddable":true,"href":"https:\/\/e.kosmolat.eu\/lv\/wp-json\/wp\/v2\/media\/12053"}],"wp:attachment":[{"href":"https:\/\/e.kosmolat.eu\/lv\/wp-json\/wp\/v2\/media?parent=45128"}],"wp:term":[{"taxonomy":"product_cat","embeddable":true,"href":"https:\/\/e.kosmolat.eu\/lv\/wp-json\/wp\/v2\/product_cat?post=45128"},{"taxonomy":"product_tag","embeddable":true,"href":"https:\/\/e.kosmolat.eu\/lv\/wp-json\/wp\/v2\/product_tag?post=45128"}],"curies":[{"name":"wp","href":"https:\/\/api.w.org\/{rel}","templated":true}]}}