{"id":45096,"date":"2024-02-16T05:04:18","date_gmt":"2024-02-16T05:04:18","guid":{"rendered":"https:\/\/e.kosmolat.eu\/product\/i_shelley-roku-un-kermena-losjons-bagatigais-kakao-sviests-500-ml\/"},"modified":"2025-01-28T11:12:07","modified_gmt":"2025-01-28T11:12:07","slug":"i_shelley-roku-un-kermena-losjons-bagatigais-kakao-sviests-500-ml","status":"publish","type":"product","link":"https:\/\/e.kosmolat.eu\/lv\/product\/i_shelley-roku-un-kermena-losjons-bagatigais-kakao-sviests-500-ml\/","title":{"rendered":"I_Shelley Roku un \u0137erme\u0146a losjons Bag\u0101t\u012bgais kakao sviests, 500 ml"},"content":{"rendered":"<p>Barojo\u0161s roku un \u0137erme\u0146a losjons ar kakao sviestu ir paredz\u0113ts sausas \u0101das kop\u0161anai, padarot to z\u012bdainu un vesel\u012bgu. Viegli uzs\u016bcas \u0101d\u0101, neatst\u0101jot taukainu saj\u016btu. Bag\u0101tin\u0101ts ar kakao sviestu, \u0161is kr\u0113m\u012bgais, barojo\u0161ais un mitrino\u0161ais losjons padara \u0101du maigu, gludu un mirdzo\u0161u. Ide\u0101li piem\u0113rots lieto\u0161anai uz visa \u0137erme\u0146a.<\/p>\n<p><strong>Lieto\u0161ana: <\/strong>uzkl\u0101t uz t\u012bras, sausas \u0101das un r\u016bp\u012bgi iemas\u0113t.<br \/>\n&nbsp;<\/p>\n","protected":false},"excerpt":{"rendered":"<p>Barojo\u0161s roku un \u0137erme\u0146a losjons ar kakao sviestu ir paredz\u0113ts sausas \u0101das kop\u0161anai, padarot to z\u012bdainu un vesel\u012bgu. Viegli uzs\u016bcas \u0101d\u0101, neatst\u0101jot taukainu saj\u016btu. Bag\u0101tin\u0101ts ar kakao sviestu, \u0161is kr\u0113m\u012bgais, barojo\u0161ais un mitrino\u0161ais losjons padara \u0101du maigu, gludu un mirdzo\u0161u. Ide\u0101li piem\u0113rots lieto\u0161anai uz visa \u0137erme\u0146a. Lieto\u0161ana: uzkl\u0101t uz t\u012bras, sausas \u0101das un r\u016bp\u012bgi iemas\u0113t. [&#8230;]\n","protected":false},"featured_media":45100,"template":"","meta":[],"product_cat":[1388],"product_tag":[],"class_list":{"0":"post-45096","1":"product","2":"type-product","3":"status-publish","4":"has-post-thumbnail","6":"product_brand-statestrong_gb","7":"product_cat-kermena-kremi-pienini-sviesti","9":"first","10":"outofstock","11":"taxable","12":"shipping-taxable","13":"product-type-simple"},"_links":{"self":[{"href":"https:\/\/e.kosmolat.eu\/lv\/wp-json\/wp\/v2\/product\/45096","targetHints":{"allow":["GET"]}}],"collection":[{"href":"https:\/\/e.kosmolat.eu\/lv\/wp-json\/wp\/v2\/product"}],"about":[{"href":"https:\/\/e.kosmolat.eu\/lv\/wp-json\/wp\/v2\/types\/product"}],"wp:featuredmedia":[{"embeddable":true,"href":"https:\/\/e.kosmolat.eu\/lv\/wp-json\/wp\/v2\/media\/45100"}],"wp:attachment":[{"href":"https:\/\/e.kosmolat.eu\/lv\/wp-json\/wp\/v2\/media?parent=45096"}],"wp:term":[{"taxonomy":"product_cat","embeddable":true,"href":"https:\/\/e.kosmolat.eu\/lv\/wp-json\/wp\/v2\/product_cat?post=45096"},{"taxonomy":"product_tag","embeddable":true,"href":"https:\/\/e.kosmolat.eu\/lv\/wp-json\/wp\/v2\/product_tag?post=45096"}],"curies":[{"name":"wp","href":"https:\/\/api.w.org\/{rel}","templated":true}]}}