{"id":45088,"date":"2024-02-16T05:04:03","date_gmt":"2024-02-16T05:04:03","guid":{"rendered":"https:\/\/e.kosmolat.eu\/product\/i_shelley-roku-un-kermena-losjons-alvejas-svaigums-500-ml\/"},"modified":"2025-05-12T05:32:43","modified_gmt":"2025-05-12T05:32:43","slug":"i_shelley-roku-un-kermena-losjons-alvejas-svaigums-500-ml","status":"publish","type":"product","link":"https:\/\/e.kosmolat.eu\/lv\/product\/i_shelley-roku-un-kermena-losjons-alvejas-svaigums-500-ml\/","title":{"rendered":"I_Shelley Roku un \u0137erme\u0146a losjons Alvejas svaigums, 500 ml"},"content":{"rendered":"<p>Barojo\u0161s roku un \u0137erme\u0146a losjons ar alveju ir paredz\u0113ts sausas \u0101das kop\u0161anai, padarot to z\u012bdaini gludu un vesel\u012bgu. Viegli uzs\u016bcas \u0101d\u0101, neatst\u0101jot taukainu saj\u016btu. Alveja losjona sast\u0101v\u0101 nomierina sausu, kairin\u0101tu \u0101du un padara to atjaunotu, mitrin\u0101tu un gludu. Ide\u0101li piem\u0113rots lieto\u0161anai uz visa \u0137erme\u0146a.<\/p>\n<p><strong>Lieto\u0161ana:<\/strong> uzkl\u0101t uz t\u012bras, sausas \u0101das un r\u016bp\u012bgi iemas\u0113t.<br \/>\n&nbsp;<\/p>\n","protected":false},"excerpt":{"rendered":"<p>Barojo\u0161s roku un \u0137erme\u0146a losjons ar alveju ir paredz\u0113ts sausas \u0101das kop\u0161anai, padarot to z\u012bdaini gludu un vesel\u012bgu. Viegli uzs\u016bcas \u0101d\u0101, neatst\u0101jot taukainu saj\u016btu. Alveja losjona sast\u0101v\u0101 nomierina sausu, kairin\u0101tu \u0101du un padara to atjaunotu, mitrin\u0101tu un gludu. Ide\u0101li piem\u0113rots lieto\u0161anai uz visa \u0137erme\u0146a. Lieto\u0161ana: uzkl\u0101t uz t\u012bras, sausas \u0101das un r\u016bp\u012bgi iemas\u0113t. &nbsp;<\/p>\n","protected":false},"featured_media":45092,"template":"","meta":[],"product_cat":[1388],"product_tag":[],"class_list":{"0":"post-45088","1":"product","2":"type-product","3":"status-publish","4":"has-post-thumbnail","6":"product_brand-statestrong_gb","7":"product_cat-kermena-kremi-pienini-sviesti","9":"first","10":"outofstock","11":"taxable","12":"shipping-taxable","13":"product-type-simple"},"_links":{"self":[{"href":"https:\/\/e.kosmolat.eu\/lv\/wp-json\/wp\/v2\/product\/45088","targetHints":{"allow":["GET"]}}],"collection":[{"href":"https:\/\/e.kosmolat.eu\/lv\/wp-json\/wp\/v2\/product"}],"about":[{"href":"https:\/\/e.kosmolat.eu\/lv\/wp-json\/wp\/v2\/types\/product"}],"wp:featuredmedia":[{"embeddable":true,"href":"https:\/\/e.kosmolat.eu\/lv\/wp-json\/wp\/v2\/media\/45092"}],"wp:attachment":[{"href":"https:\/\/e.kosmolat.eu\/lv\/wp-json\/wp\/v2\/media?parent=45088"}],"wp:term":[{"taxonomy":"product_cat","embeddable":true,"href":"https:\/\/e.kosmolat.eu\/lv\/wp-json\/wp\/v2\/product_cat?post=45088"},{"taxonomy":"product_tag","embeddable":true,"href":"https:\/\/e.kosmolat.eu\/lv\/wp-json\/wp\/v2\/product_tag?post=45088"}],"curies":[{"name":"wp","href":"https:\/\/api.w.org\/{rel}","templated":true}]}}