{"id":45076,"date":"2024-02-16T05:03:33","date_gmt":"2024-02-16T05:03:33","guid":{"rendered":"https:\/\/e.kosmolat.eu\/product\/7d-mbw-davanu-kompl-lets-get-update-sej-kremsserums-pilings\/"},"modified":"2025-03-04T12:31:19","modified_gmt":"2025-03-04T12:31:19","slug":"7d-mbw-davanu-kompl-lets-get-update-sej-kremsserums-pilings","status":"publish","type":"product","link":"https:\/\/e.kosmolat.eu\/lv\/product\/7d-mbw-davanu-kompl-lets-get-update-sej-kremsserums-pilings\/","title":{"rendered":"7D MBW D\u0101vanu kompl.Let`s Get Update (sej.kr\u0113ms+serums-p\u012blings)"},"content":{"rendered":"<p><strong>1. 7DAYS MY BEAUTY WEEK Atjaunojo\u0161s sejas kr\u0113ms ar pantenolu Peach Velvet, 50 ml<\/strong><br \/>\nSejas kr\u0113ms nodro\u0161ina intens\u012bvu mitrin\u0101\u0161anu, baro\u0161anu un sos-atjauno\u0161anu. Pantenols pa\u0101trina \u0101das re\u0123ener\u0101ciju, nomierina un uzlabo \u0101du. E\u013c\u013cu komplekss un kolag\u0113ns baro, m\u012bkstina, pie\u0161\u0137ir tvirtumu un elast\u012bbu. Tropu aug\u013cu ekstrakti c\u012bn\u0101s ar \u0101das nepiln\u012bb\u0101m un izl\u012bdzina toni.<\/p>\n<p><strong>Lieto\u0161ana: <\/strong>ar viegl\u0101m mas\u0101\u017eas kust\u012bb\u0101m uzkl\u0101jiet l\u012bdzekli uz att\u012br\u012btas \u0101das l\u012bdz tas piln\u012bb\u0101 uzs\u016bcas.<\/p>\n<p><strong>Piesardz\u012bbas pas\u0101kumi: <\/strong>tikai \u0101r\u012bgai lieto\u0161anai. Izvair\u012bties no saskares ar ac\u012bm. Ja nok\u013c\u016bst ac\u012bs, nekav\u0113joties izskalot ar lielu daudzumu \u016bdens un, nepiecie\u0161am\u012bbas gad\u012bjum\u0101, v\u0113rsties p\u0113c medic\u012bniskas pal\u012bdz\u012bbas. Neuzkl\u0101t uz boj\u0101tas \u0101das. Nelietot, ja ir paaugstin\u0101ta jut\u012bba pret k\u0101du no produkta sast\u0101vda\u013c\u0101m. P\u0101rtraukt lieto\u0161anu, ja rodas kairin\u0101jums. Sarg\u0101t no b\u0113rniem. Uzglab\u0101t temperat\u016br\u0101 no +5&deg;C l\u012bdz +25&deg;C.<\/p>\n<p>&nbsp;<\/p>\n<p><strong>2. 7DAYS MY BEAUTY WEEK Eksfoli\u0113jo\u0161s sejas serums-p\u012blings AHA+BHA, 20 ml<\/strong><br \/>\nSerums-p\u012blings ar glikolsk\u0101bi un salicilsk\u0101bi dzi\u013cai \u0101das att\u012br\u012b\u0161anai. Glikolsk\u0101be maigi noloba atmiru\u0161\u0101s \u0101das \u0161\u016bnas, veicina re\u0123ener\u0101ciju, c\u012bn\u0101s ar m\u012bmikas grumb\u0101m un man\u0101m\u0101m nepiln\u012bb\u0101m. Salicilsk\u0101bei piem\u012bt antibakteri\u0101ls efekts, t\u0101 savelk poras, izl\u012bdzina \u0101das tekst\u016bru un toni.<\/p>\n<p><strong>Lieto\u0161ana: <\/strong>uzkl\u0101jiet serumu pl\u0101n\u0101 k\u0101rt\u0101 uz att\u012br\u012btas sejas \u0101das uz 5-7 min\u016bt\u0113m. Ja diskomforta saj\u016bta nerodas, paturiet serumu uz sejas v\u0113l 2-3 min\u016btes un noskalojiet ar \u016bdeni.<\/p>\n<p><strong>Piesardz\u012bbas pas\u0101kumi:<\/strong> tikai \u0101r\u012bgai lieto\u0161anai. Izvair\u012bties no saskares ar ac\u012bm. Ja nok\u013c\u016bst ac\u012bs, nekav\u0113joties izskalot ar lielu daudzumu \u016bdens un, nepiecie\u0161am\u012bbas gad\u012bjum\u0101, v\u0113rsties p\u0113c medic\u012bniskas pal\u012bdz\u012bbas. Neuzkl\u0101t uz boj\u0101tas \u0101das. Nelietot, ja ir paaugstin\u0101ta jut\u012bba pret k\u0101du no produkta sast\u0101vda\u013c\u0101m. P\u0101rtraukt lieto\u0161anu, ja rodas kairin\u0101jums. Sarg\u0101t no b\u0113rniem. Uzglab\u0101t temperat\u016br\u0101 no +5&deg;C l\u012bdz +25&deg;C. 2 dienas p\u0113c seruma lieto\u0161anas ir ieteicams uzkl\u0101t k\u0101du l\u012bdzekli ar SPF pirms do\u0161an\u0101s \u0101r\u0101 un \u0101das pak\u013cau\u0161anas tie\u0161iem saules stariem. Lietojiet serumu ne bie\u017e\u0101k par 2 reiz\u0113m ned\u0113\u013c\u0101.<br \/>\n&nbsp;<\/p>\n","protected":false},"excerpt":{"rendered":"<p>1. 7DAYS MY BEAUTY WEEK Atjaunojo\u0161s sejas kr\u0113ms ar pantenolu Peach Velvet, 50 ml Sejas kr\u0113ms nodro\u0161ina intens\u012bvu mitrin\u0101\u0161anu, baro\u0161anu un sos-atjauno\u0161anu. Pantenols pa\u0101trina \u0101das re\u0123ener\u0101ciju, nomierina un uzlabo \u0101du. E\u013c\u013cu komplekss un kolag\u0113ns baro, m\u012bkstina, pie\u0161\u0137ir tvirtumu un elast\u012bbu. Tropu aug\u013cu ekstrakti c\u012bn\u0101s ar \u0101das nepiln\u012bb\u0101m un izl\u012bdzina toni. Lieto\u0161ana: ar viegl\u0101m mas\u0101\u017eas kust\u012bb\u0101m [&#8230;]\n","protected":false},"featured_media":45080,"template":"","meta":[],"product_cat":[1853],"product_tag":[],"class_list":{"0":"post-45076","1":"product","2":"type-product","3":"status-publish","4":"has-post-thumbnail","6":"product_brand-7days_it","7":"product_cat-davanu-komplekti-sievietem","9":"first","10":"outofstock","11":"taxable","12":"shipping-taxable","13":"product-type-simple"},"_links":{"self":[{"href":"https:\/\/e.kosmolat.eu\/lv\/wp-json\/wp\/v2\/product\/45076","targetHints":{"allow":["GET"]}}],"collection":[{"href":"https:\/\/e.kosmolat.eu\/lv\/wp-json\/wp\/v2\/product"}],"about":[{"href":"https:\/\/e.kosmolat.eu\/lv\/wp-json\/wp\/v2\/types\/product"}],"wp:featuredmedia":[{"embeddable":true,"href":"https:\/\/e.kosmolat.eu\/lv\/wp-json\/wp\/v2\/media\/45080"}],"wp:attachment":[{"href":"https:\/\/e.kosmolat.eu\/lv\/wp-json\/wp\/v2\/media?parent=45076"}],"wp:term":[{"taxonomy":"product_cat","embeddable":true,"href":"https:\/\/e.kosmolat.eu\/lv\/wp-json\/wp\/v2\/product_cat?post=45076"},{"taxonomy":"product_tag","embeddable":true,"href":"https:\/\/e.kosmolat.eu\/lv\/wp-json\/wp\/v2\/product_tag?post=45076"}],"curies":[{"name":"wp","href":"https:\/\/api.w.org\/{rel}","templated":true}]}}