{"id":45072,"date":"2024-02-16T05:03:20","date_gmt":"2024-02-16T05:03:20","guid":{"rendered":"https:\/\/e.kosmolat.eu\/product\/7d-mbw-stiprin-kr-koncentr-zonai-ap-acim-ar-lift-efektu-collagen-18-ml\/"},"modified":"2026-01-27T12:11:44","modified_gmt":"2026-01-27T12:11:44","slug":"7d-mbw-stiprin-kr-koncentr-zonai-ap-acim-ar-lift-efektu-collagen-18-ml","status":"publish","type":"product","link":"https:\/\/e.kosmolat.eu\/lv\/product\/7d-mbw-stiprin-kr-koncentr-zonai-ap-acim-ar-lift-efektu-collagen-18-ml\/","title":{"rendered":"7D MBW Stiprin.kr.-koncentr. zonai ap ac\u012bm ar lift.efektu Collagen, 18 ml"},"content":{"rendered":"<p>Kr\u0113ms-koncentr\u0101ts 2in1 ar liftinga efektu pret noguruma paz\u012bm\u0113m, c\u012b\u0146ai ar maisiem zem ac\u012bm un &ldquo;v\u0101rnu k\u0101ji\u0146\u0101m&rdquo;. 1. Kr\u0113ms satur 1% kolag\u0113nu, kas pies\u0101tina \u0101du ar mitrumu, stiprina, pie\u0161\u0137ir tvirtumu, izl\u012bdzina grumbas. 0.5% kofe\u012bns toniz\u0113 \u0101du, pal\u012bdz c\u012bn\u012bties ar noguruma paz\u012bm\u0113m un tum\u0161iem lokiem zem ac\u012bm. 2. Atv\u0113sino\u0161ais met\u0101liskais Re-fresh&nbsp;aplikators nov\u0113r\u0161 piet\u016bkumu, atsl\u0101bina musku\u013cus, pal\u012bdz uzlabot mikrocirkul\u0101ciju un veicina akt\u012bvo sast\u0101vda\u013cu dzi\u013c\u0101ku iek\u013c\u016b\u0161anu \u0101das sl\u0101\u0146os.&nbsp;<\/p>\n<p><strong>Lieto\u0161ana: <\/strong>viegli uzspiediet uz t\u016bbi\u0146as, ar aplikatoru uzman\u012bgi uzkl\u0101jiet kr\u0113mu uz \u0101das ap ac\u012bm&nbsp;gar mas\u0101\u017eas l\u012bnij\u0101m. Uzgaidiet l\u012bdz piln\u012bb\u0101 uzs\u016bcas.<\/p>\n<p><strong>Piesardz\u012bbas pas\u0101kumi:<\/strong> tikai \u0101r\u012bgai lieto\u0161anai. Izvair\u012bties no saskares ar ac\u012bm. Ja nok\u013c\u016bst ac\u012bs, nekav\u0113joties izskalot ar lielu daudzumu \u016bdens un, nepiecie\u0161am\u012bbas gad\u012bjum\u0101, v\u0113rsties p\u0113c medic\u012bniskas pal\u012bdz\u012bbas. Neuzkl\u0101t uz boj\u0101tas \u0101das. Nelietot, ja ir paaugstin\u0101ta jut\u012bba pret k\u0101du no produkta sast\u0101vda\u013c\u0101m. P\u0101rtraukt lieto\u0161anu, ja rodas kairin\u0101jums. Sarg\u0101t no b\u0113rniem. Uzglab\u0101t temperat\u016br\u0101 no +5&deg;C l\u012bdz +25&deg;C.<br \/>\n&nbsp;<\/p>\n","protected":false},"excerpt":{"rendered":"<p>Kr\u0113ms-koncentr\u0101ts 2in1 ar liftinga efektu pret noguruma paz\u012bm\u0113m, c\u012b\u0146ai ar maisiem zem ac\u012bm un &ldquo;v\u0101rnu k\u0101ji\u0146\u0101m&rdquo;. 1. Kr\u0113ms satur 1% kolag\u0113nu, kas pies\u0101tina \u0101du ar mitrumu, stiprina, pie\u0161\u0137ir tvirtumu, izl\u012bdzina grumbas. 0.5% kofe\u012bns toniz\u0113 \u0101du, pal\u012bdz c\u012bn\u012bties ar noguruma paz\u012bm\u0113m un tum\u0161iem lokiem zem ac\u012bm. 2. Atv\u0113sino\u0161ais met\u0101liskais Re-fresh&nbsp;aplikators nov\u0113r\u0161 piet\u016bkumu, atsl\u0101bina musku\u013cus, pal\u012bdz uzlabot [&#8230;]\n","protected":false},"featured_media":99180,"template":"","meta":[],"product_cat":[1588],"product_tag":[],"class_list":{"0":"post-45072","1":"product","2":"type-product","3":"status-publish","4":"has-post-thumbnail","6":"product_brand-7days_it","7":"product_cat-acu-kremi","9":"first","10":"outofstock","11":"taxable","12":"shipping-taxable","13":"product-type-simple"},"_links":{"self":[{"href":"https:\/\/e.kosmolat.eu\/lv\/wp-json\/wp\/v2\/product\/45072","targetHints":{"allow":["GET"]}}],"collection":[{"href":"https:\/\/e.kosmolat.eu\/lv\/wp-json\/wp\/v2\/product"}],"about":[{"href":"https:\/\/e.kosmolat.eu\/lv\/wp-json\/wp\/v2\/types\/product"}],"wp:featuredmedia":[{"embeddable":true,"href":"https:\/\/e.kosmolat.eu\/lv\/wp-json\/wp\/v2\/media\/99180"}],"wp:attachment":[{"href":"https:\/\/e.kosmolat.eu\/lv\/wp-json\/wp\/v2\/media?parent=45072"}],"wp:term":[{"taxonomy":"product_cat","embeddable":true,"href":"https:\/\/e.kosmolat.eu\/lv\/wp-json\/wp\/v2\/product_cat?post=45072"},{"taxonomy":"product_tag","embeddable":true,"href":"https:\/\/e.kosmolat.eu\/lv\/wp-json\/wp\/v2\/product_tag?post=45072"}],"curies":[{"name":"wp","href":"https:\/\/api.w.org\/{rel}","templated":true}]}}