{"id":45068,"date":"2024-02-16T05:03:08","date_gmt":"2024-02-16T05:03:08","guid":{"rendered":"https:\/\/e.kosmolat.eu\/product\/7d-mbw-sejas-kr-muss-ar-lift-efektu-ar-kolag-whipped-souffle-50-ml\/"},"modified":"2025-08-18T07:21:19","modified_gmt":"2025-08-18T07:21:19","slug":"7d-mbw-sejas-kr-muss-ar-lift-efektu-ar-kolag-whipped-souffle-50-ml","status":"publish","type":"product","link":"https:\/\/e.kosmolat.eu\/lv\/product\/7d-mbw-sejas-kr-muss-ar-lift-efektu-ar-kolag-whipped-souffle-50-ml\/","title":{"rendered":"7D MBW Sejas kr.-muss ar lift.efektu ar kolag. Whipped Souffle, 50 ml"},"content":{"rendered":"<p>Kr\u0113ms-muss ar kolag\u0113nu intens\u012bvai sejas \u0101das mitrin\u0101\u0161anai un liftingam. Kolag\u0113ns toniz\u0113, pie\u0161\u0137ir tvirtumu, elast\u012bbu, pal\u012bdz c\u012b\u0146\u0101 pret grumb\u0101m un nov\u0113r\u0161 to par\u0101d\u012b\u0161anos. E\u013c\u013cu komplekss m\u012bkstina, baro, mitrina sejas \u0101du, ziedu komplekss padara \u0101du gai\u0161\u0101ku.&nbsp;<\/p>\n<p><strong>Lieto\u0161ana: <\/strong>ar vieglam mas\u0101\u017eas kust\u012bb\u0101m uzkl\u0101jiet l\u012bdzekli uz att\u012br\u012btas \u0101das, l\u012bdz tas piln\u012bb\u0101 uzs\u016bcas.&nbsp;<\/p>\n<p><strong>Piesardz\u012bbas pas\u0101kumi: <\/strong>tikai \u0101r\u012bgai lieto\u0161anai. Izvair\u012bties no saskares ar ac\u012bm. Ja nok\u013c\u016bst ac\u012bs, nekav\u0113joties izskalot ar lielu daudzumu \u016bdens un, nepiecie\u0161am\u012bbas gad\u012bjum\u0101, v\u0113rsties p\u0113c medic\u012bniskas pal\u012bdz\u012bbas. Neuzkl\u0101t uz boj\u0101tas \u0101das. Nelietot, ja ir paaugstin\u0101ta jut\u012bba pret k\u0101du no produkta sast\u0101vda\u013c\u0101m. P\u0101rtraukt lieto\u0161anu, ja rodas kairin\u0101jums. Sarg\u0101t no b\u0113rniem. Uzglab\u0101t temperat\u016br\u0101 no +5&deg;C l\u012bdz +25&deg;C.<br \/>\n&nbsp;<\/p>\n","protected":false},"excerpt":{"rendered":"<p>Kr\u0113ms-muss ar kolag\u0113nu intens\u012bvai sejas \u0101das mitrin\u0101\u0161anai un liftingam. Kolag\u0113ns toniz\u0113, pie\u0161\u0137ir tvirtumu, elast\u012bbu, pal\u012bdz c\u012b\u0146\u0101 pret grumb\u0101m un nov\u0113r\u0161 to par\u0101d\u012b\u0161anos. E\u013c\u013cu komplekss m\u012bkstina, baro, mitrina sejas \u0101du, ziedu komplekss padara \u0101du gai\u0161\u0101ku.&nbsp; Lieto\u0161ana: ar vieglam mas\u0101\u017eas kust\u012bb\u0101m uzkl\u0101jiet l\u012bdzekli uz att\u012br\u012btas \u0101das, l\u012bdz tas piln\u012bb\u0101 uzs\u016bcas.&nbsp; Piesardz\u012bbas pas\u0101kumi: tikai \u0101r\u012bgai lieto\u0161anai. Izvair\u012bties no [&#8230;]\n","protected":false},"featured_media":13117,"template":"","meta":[],"product_cat":[2181],"product_tag":[],"class_list":{"0":"post-45068","1":"product","2":"type-product","3":"status-publish","4":"has-post-thumbnail","6":"product_brand-7days_it","7":"product_cat-bez-kategorijas-lt","9":"first","10":"outofstock","11":"taxable","12":"shipping-taxable","13":"product-type-simple"},"_links":{"self":[{"href":"https:\/\/e.kosmolat.eu\/lv\/wp-json\/wp\/v2\/product\/45068","targetHints":{"allow":["GET"]}}],"collection":[{"href":"https:\/\/e.kosmolat.eu\/lv\/wp-json\/wp\/v2\/product"}],"about":[{"href":"https:\/\/e.kosmolat.eu\/lv\/wp-json\/wp\/v2\/types\/product"}],"wp:featuredmedia":[{"embeddable":true,"href":"https:\/\/e.kosmolat.eu\/lv\/wp-json\/wp\/v2\/media\/13117"}],"wp:attachment":[{"href":"https:\/\/e.kosmolat.eu\/lv\/wp-json\/wp\/v2\/media?parent=45068"}],"wp:term":[{"taxonomy":"product_cat","embeddable":true,"href":"https:\/\/e.kosmolat.eu\/lv\/wp-json\/wp\/v2\/product_cat?post=45068"},{"taxonomy":"product_tag","embeddable":true,"href":"https:\/\/e.kosmolat.eu\/lv\/wp-json\/wp\/v2\/product_tag?post=45068"}],"curies":[{"name":"wp","href":"https:\/\/api.w.org\/{rel}","templated":true}]}}