{"id":45064,"date":"2024-02-16T05:02:54","date_gmt":"2024-02-16T05:02:54","guid":{"rendered":"https:\/\/e.kosmolat.eu\/product\/7d-anml-s-maska-pretty-kitty-ar-avenu-sulu-un-lavand-ekstr-28-g\/"},"modified":"2026-04-17T06:17:00","modified_gmt":"2026-04-17T06:17:00","slug":"7d-anml-s-maska-pretty-kitty-ar-avenu-sulu-un-lavand-ekstr-28-g","status":"publish","type":"product","link":"https:\/\/e.kosmolat.eu\/lv\/product\/7d-anml-s-maska-pretty-kitty-ar-avenu-sulu-un-lavand-ekstr-28-g\/","title":{"rendered":"7D ANML S.maska Pretty Kitty ar ave\u0146u sulu un lavand.ekstr, 28 g"},"content":{"rendered":"<p>&Scaron;\u012b maska, glu\u017ei k\u0101 ka\u0137\u0113ns, d\u0101v\u0101s:<\/p>\n<ul>\n<li>Maigumu: ave\u0146u sula pie\u0161\u0137ir \u0101dai maigumu un gludumu, samtainu mirdzumu, padarot to pat\u012bkamu taustei.<\/li>\n<li>Mieru: lavandai piem\u012bt izteikta nomierino\u0161a iedarb\u012bba un lieliskas atjaunojo\u0161as sp\u0113jas.<\/li>\n<li>Ener\u0123iju: vitam\u012bnu kokteilis dzi\u013ci atjauno, pie\u0161\u0137ir \u0101dai vesel\u012bgu izskatu.<\/li>\n<li>Rota\u013c\u012bgumu: uzkl\u0101jot \u0161o masku, rad\u012bsies v\u0113lme murr\u0101t no patikas.<\/li>\n<\/ul>\n<p><strong>Lieto\u0161ana:<\/strong> Att\u012briet sejas \u0101du. Uzkl\u0101jiet masku uz 10-15 min\u016bt\u0113m. Lai jautr\u0101ka gaid\u012b\u0161ana, varat uz\u0146emt pa\u0161bildi un ievietot to Instagram. P\u0113c maskas no\u0146em\u0161anas pamas\u0113jiet seju. Maskas paliekas no\u0146emiet ar kosm\u0113tikas salveti, noskalojiet seju ar \u016bdeni.<\/p>\n<p><strong>Piesardz\u012bbas pas\u0101kumi:<\/strong> tikai \u0101r\u012bgai lieto\u0161anai. Neizmantot atk\u0101rtoti. Izvair\u012bties no saskares ar ac\u012bm. Ja nok\u013c\u016bst ac\u012bs, nekav\u0113joties izskalot ar lielu daudzumu \u016bdens un, nepiecie\u0161am\u012bbas gad\u012bjum\u0101, v\u0113rsties p\u0113c medic\u012bniskas pal\u012bdz\u012bbas. Neuzkl\u0101t uz boj\u0101tas \u0101das. Nelietot, ja ir paaugstin\u0101ta jut\u012bba pret k\u0101du no maskas sast\u0101vda\u013c\u0101m. P\u0101rtraukt lieto\u0161anu, ja rodas kairin\u0101jums. Sarg\u0101t no b\u0113rniem. Uzglab\u0101t temperat\u016br\u0101 no +5&deg;C l\u012bdz +25&deg;C.<br \/>\n&nbsp;<\/p>\n","protected":false},"excerpt":{"rendered":"<p>&Scaron;\u012b maska, glu\u017ei k\u0101 ka\u0137\u0113ns, d\u0101v\u0101s: Maigumu: ave\u0146u sula pie\u0161\u0137ir \u0101dai maigumu un gludumu, samtainu mirdzumu, padarot to pat\u012bkamu taustei. Mieru: lavandai piem\u012bt izteikta nomierino\u0161a iedarb\u012bba un lieliskas atjaunojo\u0161as sp\u0113jas. Ener\u0123iju: vitam\u012bnu kokteilis dzi\u013ci atjauno, pie\u0161\u0137ir \u0101dai vesel\u012bgu izskatu. Rota\u013c\u012bgumu: uzkl\u0101jot \u0161o masku, rad\u012bsies v\u0113lme murr\u0101t no patikas. Lieto\u0161ana: Att\u012briet sejas \u0101du. Uzkl\u0101jiet masku uz [&#8230;]\n","protected":false},"featured_media":105176,"template":"","meta":[],"product_cat":[2182],"product_tag":[],"class_list":{"0":"post-45064","1":"product","2":"type-product","3":"status-publish","4":"has-post-thumbnail","6":"product_brand-7days_it","7":"product_cat-bez-kategorijas-ru","9":"first","10":"instock","11":"taxable","12":"shipping-taxable","13":"product-type-simple"},"_links":{"self":[{"href":"https:\/\/e.kosmolat.eu\/lv\/wp-json\/wp\/v2\/product\/45064","targetHints":{"allow":["GET"]}}],"collection":[{"href":"https:\/\/e.kosmolat.eu\/lv\/wp-json\/wp\/v2\/product"}],"about":[{"href":"https:\/\/e.kosmolat.eu\/lv\/wp-json\/wp\/v2\/types\/product"}],"wp:featuredmedia":[{"embeddable":true,"href":"https:\/\/e.kosmolat.eu\/lv\/wp-json\/wp\/v2\/media\/105176"}],"wp:attachment":[{"href":"https:\/\/e.kosmolat.eu\/lv\/wp-json\/wp\/v2\/media?parent=45064"}],"wp:term":[{"taxonomy":"product_cat","embeddable":true,"href":"https:\/\/e.kosmolat.eu\/lv\/wp-json\/wp\/v2\/product_cat?post=45064"},{"taxonomy":"product_tag","embeddable":true,"href":"https:\/\/e.kosmolat.eu\/lv\/wp-json\/wp\/v2\/product_tag?post=45064"}],"curies":[{"name":"wp","href":"https:\/\/api.w.org\/{rel}","templated":true}]}}