{"id":45048,"date":"2024-02-16T05:02:27","date_gmt":"2024-02-16T05:02:27","guid":{"rendered":"https:\/\/e.kosmolat.eu\/product\/shelley-daisy-sausais-sampuns-200-ml\/"},"modified":"2026-04-17T13:05:20","modified_gmt":"2026-04-17T13:05:20","slug":"shelley-daisy-sausais-sampuns-200-ml","status":"publish","type":"product","link":"https:\/\/e.kosmolat.eu\/lv\/product\/shelley-daisy-sausais-sampuns-200-ml\/","title":{"rendered":"Shelley daisy Sausais \u0161amp\u016bns, 200 ml"},"content":{"rendered":"<p>Shelley Sausais \u0161amp\u016bns uzs\u016bc matu taukus, palielina matu apjomu un tie k\u013c\u016bst viegli \u0137emm\u0113jami.<\/p>\n<p><strong>Lieto\u0161ana:&nbsp;<\/strong><br \/>\nTikai 3 vienk\u0101r\u0161as darb\u012bbas:<br \/>\n1: Sakrat\u012bt flakonu pirms lieto\u0161anas. Turiet flakonu 30 cm att\u0101lum\u0101 no sausiem matiem, sadaliet matus un vienm\u0113r\u012bgi izsmidziniet.<br \/>\n2: Labi iemas\u0113jiet matu saknes ar pirkstu galiem.<br \/>\n3: Tad \u0137emm\u0113jiet matus, lai no\u0146emtu p\u0101rpalikumus un ieveidojiet tos.<\/p>\n<p><strong>B\u012bstami! \u012apa\u0161i viegli uzliesmojo\u0161s aerosols<\/strong>. Tvertne zem spiediena: karstum\u0101 var eksplod\u0113t. Br\u012bdin\u0101jums: Tvertne zem spiediena: nedurt vai nededzin\u0101t, ar\u012b p\u0113c izlieto\u0161anas. Neizsmidzin\u0101t uz atkl\u0101tas uguns vai citiem aizdeg\u0161an\u0101s avotiem. Nelietot viet\u0101s, kur ir sastopams &nbsp;karstums\/ dzirksteles\/ atkl\u0101ta uguns\/karstas virsmas. Nesm\u0113\u0137\u0113t. Aizsarg\u0101t no saules gaismas. Nepak\u013caut temperat\u016brai, kas p\u0101rsniedz 50&ordm; C \/ 122&ordm; F. Sarg\u0101t no b\u0113rniem. Nepie\u013caut nok\u013c\u016b\u0161anu ac\u012bs. Ja nok\u013c\u016bst ac\u012bs, nekav\u0113joties t\u0101s skalot ar lielu daudzumu \u016bdens.<br \/>\n&nbsp;<\/p>\n","protected":false},"excerpt":{"rendered":"<p>Shelley Sausais \u0161amp\u016bns uzs\u016bc matu taukus, palielina matu apjomu un tie k\u013c\u016bst viegli \u0137emm\u0113jami. Lieto\u0161ana:&nbsp; Tikai 3 vienk\u0101r\u0161as darb\u012bbas: 1: Sakrat\u012bt flakonu pirms lieto\u0161anas. Turiet flakonu 30 cm att\u0101lum\u0101 no sausiem matiem, sadaliet matus un vienm\u0113r\u012bgi izsmidziniet. 2: Labi iemas\u0113jiet matu saknes ar pirkstu galiem. 3: Tad \u0137emm\u0113jiet matus, lai no\u0146emtu p\u0101rpalikumus un ieveidojiet tos. [&#8230;]\n","protected":false},"featured_media":102138,"template":"","meta":[],"product_cat":[1248],"product_tag":[],"class_list":{"0":"post-45048","1":"product","2":"type-product","3":"status-publish","4":"has-post-thumbnail","6":"product_brand-statestrong_gb","7":"product_cat-sampuni","9":"first","10":"outofstock","11":"taxable","12":"shipping-taxable","13":"product-type-simple"},"_links":{"self":[{"href":"https:\/\/e.kosmolat.eu\/lv\/wp-json\/wp\/v2\/product\/45048","targetHints":{"allow":["GET"]}}],"collection":[{"href":"https:\/\/e.kosmolat.eu\/lv\/wp-json\/wp\/v2\/product"}],"about":[{"href":"https:\/\/e.kosmolat.eu\/lv\/wp-json\/wp\/v2\/types\/product"}],"wp:featuredmedia":[{"embeddable":true,"href":"https:\/\/e.kosmolat.eu\/lv\/wp-json\/wp\/v2\/media\/102138"}],"wp:attachment":[{"href":"https:\/\/e.kosmolat.eu\/lv\/wp-json\/wp\/v2\/media?parent=45048"}],"wp:term":[{"taxonomy":"product_cat","embeddable":true,"href":"https:\/\/e.kosmolat.eu\/lv\/wp-json\/wp\/v2\/product_cat?post=45048"},{"taxonomy":"product_tag","embeddable":true,"href":"https:\/\/e.kosmolat.eu\/lv\/wp-json\/wp\/v2\/product_tag?post=45048"}],"curies":[{"name":"wp","href":"https:\/\/api.w.org\/{rel}","templated":true}]}}