{"id":45015,"date":"2024-02-14T10:50:41","date_gmt":"2024-02-14T10:50:41","guid":{"rendered":"https:\/\/e.kosmolat.eu\/product\/blyskavka-sport-%d0%bd%d0%b5%d0%b9%d1%82saec%d0%b7a%d1%82%d0%bes-%d0%b7a%d0%bfaoa-ae%d1%8f-%d0%bei%d1%83%d0%b2c-%d1%81%d0%bfs%d0%b5%d0%b9-100%d0%bce\/"},"modified":"2026-04-10T10:21:41","modified_gmt":"2026-04-10T10:21:41","slug":"i_blyskavka-sport-apavu-dezodorants-100-ml","status":"publish","type":"product","link":"https:\/\/e.kosmolat.eu\/lv\/product\/i_blyskavka-sport-apavu-dezodorants-100-ml\/","title":{"rendered":"I_Blyskavka Sport Apavu dezodorants, 100 ml"},"content":{"rendered":"<p>\u0100das, zam&scaron;\u0101das, nubuka, tekstila kop&scaron;anai.<\/p>\n<p><strong>Lieto&scaron;ana: <\/strong>pirms lieto&scaron;anas sakratiet pudeli. Izsmidziniet l\u012bdzekli apavu iek&scaron;pus\u0113. Ja nepiecie&scaron;ams, atsevi&scaron;\u0137i apstr\u0101d\u0101jiet ieliekamo zol\u012bti. Pagaidiet, l\u012bdz iz\u017e\u016bst. Izvairieties no saskares ar ac\u012bm.<\/p>\n<p><strong>Uzglab\u0101&scaron;ana:<\/strong> uzglab\u0101t saus\u0101, &nbsp;labi v\u0113din\u0101m\u0101 viet\u0101, temperat\u016br\u0101 no 0&deg;C l\u012bdz +30&deg;C. Sarg\u0101t no karstuma!<\/p>\n<p><strong>Der\u012bguma termi\u0146&scaron;:<\/strong> 5 gadi no izgatavo&scaron;anas datuma, kas nor\u0101d\u012bts uz iepakojuma.<\/p>\n<p><strong>Sast\u0101v\u0101:<\/strong> Smar\u017eas un arom\u0101tisk\u0101s kompoz\u012bcijas. Konservants.<\/p>\n<p>\n<strong><img decoding=\"async\" alt=\"\" src=\"file:\/\/\/C:\/Users\/masha\/Desktop\/GHS%2002.jpg\" style=\"height:40px; width:40px\" \/>GHS02 &nbsp;<img decoding=\"async\" alt=\"\" src=\"file:\/\/\/C:\/Users\/masha\/Desktop\/GHS07.png\" style=\"height:40px; width:40px\" \/>GHS07<\/strong>&nbsp;<strong>Uzman\u012bbu<\/strong><br \/>\n<strong>H226<\/strong> Uzliesmojo&scaron;s &scaron;\u0137idrums un tvaiki.<br \/>\n<strong>H319<\/strong> Izraisa nopietnu acu kairin\u0101jumu.<\/p>\n<p>Dro&scaron;\u012bbas pras\u012bbu apz\u012bm\u0113jumi:<br \/>\nP102 Sarg\u0101t no b\u0113rniem.<br \/>\nP210 Sarg\u0101t no karstuma, karst\u0101m virsm\u0101m, dzirkstel\u0113m, atkl\u0101tas uguns un citiem aizdeg&scaron;an\u0101s avotiem. Nesm\u0113\u0137\u0113t.<br \/>\nP264 P\u0113c izmanto&scaron;anas rokas k\u0101rt\u012bgi nomazg\u0101t.<br \/>\nP280 Izmantot aizsargcimdus\/aizsargdr\u0113bes\/ acu aizsargus\/sejas aizsargus.<\/p>\n<p>P305+P351+P338 SASKAR\u0112 AR AC\u012aM: Uzman\u012bgi izskalot ar \u016bdeni vair\u0101kas min\u016btes. Iz\u0146emt kontaktl\u0113cas, ja t\u0101s ir ievietotas un ja to var vienk\u0101r&scaron;i izdar\u012bt. Turpin\u0101t skalot.<br \/>\nP337+P313 Ja acu iekaisums nep\u0101riet: l\u016bdziet medi\u0137u pal\u012bdz\u012bbu<br \/>\nP303+P361+P358 SASKAR\u0112 AR \u0100DU (vai matiem): Nekav\u0113joties novilkt visu pies\u0101r\u0146oto ap\u0123\u0113rbu. Noskalot \u0101du ar \u016bdeni [vai iet du&scaron;\u0101].<br \/>\nP403+P235 Glab\u0101t labi v\u0113din\u0101m\u0101s telp\u0101s. Tur\u0113t v\u0113sum\u0101.<br \/>\n&nbsp;<\/p>\n","protected":false},"excerpt":{"rendered":"<p>\u0100das, zam&scaron;\u0101das, nubuka, tekstila kop&scaron;anai. Lieto&scaron;ana: pirms lieto&scaron;anas sakratiet pudeli. Izsmidziniet l\u012bdzekli apavu iek&scaron;pus\u0113. Ja nepiecie&scaron;ams, atsevi&scaron;\u0137i apstr\u0101d\u0101jiet ieliekamo zol\u012bti. Pagaidiet, l\u012bdz iz\u017e\u016bst. Izvairieties no saskares ar ac\u012bm. Uzglab\u0101&scaron;ana: uzglab\u0101t saus\u0101, &nbsp;labi v\u0113din\u0101m\u0101 viet\u0101, temperat\u016br\u0101 no 0&deg;C l\u012bdz +30&deg;C. Sarg\u0101t no karstuma! Der\u012bguma termi\u0146&scaron;: 5 gadi no izgatavo&scaron;anas datuma, kas nor\u0101d\u012bts uz iepakojuma. Sast\u0101v\u0101: Smar\u017eas [&#8230;]\n","protected":false},"featured_media":91010,"template":"","meta":[],"product_cat":[1730],"product_tag":[],"class_list":{"0":"post-45015","1":"product","2":"type-product","3":"status-publish","4":"has-post-thumbnail","6":"product_brand-blyskavka_ua","7":"product_cat-1730","9":"first","10":"instock","11":"taxable","12":"shipping-taxable","13":"product-type-simple"},"_links":{"self":[{"href":"https:\/\/e.kosmolat.eu\/lv\/wp-json\/wp\/v2\/product\/45015","targetHints":{"allow":["GET"]}}],"collection":[{"href":"https:\/\/e.kosmolat.eu\/lv\/wp-json\/wp\/v2\/product"}],"about":[{"href":"https:\/\/e.kosmolat.eu\/lv\/wp-json\/wp\/v2\/types\/product"}],"wp:featuredmedia":[{"embeddable":true,"href":"https:\/\/e.kosmolat.eu\/lv\/wp-json\/wp\/v2\/media\/91010"}],"wp:attachment":[{"href":"https:\/\/e.kosmolat.eu\/lv\/wp-json\/wp\/v2\/media?parent=45015"}],"wp:term":[{"taxonomy":"product_cat","embeddable":true,"href":"https:\/\/e.kosmolat.eu\/lv\/wp-json\/wp\/v2\/product_cat?post=45015"},{"taxonomy":"product_tag","embeddable":true,"href":"https:\/\/e.kosmolat.eu\/lv\/wp-json\/wp\/v2\/product_tag?post=45015"}],"curies":[{"name":"wp","href":"https:\/\/api.w.org\/{rel}","templated":true}]}}