{"id":44991,"date":"2024-02-14T05:03:57","date_gmt":"2024-02-14T05:03:57","guid":{"rendered":"https:\/\/e.kosmolat.eu\/product\/lb-mutes-dobuma-skalotajs-ar-ciedru-riekstu-un-salvijas-ekst-250-ml-2\/"},"modified":"2025-09-20T03:31:38","modified_gmt":"2025-09-20T03:31:38","slug":"lb-mutes-dobuma-skalotajs-ar-ciedru-riekstu-un-salvijas-ekst-250-ml-2","status":"publish","type":"product","link":"https:\/\/e.kosmolat.eu\/lv\/product\/lb-mutes-dobuma-skalotajs-ar-ciedru-riekstu-un-salvijas-ekst-250-ml-2\/","title":{"rendered":"LB Mutes dobuma skalot\u0101js ar ciedru riekstu un salvijas ekst., 250 ml"},"content":{"rendered":"<ul>\n<li>Augu nov\u0101r\u012bjumu formula veicina dabisk\u0101s mutes dobuma mikrofloras nodro&scaron;in\u0101&scaron;anu.<\/li>\n<li>Vitam\u012bniem bag\u0101tajam skujkoku ekstraktu kompleksam ar salvijas ekstraktam piem\u012bt pretiekaisuma iedarb\u012bba.&nbsp;<\/li>\n<\/ul>\n<p><strong>Lieto&scaron;ana: <\/strong>piepildiet v\u0101ci\u0146u ar skalo&scaron;anas l\u012bdzekli. Skalojiet mutes dobumu 30 sekundes. Lietot p\u0113c \u0113&scaron;anas un katras zobu t\u012br\u012b&scaron;anas reizes zobu pastas noskalo&scaron;anai vismaz divas reizes ned\u0113\u013c\u0101. Tikai pieaugu&scaron;ajiem.<\/p>\n<p><strong>Piesardz\u012bbas pas\u0101kumi: <\/strong>satur n\u0101trija fluor\u012bdu. Nenor\u012bt. Fluor\u012bdu masas da\u013ca 0,02%. Ir pie\u013caujamas nenoz\u012bm\u012bgas nogulsnes sakar\u0101 ar dab\u012bg\u0101m l\u012bdzek\u013ca sast\u0101vda\u013c\u0101m. Tas neietekm\u0113 produkta kvalit\u0101ti un dro&scaron;umu. Nav \u0101rstniecisks l\u012bdzeklis. L\u012bdzek\u013ca lieto&scaron;ana neatbr\u012bvo no stomatologa apmekl\u0113&scaron;anas.&nbsp;<\/p>\n<p>Uzglab\u0101t temperat\u016br\u0101 no +5&deg;C l\u012bdz +25&deg;C, b\u0113rniem nepieejam\u0101 viet\u0101.<br \/>\n&nbsp;<\/p>\n","protected":false},"excerpt":{"rendered":"<p>Augu nov\u0101r\u012bjumu formula veicina dabisk\u0101s mutes dobuma mikrofloras nodro&scaron;in\u0101&scaron;anu. Vitam\u012bniem bag\u0101tajam skujkoku ekstraktu kompleksam ar salvijas ekstraktam piem\u012bt pretiekaisuma iedarb\u012bba.&nbsp; Lieto&scaron;ana: piepildiet v\u0101ci\u0146u ar skalo&scaron;anas l\u012bdzekli. Skalojiet mutes dobumu 30 sekundes. Lietot p\u0113c \u0113&scaron;anas un katras zobu t\u012br\u012b&scaron;anas reizes zobu pastas noskalo&scaron;anai vismaz divas reizes ned\u0113\u013c\u0101. Tikai pieaugu&scaron;ajiem. Piesardz\u012bbas pas\u0101kumi: satur n\u0101trija fluor\u012bdu. Nenor\u012bt. Fluor\u012bdu [&#8230;]\n","protected":false},"featured_media":90994,"template":"","meta":[],"product_cat":[1999],"product_tag":[],"class_list":{"0":"post-44991","1":"product","2":"type-product","3":"status-publish","4":"has-post-thumbnail","6":"product_brand-unilever-ua","7":"product_cat-bez-kategorijas","9":"first","10":"outofstock","11":"taxable","12":"shipping-taxable","13":"product-type-simple"},"_links":{"self":[{"href":"https:\/\/e.kosmolat.eu\/lv\/wp-json\/wp\/v2\/product\/44991","targetHints":{"allow":["GET"]}}],"collection":[{"href":"https:\/\/e.kosmolat.eu\/lv\/wp-json\/wp\/v2\/product"}],"about":[{"href":"https:\/\/e.kosmolat.eu\/lv\/wp-json\/wp\/v2\/types\/product"}],"wp:featuredmedia":[{"embeddable":true,"href":"https:\/\/e.kosmolat.eu\/lv\/wp-json\/wp\/v2\/media\/90994"}],"wp:attachment":[{"href":"https:\/\/e.kosmolat.eu\/lv\/wp-json\/wp\/v2\/media?parent=44991"}],"wp:term":[{"taxonomy":"product_cat","embeddable":true,"href":"https:\/\/e.kosmolat.eu\/lv\/wp-json\/wp\/v2\/product_cat?post=44991"},{"taxonomy":"product_tag","embeddable":true,"href":"https:\/\/e.kosmolat.eu\/lv\/wp-json\/wp\/v2\/product_tag?post=44991"}],"curies":[{"name":"wp","href":"https:\/\/api.w.org\/{rel}","templated":true}]}}