{"id":44939,"date":"2024-02-13T05:05:39","date_gmt":"2024-02-13T05:05:39","guid":{"rendered":"https:\/\/e.kosmolat.eu\/product\/blyskavka-krems-krasa-apaviem-bezkrasaina-60ml\/"},"modified":"2026-05-08T05:32:32","modified_gmt":"2026-05-08T05:32:32","slug":"i_blyskavka-krems-krasa-apaviem-bezkrasaina-60ml","status":"publish","type":"product","link":"https:\/\/e.kosmolat.eu\/lv\/product\/i_blyskavka-krems-krasa-apaviem-bezkrasaina-60ml\/","title":{"rendered":"I_Blyskavka Kr\u0113ms-kr\u0101sa apaviem, bezkr\u0101sain\u0101, 60ml"},"content":{"rendered":"<p>Pie\u0161\u0137ir dab\u012bgu sp\u012bdumu, nav j\u0101pul\u0113. Aizsarg\u0101 pret mitrumu.<\/p>\n<p><strong>Lieto\u0161ana:<\/strong> ar \u0161vamm\u012bti uzkl\u0101jiet pl\u0101nu kr\u0113mkr\u0101sas k\u0101rtu uz t\u012bras un sausas virsmas, \u013caujiet no\u017e\u016bt. Nepul\u0113jiet. Ja nepiecie\u0161ams atk\u0101rtojiet uzkl\u0101\u0161anu. P\u0113c lieto\u0161anas cie\u0161i aizveriet abus v\u0101kus.<\/p>\n<p><strong>Sast\u0101vs:<\/strong> \u016bdens, vasku kompoz\u012bcija, akrila emulsija, izopropanols, plastifikators, kr\u0101sviela.<\/p>\n<p><strong>Uzglab\u0101\u0161anas noteikumi:<\/strong> uzglab\u0101t saus\u0101, labi v\u0113din\u0101m\u0101 telp\u0101, temperat\u016br\u0101 no 0&deg;C l\u012bdz +35&deg;C, b\u0113rniem nepieejam\u0101 viet\u0101. Lietot p\u0113c nor\u0101d\u012bjumiem.<\/p>\n<p><strong>Der\u012bguma termi\u0146\u0161:<\/strong> 5 gadi no izgatavo\u0161anas datuma, kas nor\u0101d\u012bts uz iepakojuma.<\/p>\n<p>&nbsp;<\/p>\n","protected":false},"excerpt":{"rendered":"<p>Pie\u0161\u0137ir dab\u012bgu sp\u012bdumu, nav j\u0101pul\u0113. Aizsarg\u0101 pret mitrumu. Lieto\u0161ana: ar \u0161vamm\u012bti uzkl\u0101jiet pl\u0101nu kr\u0113mkr\u0101sas k\u0101rtu uz t\u012bras un sausas virsmas, \u013caujiet no\u017e\u016bt. Nepul\u0113jiet. Ja nepiecie\u0161ams atk\u0101rtojiet uzkl\u0101\u0161anu. P\u0113c lieto\u0161anas cie\u0161i aizveriet abus v\u0101kus. Sast\u0101vs: \u016bdens, vasku kompoz\u012bcija, akrila emulsija, izopropanols, plastifikators, kr\u0101sviela. Uzglab\u0101\u0161anas noteikumi: uzglab\u0101t saus\u0101, labi v\u0113din\u0101m\u0101 telp\u0101, temperat\u016br\u0101 no 0&deg;C l\u012bdz +35&deg;C, b\u0113rniem [&#8230;]\n","protected":false},"featured_media":84150,"template":"","meta":[],"product_cat":[1731],"product_tag":[],"class_list":{"0":"post-44939","1":"product","2":"type-product","3":"status-publish","4":"has-post-thumbnail","6":"product_brand-blyskavka_ua","7":"product_cat-batu-valymo-priemones-ir-priedai","9":"first","10":"outofstock","11":"taxable","12":"shipping-taxable","13":"product-type-simple"},"_links":{"self":[{"href":"https:\/\/e.kosmolat.eu\/lv\/wp-json\/wp\/v2\/product\/44939","targetHints":{"allow":["GET"]}}],"collection":[{"href":"https:\/\/e.kosmolat.eu\/lv\/wp-json\/wp\/v2\/product"}],"about":[{"href":"https:\/\/e.kosmolat.eu\/lv\/wp-json\/wp\/v2\/types\/product"}],"wp:featuredmedia":[{"embeddable":true,"href":"https:\/\/e.kosmolat.eu\/lv\/wp-json\/wp\/v2\/media\/84150"}],"wp:attachment":[{"href":"https:\/\/e.kosmolat.eu\/lv\/wp-json\/wp\/v2\/media?parent=44939"}],"wp:term":[{"taxonomy":"product_cat","embeddable":true,"href":"https:\/\/e.kosmolat.eu\/lv\/wp-json\/wp\/v2\/product_cat?post=44939"},{"taxonomy":"product_tag","embeddable":true,"href":"https:\/\/e.kosmolat.eu\/lv\/wp-json\/wp\/v2\/product_tag?post=44939"}],"curies":[{"name":"wp","href":"https:\/\/api.w.org\/{rel}","templated":true}]}}