{"id":44935,"date":"2024-02-13T05:05:20","date_gmt":"2024-02-13T05:05:20","guid":{"rendered":"https:\/\/e.kosmolat.eu\/product\/blyskavka-krems-krasa-apaviem-melna-60-ml\/"},"modified":"2026-05-07T16:02:39","modified_gmt":"2026-05-07T16:02:39","slug":"i_blyskavka-krems-krasa-apaviem-melna-60-ml","status":"publish","type":"product","link":"https:\/\/e.kosmolat.eu\/lv\/product\/i_blyskavka-krems-krasa-apaviem-melna-60-ml\/","title":{"rendered":"I_Blyskavka Kr\u0113ms-kr\u0101sa apaviem, melna, 60 ml"},"content":{"rendered":"<p>Kr\u0113mkr\u0101sa apaviem, 60 ml pie\u0161\u0137ir dab\u012bgu sp\u012bdumu, nav j\u0101p\u016bl\u0113 apavus. Aizsarg\u0101 pret mitrumu, ir \u0113rta lieto\u0161an\u0101.<\/p>\n","protected":false},"excerpt":{"rendered":"<p>Kr\u0113mkr\u0101sa apaviem, 60 ml pie\u0161\u0137ir dab\u012bgu sp\u012bdumu, nav j\u0101p\u016bl\u0113 apavus. Aizsarg\u0101 pret mitrumu, ir \u0113rta lieto\u0161an\u0101.<\/p>\n","protected":false},"featured_media":84142,"template":"","meta":[],"product_cat":[1731],"product_tag":[],"class_list":{"0":"post-44935","1":"product","2":"type-product","3":"status-publish","4":"has-post-thumbnail","6":"product_brand-blyskavka_ua","7":"product_cat-batu-valymo-priemones-ir-priedai","9":"first","10":"outofstock","11":"taxable","12":"shipping-taxable","13":"product-type-simple"},"_links":{"self":[{"href":"https:\/\/e.kosmolat.eu\/lv\/wp-json\/wp\/v2\/product\/44935","targetHints":{"allow":["GET"]}}],"collection":[{"href":"https:\/\/e.kosmolat.eu\/lv\/wp-json\/wp\/v2\/product"}],"about":[{"href":"https:\/\/e.kosmolat.eu\/lv\/wp-json\/wp\/v2\/types\/product"}],"wp:featuredmedia":[{"embeddable":true,"href":"https:\/\/e.kosmolat.eu\/lv\/wp-json\/wp\/v2\/media\/84142"}],"wp:attachment":[{"href":"https:\/\/e.kosmolat.eu\/lv\/wp-json\/wp\/v2\/media?parent=44935"}],"wp:term":[{"taxonomy":"product_cat","embeddable":true,"href":"https:\/\/e.kosmolat.eu\/lv\/wp-json\/wp\/v2\/product_cat?post=44935"},{"taxonomy":"product_tag","embeddable":true,"href":"https:\/\/e.kosmolat.eu\/lv\/wp-json\/wp\/v2\/product_tag?post=44935"}],"curies":[{"name":"wp","href":"https:\/\/api.w.org\/{rel}","templated":true}]}}