{"id":44907,"date":"2024-02-13T05:04:16","date_gmt":"2024-02-13T05:04:16","guid":{"rendered":"https:\/\/e.kosmolat.eu\/product\/blyskavka-krems-apaviem-tubina-bruns\/"},"modified":"2026-03-31T19:36:24","modified_gmt":"2026-03-31T19:36:24","slug":"i_blyskavka-krems-apaviem-tubina-bruns","status":"publish","type":"product","link":"https:\/\/e.kosmolat.eu\/lv\/product\/i_blyskavka-krems-apaviem-tubina-bruns\/","title":{"rendered":"I_Blyskavka Kr\u0113ms apaviem t\u016bbi\u0146\u0101, br\u016bns"},"content":{"rendered":"<p>Augstas kvalit\u0101tes apavu kr\u0113ms ir paredz\u0113ts gludai \u0101dai. Atjauno kr\u0101su, aizsarg\u0101 pret mitrumu, s\u0101li un pie\u0161\u0137ir sp\u012bdumu. Izgatavots uz bi\u0161u vaska pamata. Kr\u0113ms ir viegli uzkl\u0101jams uz apaviem, tas \u0101tri uzs\u016bcas un lieliski p\u016bl\u0113jams. Satur dab\u012bgu vasku, nodro\u0161ina pilnv\u0113rt\u012bgu apavu kop\u0161anu. Regul\u0101ra kr\u0113ma lieto\u0161ana \u013cauj uztur\u0113t apavus lab\u0101 st\u0101vokl\u012b un paildzina t\u0101s kalpo\u0161anas laiku. Lieto\u0161ana: vienm\u0113r\u012bgi uzkl\u0101t uz sausas t\u012bras \u0101das, iedot uzs\u016bkties ne maz\u0101k k\u0101 15-20 min\u016btes, nop\u016bl\u0113t l\u012bdz ve\u013camaj\u0101m sp\u012bdumam. Sast\u0101vs: bi\u0161u vasks, stear\u012bns, paraf\u012bns, kr\u0101sviela, aromatiz\u0113t\u0101js, \u016bdens. Uzglab\u0101\u0161anas noteikumi: saus\u0101 v\u0113din\u0101m\u0101 telp\u0101, temperat\u016br\u0101 no +0\u00b0C l\u012bdz +20\u00b0C. Uzglab\u0101t b\u0113rniem nepieejam\u0101 viet\u0101. Lietot p\u0113c nor\u0101d\u012bjum\u0101.\u00a0<\/p>\n","protected":false},"excerpt":{"rendered":"<p>Augstas kvalit\u0101tes apavu kr\u0113ms ir paredz\u0113ts gludai \u0101dai. Atjauno kr\u0101su, aizsarg\u0101 pret mitrumu, s\u0101li un pie\u0161\u0137ir sp\u012bdumu. Izgatavots uz bi\u0161u vaska pamata. Kr\u0113ms ir viegli uzkl\u0101jams uz apaviem, tas \u0101tri uzs\u016bcas un lieliski p\u016bl\u0113jams. Satur dab\u012bgu vasku, nodro\u0161ina pilnv\u0113rt\u012bgu apavu kop\u0161anu. Regul\u0101ra kr\u0113ma lieto\u0161ana \u013cauj uztur\u0113t apavus lab\u0101 st\u0101vokl\u012b un paildzina t\u0101s kalpo\u0161anas laiku. Lieto\u0161ana: [&#8230;]\n","protected":false},"featured_media":84122,"template":"","meta":[],"product_cat":[1729],"product_tag":[],"class_list":{"0":"post-44907","1":"product","2":"type-product","3":"status-publish","4":"has-post-thumbnail","6":"product_brand-blyskavka_ua","7":"product_cat-apavu-kopsanas-lidzekli-un-aksesuari","9":"first","10":"outofstock","11":"taxable","12":"shipping-taxable","13":"product-type-simple"},"_links":{"self":[{"href":"https:\/\/e.kosmolat.eu\/lv\/wp-json\/wp\/v2\/product\/44907","targetHints":{"allow":["GET"]}}],"collection":[{"href":"https:\/\/e.kosmolat.eu\/lv\/wp-json\/wp\/v2\/product"}],"about":[{"href":"https:\/\/e.kosmolat.eu\/lv\/wp-json\/wp\/v2\/types\/product"}],"wp:featuredmedia":[{"embeddable":true,"href":"https:\/\/e.kosmolat.eu\/lv\/wp-json\/wp\/v2\/media\/84122"}],"wp:attachment":[{"href":"https:\/\/e.kosmolat.eu\/lv\/wp-json\/wp\/v2\/media?parent=44907"}],"wp:term":[{"taxonomy":"product_cat","embeddable":true,"href":"https:\/\/e.kosmolat.eu\/lv\/wp-json\/wp\/v2\/product_cat?post=44907"},{"taxonomy":"product_tag","embeddable":true,"href":"https:\/\/e.kosmolat.eu\/lv\/wp-json\/wp\/v2\/product_tag?post=44907"}],"curies":[{"name":"wp","href":"https:\/\/api.w.org\/{rel}","templated":true}]}}