{"id":44895,"date":"2024-02-13T05:03:51","date_gmt":"2024-02-13T05:03:51","guid":{"rendered":"https:\/\/e.kosmolat.eu\/product\/blyskavka-mini-birste-apaviem-un-apgerbam\/"},"modified":"2026-03-31T20:06:52","modified_gmt":"2026-03-31T20:06:52","slug":"i_blyskavka-mini-birste-apaviem-un-apgerbam","status":"publish","type":"product","link":"https:\/\/e.kosmolat.eu\/lv\/product\/i_blyskavka-mini-birste-apaviem-un-apgerbam\/","title":{"rendered":"I_Blyskavka Mini-birste apaviem un ap\u0123\u0113rbam"},"content":{"rendered":"<p><strong>Sast\u0101vda\u013cas:<\/strong> koks, dab\u012bgie sari.<br \/>\n<strong>Der\u012bguma termi\u0146\u0161:<\/strong> neierobe\u017eots.&nbsp;<br \/>\n&nbsp;<\/p>\n<p>&nbsp;<\/p>\n<p>&nbsp;<\/p>\n","protected":false},"excerpt":{"rendered":"<p>Sast\u0101vda\u013cas: koks, dab\u012bgie sari. Der\u012bguma termi\u0146\u0161: neierobe\u017eots.&nbsp; &nbsp; &nbsp; &nbsp;<\/p>\n","protected":false},"featured_media":84410,"template":"","meta":[],"product_cat":[1731],"product_tag":[],"class_list":{"0":"post-44895","1":"product","2":"type-product","3":"status-publish","4":"has-post-thumbnail","6":"product_brand-blyskavka_ua","7":"product_cat-batu-valymo-priemones-ir-priedai","9":"first","10":"instock","11":"taxable","12":"shipping-taxable","13":"product-type-simple"},"_links":{"self":[{"href":"https:\/\/e.kosmolat.eu\/lv\/wp-json\/wp\/v2\/product\/44895","targetHints":{"allow":["GET"]}}],"collection":[{"href":"https:\/\/e.kosmolat.eu\/lv\/wp-json\/wp\/v2\/product"}],"about":[{"href":"https:\/\/e.kosmolat.eu\/lv\/wp-json\/wp\/v2\/types\/product"}],"wp:featuredmedia":[{"embeddable":true,"href":"https:\/\/e.kosmolat.eu\/lv\/wp-json\/wp\/v2\/media\/84410"}],"wp:attachment":[{"href":"https:\/\/e.kosmolat.eu\/lv\/wp-json\/wp\/v2\/media?parent=44895"}],"wp:term":[{"taxonomy":"product_cat","embeddable":true,"href":"https:\/\/e.kosmolat.eu\/lv\/wp-json\/wp\/v2\/product_cat?post=44895"},{"taxonomy":"product_tag","embeddable":true,"href":"https:\/\/e.kosmolat.eu\/lv\/wp-json\/wp\/v2\/product_tag?post=44895"}],"curies":[{"name":"wp","href":"https:\/\/api.w.org\/{rel}","templated":true}]}}