{"id":44883,"date":"2024-02-13T05:03:22","date_gmt":"2024-02-13T05:03:22","guid":{"rendered":"https:\/\/e.kosmolat.eu\/product\/blyskavka-svammite-zamsadas-apaviem-liela\/"},"modified":"2026-03-31T19:35:49","modified_gmt":"2026-03-31T19:35:49","slug":"i_blyskavka-svammite-zamsadas-apaviem-liela","status":"publish","type":"product","link":"https:\/\/e.kosmolat.eu\/lv\/product\/i_blyskavka-svammite-zamsadas-apaviem-liela\/","title":{"rendered":"I_Blyskavka \u0160vamm\u012bte zam\u0161\u0101das apaviem, liela"},"content":{"rendered":"<p>&Scaron;vamm\u012bte zam\u0161\u0101das apavu t\u012br\u012b\u0161anai un kop\u0161anai.<\/p>\n<p><strong>Uzglab\u0101\u0161anas noteikumi:<\/strong> uzglab\u0101t saus\u0101, labi v\u0113din\u0101m\u0101 telp\u0101, temperat\u016br\u0101 no 0&deg;C l\u012bdz +35&deg;C.<\/p>\n<p><strong>Der\u012bguma termi\u0146\u0161:<\/strong> 5 gadi no izgatavo\u0161anas datuma, kas nor\u0101d\u012bts uz iepakojuma.<\/p>\n","protected":false},"excerpt":{"rendered":"<p>&Scaron;vamm\u012bte zam\u0161\u0101das apavu t\u012br\u012b\u0161anai un kop\u0161anai. Uzglab\u0101\u0161anas noteikumi: uzglab\u0101t saus\u0101, labi v\u0113din\u0101m\u0101 telp\u0101, temperat\u016br\u0101 no 0&deg;C l\u012bdz +35&deg;C. Der\u012bguma termi\u0146\u0161: 5 gadi no izgatavo\u0161anas datuma, kas nor\u0101d\u012bts uz iepakojuma.<\/p>\n","protected":false},"featured_media":84166,"template":"","meta":[],"product_cat":[1730],"product_tag":[],"class_list":{"0":"post-44883","1":"product","2":"type-product","3":"status-publish","4":"has-post-thumbnail","6":"product_brand-blyskavka_ua","7":"product_cat-1730","9":"first","10":"outofstock","11":"taxable","12":"shipping-taxable","13":"product-type-simple"},"_links":{"self":[{"href":"https:\/\/e.kosmolat.eu\/lv\/wp-json\/wp\/v2\/product\/44883","targetHints":{"allow":["GET"]}}],"collection":[{"href":"https:\/\/e.kosmolat.eu\/lv\/wp-json\/wp\/v2\/product"}],"about":[{"href":"https:\/\/e.kosmolat.eu\/lv\/wp-json\/wp\/v2\/types\/product"}],"wp:featuredmedia":[{"embeddable":true,"href":"https:\/\/e.kosmolat.eu\/lv\/wp-json\/wp\/v2\/media\/84166"}],"wp:attachment":[{"href":"https:\/\/e.kosmolat.eu\/lv\/wp-json\/wp\/v2\/media?parent=44883"}],"wp:term":[{"taxonomy":"product_cat","embeddable":true,"href":"https:\/\/e.kosmolat.eu\/lv\/wp-json\/wp\/v2\/product_cat?post=44883"},{"taxonomy":"product_tag","embeddable":true,"href":"https:\/\/e.kosmolat.eu\/lv\/wp-json\/wp\/v2\/product_tag?post=44883"}],"curies":[{"name":"wp","href":"https:\/\/api.w.org\/{rel}","templated":true}]}}