{"id":44879,"date":"2024-02-13T05:03:10","date_gmt":"2024-02-13T05:03:10","guid":{"rendered":"https:\/\/e.kosmolat.eu\/product\/blyskavka-svammite-apaviem-melna-videja-izmera\/"},"modified":"2026-03-31T20:07:57","modified_gmt":"2026-03-31T20:07:57","slug":"blyskavka-svammite-apaviem-melna-videja-izmera","status":"publish","type":"product","link":"https:\/\/e.kosmolat.eu\/lv\/product\/blyskavka-svammite-apaviem-melna-videja-izmera\/","title":{"rendered":"Blyskavka \u0160vamm\u012bte apaviem, meln\u0101 (vid\u0113j\u0101 izm\u0113ra)"},"content":{"rendered":"<p>&Scaron;vamm\u012bte uz silikona pamata.&nbsp;<\/p>\n<p><strong>Sast\u0101vda\u013cas:<\/strong> silikona e\u013c\u013ca, aromatizators, kr\u0101sviela.&nbsp;<br \/>\n<strong>Uzglab\u0101\u0161anas noteikumi:<\/strong> uzglab\u0101t saus\u0101, labi v\u0113din\u0101m\u0101 telp\u0101, temperat\u016br\u0101 no 0&deg;C l\u012bdz +35&deg;C.<br \/>\n<strong>Der\u012bguma termi\u0146\u0161:<\/strong> 5 gadi no izgatavo\u0161anas datuma, kas nor\u0101d\u012bts uz iepakojuma.<br \/>\n&nbsp;<\/p>\n","protected":false},"excerpt":{"rendered":"<p>&Scaron;vamm\u012bte uz silikona pamata.&nbsp; Sast\u0101vda\u013cas: silikona e\u013c\u013ca, aromatizators, kr\u0101sviela.&nbsp; Uzglab\u0101\u0161anas noteikumi: uzglab\u0101t saus\u0101, labi v\u0113din\u0101m\u0101 telp\u0101, temperat\u016br\u0101 no 0&deg;C l\u012bdz +35&deg;C. Der\u012bguma termi\u0146\u0161: 5 gadi no izgatavo\u0161anas datuma, kas nor\u0101d\u012bts uz iepakojuma. &nbsp;<\/p>\n","protected":false},"featured_media":84426,"template":"","meta":[],"product_cat":[1729],"product_tag":[],"class_list":{"0":"post-44879","1":"product","2":"type-product","3":"status-publish","4":"has-post-thumbnail","6":"product_brand-blyskavka_ua","7":"product_cat-apavu-kopsanas-lidzekli-un-aksesuari","9":"first","10":"outofstock","11":"taxable","12":"shipping-taxable","13":"product-type-simple"},"_links":{"self":[{"href":"https:\/\/e.kosmolat.eu\/lv\/wp-json\/wp\/v2\/product\/44879","targetHints":{"allow":["GET"]}}],"collection":[{"href":"https:\/\/e.kosmolat.eu\/lv\/wp-json\/wp\/v2\/product"}],"about":[{"href":"https:\/\/e.kosmolat.eu\/lv\/wp-json\/wp\/v2\/types\/product"}],"wp:featuredmedia":[{"embeddable":true,"href":"https:\/\/e.kosmolat.eu\/lv\/wp-json\/wp\/v2\/media\/84426"}],"wp:attachment":[{"href":"https:\/\/e.kosmolat.eu\/lv\/wp-json\/wp\/v2\/media?parent=44879"}],"wp:term":[{"taxonomy":"product_cat","embeddable":true,"href":"https:\/\/e.kosmolat.eu\/lv\/wp-json\/wp\/v2\/product_cat?post=44879"},{"taxonomy":"product_tag","embeddable":true,"href":"https:\/\/e.kosmolat.eu\/lv\/wp-json\/wp\/v2\/product_tag?post=44879"}],"curies":[{"name":"wp","href":"https:\/\/api.w.org\/{rel}","templated":true}]}}