{"id":44871,"date":"2024-02-13T05:02:55","date_gmt":"2024-02-13T05:02:55","guid":{"rendered":"https:\/\/e.kosmolat.eu\/product\/blyskavka-svammite-apaviem-bezkrasaina-videja-izmera\/"},"modified":"2026-04-23T14:14:26","modified_gmt":"2026-04-23T14:14:26","slug":"blyskavka-svammite-apaviem-bezkrasaina-videja-izmera","status":"publish","type":"product","link":"https:\/\/e.kosmolat.eu\/lv\/product\/blyskavka-svammite-apaviem-bezkrasaina-videja-izmera\/","title":{"rendered":"Blyskavka \u0160vamm\u012bte apaviem, bezkr\u0101sain\u0101 (vid\u0113j\u0101 izm\u0113ra)"},"content":{"rendered":"<p>&Scaron;vamm\u012bte uz silikona pamata.&nbsp;<\/p>\n<p><strong>Sast\u0101vs: <\/strong>silikona e\u013c\u013ca, aromatiz\u0113t\u0101js.<br \/>\n<strong>Uzglab\u0101\u0161anas noteikumi:<\/strong> uzglab\u0101t saus\u0101, labi v\u0113din\u0101m\u0101 telp\u0101, temperat\u016br\u0101 no 0&deg;C l\u012bdz +35&deg;C.<br \/>\n<strong>Der\u012bguma termi\u0146\u0161:<\/strong> 5 gadi no izgatavo\u0161anas datuma, kas nor\u0101d\u012bts uz iepakojuma.<\/p>\n<p>&nbsp;<\/p>\n","protected":false},"excerpt":{"rendered":"<p>&Scaron;vamm\u012bte uz silikona pamata.&nbsp; Sast\u0101vs: silikona e\u013c\u013ca, aromatiz\u0113t\u0101js. Uzglab\u0101\u0161anas noteikumi: uzglab\u0101t saus\u0101, labi v\u0113din\u0101m\u0101 telp\u0101, temperat\u016br\u0101 no 0&deg;C l\u012bdz +35&deg;C. Der\u012bguma termi\u0146\u0161: 5 gadi no izgatavo\u0161anas datuma, kas nor\u0101d\u012bts uz iepakojuma. &nbsp;<\/p>\n","protected":false},"featured_media":84106,"template":"","meta":[],"product_cat":[1731],"product_tag":[],"class_list":{"0":"post-44871","1":"product","2":"type-product","3":"status-publish","4":"has-post-thumbnail","6":"product_brand-blyskavka_ua","7":"product_cat-batu-valymo-priemones-ir-priedai","9":"first","10":"instock","11":"taxable","12":"shipping-taxable","13":"product-type-simple"},"_links":{"self":[{"href":"https:\/\/e.kosmolat.eu\/lv\/wp-json\/wp\/v2\/product\/44871","targetHints":{"allow":["GET"]}}],"collection":[{"href":"https:\/\/e.kosmolat.eu\/lv\/wp-json\/wp\/v2\/product"}],"about":[{"href":"https:\/\/e.kosmolat.eu\/lv\/wp-json\/wp\/v2\/types\/product"}],"wp:featuredmedia":[{"embeddable":true,"href":"https:\/\/e.kosmolat.eu\/lv\/wp-json\/wp\/v2\/media\/84106"}],"wp:attachment":[{"href":"https:\/\/e.kosmolat.eu\/lv\/wp-json\/wp\/v2\/media?parent=44871"}],"wp:term":[{"taxonomy":"product_cat","embeddable":true,"href":"https:\/\/e.kosmolat.eu\/lv\/wp-json\/wp\/v2\/product_cat?post=44871"},{"taxonomy":"product_tag","embeddable":true,"href":"https:\/\/e.kosmolat.eu\/lv\/wp-json\/wp\/v2\/product_tag?post=44871"}],"curies":[{"name":"wp","href":"https:\/\/api.w.org\/{rel}","templated":true}]}}