{"id":44844,"date":"2024-02-10T05:02:17","date_gmt":"2024-02-10T05:02:17","guid":{"rendered":"https:\/\/e.kosmolat.eu\/product\/bd-auduma-sejas-maska-ar-medus-un-propolisa-ekstraktu-25-ml\/"},"modified":"2026-04-17T11:25:48","modified_gmt":"2026-04-17T11:25:48","slug":"bd-auduma-sejas-maska-ar-medus-un-propolisa-ekstraktu-25-ml","status":"publish","type":"product","link":"https:\/\/e.kosmolat.eu\/lv\/product\/bd-auduma-sejas-maska-ar-medus-un-propolisa-ekstraktu-25-ml\/","title":{"rendered":"BD Auduma sejas maska ar medus un propolisa ekstraktu, 25 ml"},"content":{"rendered":"<p>M\u012bkstina, baro un mitrina \u0101du, padarot to gludu, tvirtu un elast\u012bgu.<\/p>\n<p><strong>Lieto&scaron;ana: <\/strong>&nbsp;<\/p>\n<ol>\n<li>Iz\u0146emiet masku no iepakojuma un uzkl\u0101jiet to uz &nbsp;att\u012br\u012btas sejas \u0101das, uzman\u012bgi izl\u012bdzinot ar pirkstu galiem.<\/li>\n<li>Paturiet masku uz sejas 15-20 min\u016btes.<\/li>\n<li>Emulsijas paliekas viegli iemas\u0113jiet \u0101d\u0101. Nenomazg\u0101t. Ja nepiecie&scaron;ams, no\u0146emiet emulsijas paliekas ar vates disku.<\/li>\n<\/ol>\n<p><strong>Uzman\u012bbu:<\/strong> Maska paredz\u0113ta tikai vienai lieto&scaron;anas reizei! Pirms lieto&scaron;anas maska ir j\u0101p\u0101rbauda uz neliela \u0101das laukuma. Ja rodas aler\u0123iska reakcija, p\u0101rtrauciet lieto&scaron;anu. Tikai \u0101r\u012bgai lieto&scaron;anai. Masku ieteicams lietot uzreiz p\u0113c iepakojuma atv\u0113r&scaron;anas.<\/p>\n<p><strong>Kontrindik\u0101cijas:<\/strong> individu\u0101la nepanes\u012bba pret maskas sast\u0101vda\u013c\u0101m.<\/p>\n<p>Uzglab\u0101t temperat\u016br\u0101 no +5&deg;C l\u012bdz +25&deg;C un relat\u012bvaj\u0101 mitrum\u0101 55-70%, sarg\u0101jot no tie&scaron;iem saules stariem, ne tuv\u0101k par vienu metru no siltuma avotiem.<\/p>\n<p><strong>Der\u012bguma termi\u0146&scaron;:<\/strong> 36 m\u0113ne&scaron;i no izgatavo&scaron;anas datuma.<\/p>\n","protected":false},"excerpt":{"rendered":"<p>M\u012bkstina, baro un mitrina \u0101du, padarot to gludu, tvirtu un elast\u012bgu. Lieto&scaron;ana: &nbsp; Iz\u0146emiet masku no iepakojuma un uzkl\u0101jiet to uz &nbsp;att\u012br\u012btas sejas \u0101das, uzman\u012bgi izl\u012bdzinot ar pirkstu galiem. Paturiet masku uz sejas 15-20 min\u016btes. Emulsijas paliekas viegli iemas\u0113jiet \u0101d\u0101. Nenomazg\u0101t. Ja nepiecie&scaron;ams, no\u0146emiet emulsijas paliekas ar vates disku. Uzman\u012bbu: Maska paredz\u0113ta tikai vienai lieto&scaron;anas [&#8230;]\n","protected":false},"featured_media":86958,"template":"","meta":[],"product_cat":[1369],"product_tag":[],"class_list":{"0":"post-44844","1":"product","2":"type-product","3":"status-publish","4":"has-post-thumbnail","6":"product_brand-naturpro_ua","7":"product_cat-veido-kaukes","9":"first","10":"instock","11":"taxable","12":"shipping-taxable","13":"product-type-simple"},"_links":{"self":[{"href":"https:\/\/e.kosmolat.eu\/lv\/wp-json\/wp\/v2\/product\/44844","targetHints":{"allow":["GET"]}}],"collection":[{"href":"https:\/\/e.kosmolat.eu\/lv\/wp-json\/wp\/v2\/product"}],"about":[{"href":"https:\/\/e.kosmolat.eu\/lv\/wp-json\/wp\/v2\/types\/product"}],"wp:featuredmedia":[{"embeddable":true,"href":"https:\/\/e.kosmolat.eu\/lv\/wp-json\/wp\/v2\/media\/86958"}],"wp:attachment":[{"href":"https:\/\/e.kosmolat.eu\/lv\/wp-json\/wp\/v2\/media?parent=44844"}],"wp:term":[{"taxonomy":"product_cat","embeddable":true,"href":"https:\/\/e.kosmolat.eu\/lv\/wp-json\/wp\/v2\/product_cat?post=44844"},{"taxonomy":"product_tag","embeddable":true,"href":"https:\/\/e.kosmolat.eu\/lv\/wp-json\/wp\/v2\/product_tag?post=44844"}],"curies":[{"name":"wp","href":"https:\/\/api.w.org\/{rel}","templated":true}]}}