{"id":44826,"date":"2024-02-09T05:07:33","date_gmt":"2024-02-09T05:07:33","guid":{"rendered":"https:\/\/e.kosmolat.eu\/product\/celojuma-komplekts\/"},"modified":"2026-04-21T07:02:12","modified_gmt":"2026-04-21T07:02:12","slug":"celojuma-komplekts","status":"publish","type":"product","link":"https:\/\/e.kosmolat.eu\/lv\/product\/celojuma-komplekts\/","title":{"rendered":"Ce\u013cojuma komplekts"},"content":{"rendered":"<p>Ce\u013cojumu kosm\u0113tikas trauku komplekts caursp\u012bd\u012bg\u0101 plastmasas kosm\u0113tikas som\u0101. Izm\u0113rs: 20 x 20 cm.<\/p>\n<p>Ide\u0101li piem\u0113rots ce\u013cojumiem, \u012bpa&scaron;i rokas bag\u0101\u017eai lidma&scaron;\u012bn\u0101.<\/p>\n<p>Saturs: 3 trauki &scaron;\u0137idrai kosm\u0113tikai un 2 burkas kr\u0113miem. Katra iepakojuma tilpums ir l\u012bdz 100 ml.<br \/>\nKomplekt\u0101 rezerves pudeles v\u0101ci\u0146&scaron;.<\/p>\n","protected":false},"excerpt":{"rendered":"<p>Ce\u013cojumu kosm\u0113tikas trauku komplekts caursp\u012bd\u012bg\u0101 plastmasas kosm\u0113tikas som\u0101. Izm\u0113rs: 20 x 20 cm. Ide\u0101li piem\u0113rots ce\u013cojumiem, \u012bpa&scaron;i rokas bag\u0101\u017eai lidma&scaron;\u012bn\u0101. Saturs: 3 trauki &scaron;\u0137idrai kosm\u0113tikai un 2 burkas kr\u0113miem. Katra iepakojuma tilpums ir l\u012bdz 100 ml. Komplekt\u0101 rezerves pudeles v\u0101ci\u0146&scaron;.<\/p>\n","protected":false},"featured_media":81258,"template":"","meta":[],"product_cat":[1999],"product_tag":[],"class_list":{"0":"post-44826","1":"product","2":"type-product","3":"status-publish","4":"has-post-thumbnail","6":"product_brand-donegal-sp-zo-o-_pl","7":"product_cat-bez-kategorijas","9":"first","10":"instock","11":"taxable","12":"shipping-taxable","13":"product-type-simple"},"_links":{"self":[{"href":"https:\/\/e.kosmolat.eu\/lv\/wp-json\/wp\/v2\/product\/44826","targetHints":{"allow":["GET"]}}],"collection":[{"href":"https:\/\/e.kosmolat.eu\/lv\/wp-json\/wp\/v2\/product"}],"about":[{"href":"https:\/\/e.kosmolat.eu\/lv\/wp-json\/wp\/v2\/types\/product"}],"wp:featuredmedia":[{"embeddable":true,"href":"https:\/\/e.kosmolat.eu\/lv\/wp-json\/wp\/v2\/media\/81258"}],"wp:attachment":[{"href":"https:\/\/e.kosmolat.eu\/lv\/wp-json\/wp\/v2\/media?parent=44826"}],"wp:term":[{"taxonomy":"product_cat","embeddable":true,"href":"https:\/\/e.kosmolat.eu\/lv\/wp-json\/wp\/v2\/product_cat?post=44826"},{"taxonomy":"product_tag","embeddable":true,"href":"https:\/\/e.kosmolat.eu\/lv\/wp-json\/wp\/v2\/product_tag?post=44826"}],"curies":[{"name":"wp","href":"https:\/\/api.w.org\/{rel}","templated":true}]}}