{"id":44822,"date":"2024-02-09T05:07:20","date_gmt":"2024-02-09T05:07:20","guid":{"rendered":"https:\/\/e.kosmolat.eu\/product\/matu-kemme-frizieru-donair-213-cm-9088\/"},"modified":"2025-09-19T16:52:30","modified_gmt":"2025-09-19T16:52:30","slug":"matu-kemme-frizieru-donair-213-cm-9088","status":"publish","type":"product","link":"https:\/\/e.kosmolat.eu\/lv\/product\/matu-kemme-frizieru-donair-213-cm-9088\/","title":{"rendered":"Matu \u0137emme, frizieru DONAIR 21,3 cm 9088"},"content":{"rendered":"<p>Izgatavota no plastmasas. Iztur\u012bga, elast\u012bga. Neboj\u0101jas matu kop&scaron;anas l\u012bdzek\u013cu iedarb\u012bb\u0101. Karstumiztur\u012bga<\/p>\n","protected":false},"excerpt":{"rendered":"<p>Izgatavota no plastmasas. Iztur\u012bga, elast\u012bga. Neboj\u0101jas matu kop&scaron;anas l\u012bdzek\u013cu iedarb\u012bb\u0101. Karstumiztur\u012bga<\/p>\n","protected":false},"featured_media":80114,"template":"","meta":[],"product_cat":[1669],"product_tag":[],"class_list":{"0":"post-44822","1":"product","2":"type-product","3":"status-publish","4":"has-post-thumbnail","6":"product_brand-donegal-sp-zo-o-_pl","7":"product_cat-plauku-aksesuarai","9":"first","10":"outofstock","11":"taxable","12":"shipping-taxable","13":"product-type-simple"},"_links":{"self":[{"href":"https:\/\/e.kosmolat.eu\/lv\/wp-json\/wp\/v2\/product\/44822","targetHints":{"allow":["GET"]}}],"collection":[{"href":"https:\/\/e.kosmolat.eu\/lv\/wp-json\/wp\/v2\/product"}],"about":[{"href":"https:\/\/e.kosmolat.eu\/lv\/wp-json\/wp\/v2\/types\/product"}],"wp:featuredmedia":[{"embeddable":true,"href":"https:\/\/e.kosmolat.eu\/lv\/wp-json\/wp\/v2\/media\/80114"}],"wp:attachment":[{"href":"https:\/\/e.kosmolat.eu\/lv\/wp-json\/wp\/v2\/media?parent=44822"}],"wp:term":[{"taxonomy":"product_cat","embeddable":true,"href":"https:\/\/e.kosmolat.eu\/lv\/wp-json\/wp\/v2\/product_cat?post=44822"},{"taxonomy":"product_tag","embeddable":true,"href":"https:\/\/e.kosmolat.eu\/lv\/wp-json\/wp\/v2\/product_tag?post=44822"}],"curies":[{"name":"wp","href":"https:\/\/api.w.org\/{rel}","templated":true}]}}