{"id":44718,"date":"2024-02-09T05:03:17","date_gmt":"2024-02-09T05:03:17","guid":{"rendered":"https:\/\/e.kosmolat.eu\/product\/donegal-nagu-vile-neon-play-ii-izliegta-daz-krasas\/"},"modified":"2025-09-20T00:37:13","modified_gmt":"2025-09-20T00:37:13","slug":"nagu-vile-neon-play-ii-izliegta-daz-krasas","status":"publish","type":"product","link":"https:\/\/e.kosmolat.eu\/lv\/product\/nagu-vile-neon-play-ii-izliegta-daz-krasas\/","title":{"rendered":"Nagu v\u012ble Neon-Play II, izliegta, da\u017e.kr\u0101sas"},"content":{"rendered":"","protected":false},"excerpt":{"rendered":"","protected":false},"featured_media":88166,"template":"","meta":[],"product_cat":[1821],"product_tag":[],"class_list":{"0":"post-44718","1":"product","2":"type-product","3":"status-publish","4":"has-post-thumbnail","6":"product_brand-donegal-sp-zo-o-_pl","7":"product_cat-manikira-piederumi","9":"first","10":"outofstock","11":"taxable","12":"shipping-taxable","13":"product-type-simple"},"_links":{"self":[{"href":"https:\/\/e.kosmolat.eu\/lv\/wp-json\/wp\/v2\/product\/44718","targetHints":{"allow":["GET"]}}],"collection":[{"href":"https:\/\/e.kosmolat.eu\/lv\/wp-json\/wp\/v2\/product"}],"about":[{"href":"https:\/\/e.kosmolat.eu\/lv\/wp-json\/wp\/v2\/types\/product"}],"wp:featuredmedia":[{"embeddable":true,"href":"https:\/\/e.kosmolat.eu\/lv\/wp-json\/wp\/v2\/media\/88166"}],"wp:attachment":[{"href":"https:\/\/e.kosmolat.eu\/lv\/wp-json\/wp\/v2\/media?parent=44718"}],"wp:term":[{"taxonomy":"product_cat","embeddable":true,"href":"https:\/\/e.kosmolat.eu\/lv\/wp-json\/wp\/v2\/product_cat?post=44718"},{"taxonomy":"product_tag","embeddable":true,"href":"https:\/\/e.kosmolat.eu\/lv\/wp-json\/wp\/v2\/product_tag?post=44718"}],"curies":[{"name":"wp","href":"https:\/\/api.w.org\/{rel}","templated":true}]}}