{"id":44658,"date":"2024-02-03T05:04:41","date_gmt":"2024-02-03T05:04:41","guid":{"rendered":"https:\/\/e.kosmolat.eu\/product\/i_dr-s-anti-hair-loss-sampuns-250-ml\/"},"modified":"2026-04-20T13:55:00","modified_gmt":"2026-04-20T13:55:00","slug":"dr-s-anti-hair-loss-sampuns-250-ml","status":"publish","type":"product","link":"https:\/\/e.kosmolat.eu\/lv\/product\/dr-s-anti-hair-loss-sampuns-250-ml\/","title":{"rendered":"&#8220;Dr.S Anti Hair Loss&#8221; \u0160amp\u016bns, 250 ml"},"content":{"rendered":"<p>Trichogen complex. Stimul\u0113 matu aug&scaron;anu. Nov\u0101jin\u0101tiem matiem ar tendenci uz izkri&scaron;anu. Akt\u012bva sist\u0113ma, kur\u0101 ir aminosk\u0101bes, vitam\u012bni, miner\u0101li un prote\u012bni, intens\u012bvi iedarbojas uz matiem no sakn\u0113m l\u012bdz matu galiem. Nodro&scaron;ina atjauno&scaron;anu, aktiviz\u0113jot stipru un vesel\u012bgu matu aug&scaron;anu.<\/p>\n<p>Peri\u0101nas maki ekstrakts stiprina matu folikulas, stimul\u0113 kolag\u0113na sint\u0113zi. Paildzina matu aug&scaron;anas f\u0101zi un samazina matu izkri&scaron;anu.<\/p>\n<p>Lup\u012bna s\u0113klu prote\u012bni labv\u0113l\u012bgi ietekm\u0113 matu \u0101r\u0113jo izskatu, pie&scaron;kir tiem sp\u012bdumu un sp\u0113ku. Aizsarg\u0101 pret meh\u0101nisko un \u0137\u012bmisko iedarb\u012bbu matu z\u0101v\u0113&scaron;anas, ieveido&scaron;anas un kr\u0101so&scaron;anas laik\u0101. &Scaron;amp\u016bns saudz\u012bgi att\u012bra matus un galvas \u0101du.<\/p>\n<p><strong>Lieto&scaron;ana:&nbsp;<\/strong>uzkl\u0101t nepiecie&scaron;amu &scaron;amp\u016bna daudzumu uz mitriem matiem, saputot, nomazg\u0101t ar \u016bdeni. Nepiecie&scaron;am\u012bbas gad\u012bjum\u0101 proced\u016bru atk\u0101rtot.&nbsp;<\/p>\n","protected":false},"excerpt":{"rendered":"<p>Trichogen complex. Stimul\u0113 matu aug&scaron;anu. Nov\u0101jin\u0101tiem matiem ar tendenci uz izkri&scaron;anu. Akt\u012bva sist\u0113ma, kur\u0101 ir aminosk\u0101bes, vitam\u012bni, miner\u0101li un prote\u012bni, intens\u012bvi iedarbojas uz matiem no sakn\u0113m l\u012bdz matu galiem. Nodro&scaron;ina atjauno&scaron;anu, aktiviz\u0113jot stipru un vesel\u012bgu matu aug&scaron;anu. Peri\u0101nas maki ekstrakts stiprina matu folikulas, stimul\u0113 kolag\u0113na sint\u0113zi. Paildzina matu aug&scaron;anas f\u0101zi un samazina matu izkri&scaron;anu. Lup\u012bna [&#8230;]\n","protected":false},"featured_media":80898,"template":"","meta":[],"product_cat":[1248],"product_tag":[],"class_list":{"0":"post-44658","1":"product","2":"type-product","3":"status-publish","4":"has-post-thumbnail","6":"product_brand-elfa_ua","7":"product_cat-sampuni","9":"first","10":"instock","11":"taxable","12":"shipping-taxable","13":"product-type-simple"},"_links":{"self":[{"href":"https:\/\/e.kosmolat.eu\/lv\/wp-json\/wp\/v2\/product\/44658","targetHints":{"allow":["GET"]}}],"collection":[{"href":"https:\/\/e.kosmolat.eu\/lv\/wp-json\/wp\/v2\/product"}],"about":[{"href":"https:\/\/e.kosmolat.eu\/lv\/wp-json\/wp\/v2\/types\/product"}],"wp:featuredmedia":[{"embeddable":true,"href":"https:\/\/e.kosmolat.eu\/lv\/wp-json\/wp\/v2\/media\/80898"}],"wp:attachment":[{"href":"https:\/\/e.kosmolat.eu\/lv\/wp-json\/wp\/v2\/media?parent=44658"}],"wp:term":[{"taxonomy":"product_cat","embeddable":true,"href":"https:\/\/e.kosmolat.eu\/lv\/wp-json\/wp\/v2\/product_cat?post=44658"},{"taxonomy":"product_tag","embeddable":true,"href":"https:\/\/e.kosmolat.eu\/lv\/wp-json\/wp\/v2\/product_tag?post=44658"}],"curies":[{"name":"wp","href":"https:\/\/api.w.org\/{rel}","templated":true}]}}