{"id":44650,"date":"2024-02-03T05:04:23","date_gmt":"2024-02-03T05:04:23","guid":{"rendered":"https:\/\/e.kosmolat.eu\/product\/i_dd-matu-balzams-kazas-piens-intensiva-barosana-480-ml\/"},"modified":"2026-04-11T18:48:20","modified_gmt":"2026-04-11T18:48:20","slug":"i_dd-matu-balzams-kazas-piens-intensiva-barosana-480-ml","status":"publish","type":"product","link":"https:\/\/e.kosmolat.eu\/lv\/product\/i_dd-matu-balzams-kazas-piens-intensiva-barosana-480-ml\/","title":{"rendered":"I_&#8221;DD&#8221; Matu balzams &#8220;Kazas piens&#8221; Intens\u012bv\u0101 baro\u0161ana, 480 ml"},"content":{"rendered":"<p>Boj\u0101tiem matiem. Bazlams efekt\u012bvi atjauno boj\u0101tus matus, nodro&scaron;ina to z\u012bdainumu, elast\u012bbu un sp\u012bdumu. Kazas piens ir bag\u0101ts ar v\u0113rt\u012bg\u0101m sast\u0101vda\u013c\u0101m, intens\u012bvi baro un mitrina matus. Speci\u0101ls lins\u0113klu, ric\u012bne\u013c\u013cas un dad\u017ea ekstrakts stimul\u0113 matu aug&scaron;anu, padara tos gludus un elast\u012bgus. Lieto&scaron;ana: uzkl\u0101t uz t\u012briem mitriem matiem, vienm\u0113r\u012bgi izl\u012bdzin\u0101t vis\u0101 matu gatum\u0101, nomazg\u0101t ar \u016bdeni. Piesardz\u012bbas pas\u0101kumi: ja iek\u013c\u016bst ac\u012bs, nomazg\u0101t ar \u016bdeni. Ir iesp\u0113jama individu\u0101l\u0101 paaugstin\u0101ta jut\u012bba uz atsevi&scaron;\u0137\u0101m sast\u0101vda\u013c\u0101m.<\/p>\n","protected":false},"excerpt":{"rendered":"<p>Boj\u0101tiem matiem. Bazlams efekt\u012bvi atjauno boj\u0101tus matus, nodro&scaron;ina to z\u012bdainumu, elast\u012bbu un sp\u012bdumu. Kazas piens ir bag\u0101ts ar v\u0113rt\u012bg\u0101m sast\u0101vda\u013c\u0101m, intens\u012bvi baro un mitrina matus. Speci\u0101ls lins\u0113klu, ric\u012bne\u013c\u013cas un dad\u017ea ekstrakts stimul\u0113 matu aug&scaron;anu, padara tos gludus un elast\u012bgus. Lieto&scaron;ana: uzkl\u0101t uz t\u012briem mitriem matiem, vienm\u0113r\u012bgi izl\u012bdzin\u0101t vis\u0101 matu gatum\u0101, nomazg\u0101t ar \u016bdeni. Piesardz\u012bbas pas\u0101kumi: [&#8230;]\n","protected":false},"featured_media":80998,"template":"","meta":[],"product_cat":[1638],"product_tag":[],"class_list":{"0":"post-44650","1":"product","2":"type-product","3":"status-publish","4":"has-post-thumbnail","6":"product_brand-elfa_ua","7":"product_cat-balzami","9":"first","10":"outofstock","11":"taxable","12":"shipping-taxable","13":"product-type-simple"},"_links":{"self":[{"href":"https:\/\/e.kosmolat.eu\/lv\/wp-json\/wp\/v2\/product\/44650","targetHints":{"allow":["GET"]}}],"collection":[{"href":"https:\/\/e.kosmolat.eu\/lv\/wp-json\/wp\/v2\/product"}],"about":[{"href":"https:\/\/e.kosmolat.eu\/lv\/wp-json\/wp\/v2\/types\/product"}],"wp:featuredmedia":[{"embeddable":true,"href":"https:\/\/e.kosmolat.eu\/lv\/wp-json\/wp\/v2\/media\/80998"}],"wp:attachment":[{"href":"https:\/\/e.kosmolat.eu\/lv\/wp-json\/wp\/v2\/media?parent=44650"}],"wp:term":[{"taxonomy":"product_cat","embeddable":true,"href":"https:\/\/e.kosmolat.eu\/lv\/wp-json\/wp\/v2\/product_cat?post=44650"},{"taxonomy":"product_tag","embeddable":true,"href":"https:\/\/e.kosmolat.eu\/lv\/wp-json\/wp\/v2\/product_tag?post=44650"}],"curies":[{"name":"wp","href":"https:\/\/api.w.org\/{rel}","templated":true}]}}