{"id":44646,"date":"2024-02-03T05:04:09","date_gmt":"2024-02-03T05:04:09","guid":{"rendered":"https:\/\/e.kosmolat.eu\/product\/dd-krems-rokam-un-nagiem-bisu-vasks-250-ml\/"},"modified":"2026-04-22T10:35:30","modified_gmt":"2026-04-22T10:35:30","slug":"dd-krems-rokam-un-nagiem-bisu-vasks-250-ml","status":"publish","type":"product","link":"https:\/\/e.kosmolat.eu\/lv\/product\/dd-krems-rokam-un-nagiem-bisu-vasks-250-ml\/","title":{"rendered":"&#8220;DD&#8221; Kr\u0113ms rok\u0101m un nagiem &#8220;Bi\u0161u vasks&#8221;, 250 ml"},"content":{"rendered":"<p>Barojo\u0161s ar aizsardz\u012bbas \u012bpa\u0161\u012bb\u0101m. Pal\u012bdz saglab\u0101t \u0101du vesel\u012bgu un z\u012bdainu. Satur bi\u0161u vasku &#8211; aizsarg\u0101jo\u0161a barojo\u0161\u0101 sast\u0101vda\u013cas, kura veido neredzamu barjeru, aizsarg\u0101 un stiprina \u0101du un nagus.<\/p>\n<p>Lieto\u0161ana: uzkl\u0101t uz t\u012bras sausas roku \u0101das.<\/p>\n<p>Piesardz\u012bbas pas\u0101kumi: paaugstin\u0101ta individu\u0101la jut\u012bba uz atsevi\u0161\u0137\u0101m sast\u0101vda\u013c\u0101m.<\/p>\n","protected":false},"excerpt":{"rendered":"<p>Barojo\u0161s ar aizsardz\u012bbas \u012bpa\u0161\u012bb\u0101m. Pal\u012bdz saglab\u0101t \u0101du vesel\u012bgu un z\u012bdainu. Satur bi\u0161u vasku &#8211; aizsarg\u0101jo\u0161a barojo\u0161\u0101 sast\u0101vda\u013cas, kura veido neredzamu barjeru, aizsarg\u0101 un stiprina \u0101du un nagus. Lieto\u0161ana: uzkl\u0101t uz t\u012bras sausas roku \u0101das. Piesardz\u012bbas pas\u0101kumi: paaugstin\u0101ta individu\u0101la jut\u012bba uz atsevi\u0161\u0137\u0101m sast\u0101vda\u013c\u0101m.<\/p>\n","protected":false},"featured_media":79686,"template":"","meta":[],"product_cat":[1999],"product_tag":[],"class_list":{"0":"post-44646","1":"product","2":"type-product","3":"status-publish","4":"has-post-thumbnail","6":"product_brand-elfa_ua","7":"product_cat-bez-kategorijas","9":"first","10":"instock","11":"taxable","12":"shipping-taxable","13":"product-type-simple"},"_links":{"self":[{"href":"https:\/\/e.kosmolat.eu\/lv\/wp-json\/wp\/v2\/product\/44646","targetHints":{"allow":["GET"]}}],"collection":[{"href":"https:\/\/e.kosmolat.eu\/lv\/wp-json\/wp\/v2\/product"}],"about":[{"href":"https:\/\/e.kosmolat.eu\/lv\/wp-json\/wp\/v2\/types\/product"}],"wp:featuredmedia":[{"embeddable":true,"href":"https:\/\/e.kosmolat.eu\/lv\/wp-json\/wp\/v2\/media\/79686"}],"wp:attachment":[{"href":"https:\/\/e.kosmolat.eu\/lv\/wp-json\/wp\/v2\/media?parent=44646"}],"wp:term":[{"taxonomy":"product_cat","embeddable":true,"href":"https:\/\/e.kosmolat.eu\/lv\/wp-json\/wp\/v2\/product_cat?post=44646"},{"taxonomy":"product_tag","embeddable":true,"href":"https:\/\/e.kosmolat.eu\/lv\/wp-json\/wp\/v2\/product_tag?post=44646"}],"curies":[{"name":"wp","href":"https:\/\/api.w.org\/{rel}","templated":true}]}}