{"id":44638,"date":"2024-02-03T05:03:54","date_gmt":"2024-02-03T05:03:54","guid":{"rendered":"https:\/\/e.kosmolat.eu\/product\/caramel-depilacijas-krems-bikini-zonai-un-padusem-100-ml\/"},"modified":"2026-04-20T11:46:35","modified_gmt":"2026-04-20T11:46:35","slug":"lady-caramel-depilacijas-krems-bikini-zonai-un-padusem-100-ml","status":"publish","type":"product","link":"https:\/\/e.kosmolat.eu\/lv\/product\/lady-caramel-depilacijas-krems-bikini-zonai-un-padusem-100-ml\/","title":{"rendered":"Lady Caramel Depil\u0101cijas kr\u0113ms &#8220;Bikini zonai un padus\u0113m&#8221;, 100 ml"},"content":{"rendered":"<p>Marokas argana e\u013c\u013ca. Kakao un karit\u0113 sviests. \u0100trs un viegls depil\u0101cijas veids m\u0101jas apst\u0101k\u013cos. Depil\u0101cijas kr\u0113ms jut\u012bgiem \u0101das laukumiem ar kakao un karit\u0113 sviestiem Arganas e\u013c\u013ca mitrina un lieliski mitrina \u0101du, nomierina \u0101das kairin\u0101jumu un aps\u0101rtumu p\u0113c depil\u0101cijas proced\u016bras. \u013bauj maigi depil\u0113t bikini un padu&scaron;u zonu. P\u0113c depil\u0101cijas \u0101da ilgsto&scaron;i saglab\u0101 gludumu un maigumu.&nbsp;&nbsp;<\/p>\n<p><strong>Lieto&scaron;ana:<\/strong> Nepie\u013caut nok\u013c\u016b&scaron;anu ac\u012bs. Ja l\u012bdzeklis nok\u013c\u016bst ac\u012bs, t\u016bl\u012bt t\u0101s izskalot. Satur tioglikol\u0101tu. Satur s\u0101rmu. Iev\u0113rot nor\u0101d\u012bjumus. Sarg\u0101t no b\u0113rniem.&nbsp;P\u0101rbaudiet kr\u0113ma iedarb\u012bbu uz \u0101das laukuma, kur pl\u0101nojat veikt depil\u0101ciju. Ja 24h laik\u0101 nerodas nek\u0101da reakcija, kr\u0113mu var lietot, sekojot lieto&scaron;anas instrukcijai.&nbsp;<\/p>\n<p>1. Izmazg\u0101t ar \u016bdeni \u0101das laukumu, uz kuras J\u016bs pl\u0101nojat uzkl\u0101t depil\u0101cijas kr\u0113mu.<\/p>\n<p>2. Izsm\u0113r\u0113t kr\u0113mu ar l\u0101psti\u0146as pal\u012bdz\u012bbu, nosedzot matus, kurus J\u016bs v\u0113laties likvid\u0113t.<\/p>\n<p>3. P\u0113c 3 min\u016bt\u0113m no\u0146emiet nelielu kr\u0113ma daudzumu. Ja J\u016bs nesasniedz\u0101t v\u0113lamo rezult\u0101tu, atst\u0101jiet kr\u0113mu v\u0113l uz da\u017e\u0101m min\u016bt\u0113m. Kop\u012bgs iedarb\u012bbas laiks nevar b\u016bt ilg\u0101ks par 10 min\u016bt\u0113m.<\/p>\n<p>4. No\u0146emiet kr\u0113mu ar l\u0101psti\u0146as vai mitr\u0101 dvie\u013ca pal\u012bdz\u012bbu. Nomazg\u0101jiet \u0101du ar v\u0113su \u016bdeni.<\/p>\n<p>5. Nomazg\u0101jiet l\u0101psti\u0146u, aizveriet t\u016bbi\u0146u. Kad nelietojiet kr\u0113mu, uzglab\u0101jiet t\u016bbi\u0146u cie&scaron;i aizv\u0113rtu.&nbsp;&nbsp;<\/p>\n<p><strong>Piesardz\u012bbas pas\u0101kumi:<\/strong>&nbsp;Iev\u0113rot lieto&scaron;anas instrukciju. Izvair\u012bties no iek\u013c\u016b&scaron;anas ac\u012bs un uz l\u016bp\u0101m. Ja iek\u013c\u016bst ac\u012bs vai uz l\u016bp\u0101m, nekav\u0113joties izskalot ar lielu \u016bdens daudzumu, un, nepiecie&scaron;am\u012bbas gad\u012bjum\u0101, v\u0113rsties pie \u0101rsta. Uzglab\u0101t b\u0113rniem un dz\u012bvniekiem nepieejam\u0101 viet\u0101. Satur tioglikol\u0101tu. Satur s\u0101rmus. Iesp\u0113jama paaugstin\u0101ta individu\u0101la jut\u012bba pret atsevi&scaron;\u0137\u0101m sast\u0101vda\u013c\u0101m.&nbsp;&nbsp;<\/p>\n<p><strong>Rekomend\u0101cijas:&nbsp;<\/strong>Nelietojiet depil\u0101cijas kr\u0113mu uz dzimumz\u012bm\u012bt\u0113m, boj\u0101tas, apdegu&scaron;as, iekaisu&scaron;as vai kairin\u0101tas \u0101das, varikozi papla&scaron;in\u0101to v\u0113nu gad\u012bjum\u0101. Pirms depil\u0101cijas \u0101dai ir j\u0101b\u016bt t\u012brai un sausai. Izvair\u012bties no saules vann\u0101m vienas stundas laik\u0101 p\u0113c depil\u0101cijas. 24h laik\u0101 pirms un p\u0113c depil\u0101cijas nelietojiet ziepes, odekolonus, dezodorantus, k\u0101 ar\u012b nelietojiet citus spirtu saturo&scaron;us l\u012bdzek\u013cus kr\u0113ma no\u0146em&scaron;anai. Nelietojiet kr\u0113mu uz jut\u012bgas \u0101das (deguna, ausu, kr\u016btsgalu, uzacu, acu zon\u0101). Nelietojiet kr\u0113mu uz \u0123enit\u0101liju un perian\u0101l\u0101s zonas. Ja j\u016bs lietoj\u0101t z\u0101les kaut k\u0101das slim\u012bbas d\u0113\u013c, konsult\u0113jaties ar \u0101rstu pirms depil\u0101cijas kr\u0113ma lieto&scaron;anas. Kr\u0113mu nerekomend\u0113 lietot cilv\u0113kiem, kas slimo ar diab\u0113tu. Ja kr\u0113ma lieto&scaron;anas laik\u0101 J\u016bs izjut\u012bsiet dedzin\u0101&scaron;anas saj\u016btu, likvid\u0113jiet kr\u0113mu un nomazg\u0101jiet \u0101du ar siltu \u016bdeni. Kr\u0113ms nav paredz\u0113ts ikdienas lieto&scaron;anai. Netiek rekomend\u0113ts lietot kr\u0113mu atk\u0101rtoti ne agr\u0101k, k\u0101 72h p\u0113c depil\u0101cijas.&nbsp;&nbsp;<\/p>\n","protected":false},"excerpt":{"rendered":"<p>Marokas argana e\u013c\u013ca. Kakao un karit\u0113 sviests. \u0100trs un viegls depil\u0101cijas veids m\u0101jas apst\u0101k\u013cos. Depil\u0101cijas kr\u0113ms jut\u012bgiem \u0101das laukumiem ar kakao un karit\u0113 sviestiem Arganas e\u013c\u013ca mitrina un lieliski mitrina \u0101du, nomierina \u0101das kairin\u0101jumu un aps\u0101rtumu p\u0113c depil\u0101cijas proced\u016bras. \u013bauj maigi depil\u0113t bikini un padu&scaron;u zonu. P\u0113c depil\u0101cijas \u0101da ilgsto&scaron;i saglab\u0101 gludumu un maigumu.&nbsp;&nbsp; Lieto&scaron;ana: [&#8230;]\n","protected":false},"featured_media":78990,"template":"","meta":[],"product_cat":[1622],"product_tag":[],"class_list":{"0":"post-44638","1":"product","2":"type-product","3":"status-publish","4":"has-post-thumbnail","6":"product_brand-elfa_ua","7":"product_cat-depilacijas-un-skusanas-lidzekli","9":"first","10":"instock","11":"taxable","12":"shipping-taxable","13":"product-type-simple"},"_links":{"self":[{"href":"https:\/\/e.kosmolat.eu\/lv\/wp-json\/wp\/v2\/product\/44638","targetHints":{"allow":["GET"]}}],"collection":[{"href":"https:\/\/e.kosmolat.eu\/lv\/wp-json\/wp\/v2\/product"}],"about":[{"href":"https:\/\/e.kosmolat.eu\/lv\/wp-json\/wp\/v2\/types\/product"}],"wp:featuredmedia":[{"embeddable":true,"href":"https:\/\/e.kosmolat.eu\/lv\/wp-json\/wp\/v2\/media\/78990"}],"wp:attachment":[{"href":"https:\/\/e.kosmolat.eu\/lv\/wp-json\/wp\/v2\/media?parent=44638"}],"wp:term":[{"taxonomy":"product_cat","embeddable":true,"href":"https:\/\/e.kosmolat.eu\/lv\/wp-json\/wp\/v2\/product_cat?post=44638"},{"taxonomy":"product_tag","embeddable":true,"href":"https:\/\/e.kosmolat.eu\/lv\/wp-json\/wp\/v2\/product_tag?post=44638"}],"curies":[{"name":"wp","href":"https:\/\/api.w.org\/{rel}","templated":true}]}}