{"id":44630,"date":"2024-02-03T05:03:38","date_gmt":"2024-02-03T05:03:38","guid":{"rendered":"https:\/\/e.kosmolat.eu\/product\/i_za-masazas-ella-kompleksa-5in1-200-ml\/"},"modified":"2026-04-23T13:24:07","modified_gmt":"2026-04-23T13:24:07","slug":"gp-masazas-ella-kompleksa-5in1-200-ml","status":"publish","type":"product","link":"https:\/\/e.kosmolat.eu\/lv\/product\/gp-masazas-ella-kompleksa-5in1-200-ml\/","title":{"rendered":"GP Mas\u0101\u017eas e\u013c\u013ca Kompleks\u0101 5in1, 200 ml"},"content":{"rendered":"<p>5 e\u013c\u013cas jebkura tipa mas\u0101\u017eas e\u013c\u013cai profesion\u0101lai lieto\u0161anai un lieto\u0161anai m\u0101jas apst\u0101k\u013cos. Me\u017eroz\u012b\u0161u, sezama s\u0113klu, makad\u0101mijas, avokado un mande\u013cu e\u013c\u013ca. Kompoz\u012bcija no 5 e\u013c\u013c\u0101m (mande\u013cu, sezama s\u0113klu, me\u017eroz\u012b\u0161u, makad\u0101mija, avokado) ide\u0101li piem\u0113rots jebkuram mas\u0101\u017eas tipam. Var lietot k\u0101 b\u0101zes e\u013c\u013cu, papildus bag\u0101tinot to ar \u0113terisko e\u013c\u013cu kompoz\u012bcij\u0101m. Sast\u0101v\u0101 eso\u0161\u0101 me\u017eroz\u012b\u0161u e\u013c\u013ca re\u0123ener\u0113, sadzied\u0113 un tai piem\u012bt atjaunino\u0161as \u012bpa\u0161\u012bbas. Mande\u013cu un sezama s\u0113klu e\u013c\u013cas, kas ir bag\u0101tas ar E vitam\u012bnu, baro un izl\u012bdzina \u0101du. Makad\u0101mijas un avokado e\u013c\u013c\u0101m piem\u012bt lieliskas mitrino\u0161as \u012bpa\u0161\u012bbas, t\u0101s pie\u0161\u0137ir \u0101dai elast\u012bbu. Nesatur konservantus un kr\u0101svielas. <\/p>\n<h4>Lieto\u0161ana: <\/h4>\n<p>mas\u0101\u017eai \u2013 mas\u0101\u017eas kust\u012bb\u0101m uzkl\u0101t nelielu e\u013c\u013cas daudzumu uz t\u012bras \u0137erme\u0146a \u0101das, \u0137erme\u0146a kop\u0161anai \u2013 uzkl\u0101t nelielu e\u013c\u013cas daudzumu uz mitras \u0101das p\u0113c vanno\u0161anas vai du\u0161as.<\/p>\n","protected":false},"excerpt":{"rendered":"<p>5 e\u013c\u013cas jebkura tipa mas\u0101\u017eas e\u013c\u013cai profesion\u0101lai lieto\u0161anai un lieto\u0161anai m\u0101jas apst\u0101k\u013cos. Me\u017eroz\u012b\u0161u, sezama s\u0113klu, makad\u0101mijas, avokado un mande\u013cu e\u013c\u013ca. Kompoz\u012bcija no 5 e\u013c\u013c\u0101m (mande\u013cu, sezama s\u0113klu, me\u017eroz\u012b\u0161u, makad\u0101mija, avokado) ide\u0101li piem\u0113rots jebkuram mas\u0101\u017eas tipam. Var lietot k\u0101 b\u0101zes e\u013c\u013cu, papildus bag\u0101tinot to ar \u0113terisko e\u013c\u013cu kompoz\u012bcij\u0101m. Sast\u0101v\u0101 eso\u0161\u0101 me\u017eroz\u012b\u0161u e\u013c\u013ca re\u0123ener\u0113, sadzied\u0113 un tai [&#8230;]\n","protected":false},"featured_media":104484,"template":"","meta":[],"product_cat":[1619],"product_tag":[],"class_list":{"0":"post-44630","1":"product","2":"type-product","3":"status-publish","4":"has-post-thumbnail","6":"product_brand-elfa_ua","7":"product_cat-ellas","9":"first","10":"instock","11":"taxable","12":"shipping-taxable","13":"product-type-simple"},"_links":{"self":[{"href":"https:\/\/e.kosmolat.eu\/lv\/wp-json\/wp\/v2\/product\/44630","targetHints":{"allow":["GET"]}}],"collection":[{"href":"https:\/\/e.kosmolat.eu\/lv\/wp-json\/wp\/v2\/product"}],"about":[{"href":"https:\/\/e.kosmolat.eu\/lv\/wp-json\/wp\/v2\/types\/product"}],"wp:featuredmedia":[{"embeddable":true,"href":"https:\/\/e.kosmolat.eu\/lv\/wp-json\/wp\/v2\/media\/104484"}],"wp:attachment":[{"href":"https:\/\/e.kosmolat.eu\/lv\/wp-json\/wp\/v2\/media?parent=44630"}],"wp:term":[{"taxonomy":"product_cat","embeddable":true,"href":"https:\/\/e.kosmolat.eu\/lv\/wp-json\/wp\/v2\/product_cat?post=44630"},{"taxonomy":"product_tag","embeddable":true,"href":"https:\/\/e.kosmolat.eu\/lv\/wp-json\/wp\/v2\/product_tag?post=44630"}],"curies":[{"name":"wp","href":"https:\/\/api.w.org\/{rel}","templated":true}]}}