{"id":44626,"date":"2024-02-03T05:03:24","date_gmt":"2024-02-03T05:03:24","guid":{"rendered":"https:\/\/e.kosmolat.eu\/product\/za-kaju-krems-dziedejoss-75-ml\/"},"modified":"2026-04-22T14:04:45","modified_gmt":"2026-04-22T14:04:45","slug":"gp-kaju-krems-pret-pedu-plaisam-75-ml","status":"publish","type":"product","link":"https:\/\/e.kosmolat.eu\/lv\/product\/gp-kaju-krems-pret-pedu-plaisam-75-ml\/","title":{"rendered":"GP K\u0101ju kr\u0113ms pret p\u0113du plais\u0101m, 75 ml"},"content":{"rendered":"<ul>\n<li>Ur\u012bnviela, v\u0101lriekstu e\u013c\u013c\u0101<\/li>\n<li>Efekt\u012bvs s\u012bko boj\u0101jumu gad\u012bjum\u0101<\/li>\n<\/ul>\n<p>Intens\u012bvi baro un m\u012bkstina, nodro\u0161ina tai gludumu un koptu izskatu. Piem\u0113rots p\u0101rm\u0113r\u012bgi saus\u0101s \u0101das kop\u0161anai, kas tend\u0113ta uz p\u0113du plais\u0101\u0161anu.\u00a0<\/p>\n<p><b>V\u0101lriekstu e\u013c\u013ca <\/b>veicina sadzied\u0113\u0161anu, nomierina \u0101du.\u00a0<\/p>\n<p><b>Ur\u012bnviela<\/b> akt\u012bvi mitrina \u0101du.\u00a0<\/p>\n<h4>Lieto\u0161ana:\u00a0<\/h4>\n<p>uzkl\u0101t uz t\u012br\u0101s p\u0113du \u0101das (v\u0113lams p\u0113c tam uzvilkt ze\u0137es). Tiek rekomend\u0113ts lietot pirms gul\u0113tie\u0161anas.\u00a0<\/p>\n","protected":false},"excerpt":{"rendered":"<p>Ur\u012bnviela, v\u0101lriekstu e\u013c\u013c\u0101 Efekt\u012bvs s\u012bko boj\u0101jumu gad\u012bjum\u0101 Intens\u012bvi baro un m\u012bkstina, nodro\u0161ina tai gludumu un koptu izskatu. Piem\u0113rots p\u0101rm\u0113r\u012bgi saus\u0101s \u0101das kop\u0161anai, kas tend\u0113ta uz p\u0113du plais\u0101\u0161anu.\u00a0 V\u0101lriekstu e\u013c\u013ca veicina sadzied\u0113\u0161anu, nomierina \u0101du.\u00a0 Ur\u012bnviela akt\u012bvi mitrina \u0101du.\u00a0 Lieto\u0161ana:\u00a0 uzkl\u0101t uz t\u012br\u0101s p\u0113du \u0101das (v\u0113lams p\u0113c tam uzvilkt ze\u0137es). Tiek rekomend\u0113ts lietot pirms gul\u0113tie\u0161anas.\u00a0<\/p>\n","protected":false},"featured_media":104404,"template":"","meta":[],"product_cat":[1999],"product_tag":[],"class_list":{"0":"post-44626","1":"product","2":"type-product","3":"status-publish","4":"has-post-thumbnail","6":"product_brand-elfa_ua","7":"product_cat-bez-kategorijas","9":"first","10":"instock","11":"taxable","12":"shipping-taxable","13":"product-type-simple"},"_links":{"self":[{"href":"https:\/\/e.kosmolat.eu\/lv\/wp-json\/wp\/v2\/product\/44626","targetHints":{"allow":["GET"]}}],"collection":[{"href":"https:\/\/e.kosmolat.eu\/lv\/wp-json\/wp\/v2\/product"}],"about":[{"href":"https:\/\/e.kosmolat.eu\/lv\/wp-json\/wp\/v2\/types\/product"}],"wp:featuredmedia":[{"embeddable":true,"href":"https:\/\/e.kosmolat.eu\/lv\/wp-json\/wp\/v2\/media\/104404"}],"wp:attachment":[{"href":"https:\/\/e.kosmolat.eu\/lv\/wp-json\/wp\/v2\/media?parent=44626"}],"wp:term":[{"taxonomy":"product_cat","embeddable":true,"href":"https:\/\/e.kosmolat.eu\/lv\/wp-json\/wp\/v2\/product_cat?post=44626"},{"taxonomy":"product_tag","embeddable":true,"href":"https:\/\/e.kosmolat.eu\/lv\/wp-json\/wp\/v2\/product_tag?post=44626"}],"curies":[{"name":"wp","href":"https:\/\/api.w.org\/{rel}","templated":true}]}}