{"id":44622,"date":"2024-02-03T05:03:12","date_gmt":"2024-02-03T05:03:12","guid":{"rendered":"https:\/\/e.kosmolat.eu\/product\/za-maigas-intimas-ziepes-arstnieciska-kumelite-jutigai-adai-370-ml\/"},"modified":"2026-04-22T14:02:44","modified_gmt":"2026-04-22T14:02:44","slug":"gp-maiga-zel-intimai-hig-kumelite-jut-adai-370-ml","status":"publish","type":"product","link":"https:\/\/e.kosmolat.eu\/lv\/product\/gp-maiga-zel-intimai-hig-kumelite-jut-adai-370-ml\/","title":{"rendered":"GP Maiga \u017eel. int\u012bmai hig. Kumel\u012bte jut. \u0101dai, 370 ml"},"content":{"rendered":"<p>Piem\u0113rota int\u012bmo zonu jut\u012bg\u0101s g\u013cot\u0101das saudz\u012bgai att\u012br\u012b\u0161anai un kop\u0161anai. L\u012bdzsvarots sast\u0101vs ir izstr\u0101d\u0101ts, \u0146emot v\u0113r\u0101 int\u012bmo zonu fiziolo\u0123isk\u0101s \u012bpatn\u012bbas. Nesausina \u0101du un nodro\u0161ina ilgsto\u0161u komforta, svaiguma un t\u012br\u012bbas saj\u016btu. Ieteicams ikdienas lieto\u0161anai.<\/p>\n<p>Kumel\u012b\u0161u ekstrakts nomierina jut\u012bgu \u0101du. Pantenols un alanto\u012bns m\u012bkstina un mitrina \u0101du. Dermatolo\u0123iski p\u0101rbaud\u012bts.<\/p>\n<p>Lieto\u0161ana: uzkl\u0101t uz int\u012bmaj\u0101m \u0137erme\u0146a zon\u0101m, noskalot ar \u016bdeni.<\/p>\n<p>Piesardz\u012bbas pas\u0101kumi: iesp\u0113jama paaugstin\u0101ta jut\u012bba pret atsevi\u0161\u0137\u0101m sast\u0101vda\u013c\u0101m.<\/p>\n<p>Uzglab\u0101\u0161anas temperat\u016bra: no +5\u202f\u00b0C l\u012bdz +25\u202f\u00b0C.<\/p>\n<p>Der\u012bguma termi\u0146\u0161: 30 m\u0113ne\u0161i no izgatavo\u0161anas datuma.<\/p>\n","protected":false},"excerpt":{"rendered":"<p>Piem\u0113rota int\u012bmo zonu jut\u012bg\u0101s g\u013cot\u0101das saudz\u012bgai att\u012br\u012b\u0161anai un kop\u0161anai. L\u012bdzsvarots sast\u0101vs ir izstr\u0101d\u0101ts, \u0146emot v\u0113r\u0101 int\u012bmo zonu fiziolo\u0123isk\u0101s \u012bpatn\u012bbas. Nesausina \u0101du un nodro\u0161ina ilgsto\u0161u komforta, svaiguma un t\u012br\u012bbas saj\u016btu. Ieteicams ikdienas lieto\u0161anai. Kumel\u012b\u0161u ekstrakts nomierina jut\u012bgu \u0101du. Pantenols un alanto\u012bns m\u012bkstina un mitrina \u0101du. Dermatolo\u0123iski p\u0101rbaud\u012bts. Lieto\u0161ana: uzkl\u0101t uz int\u012bmaj\u0101m \u0137erme\u0146a zon\u0101m, noskalot ar \u016bdeni. [&#8230;]\n","protected":false},"featured_media":78914,"template":"","meta":[],"product_cat":[1999],"product_tag":[],"class_list":{"0":"post-44622","1":"product","2":"type-product","3":"status-publish","4":"has-post-thumbnail","6":"product_brand-elfa_ua","7":"product_cat-bez-kategorijas","9":"first","10":"instock","11":"taxable","12":"shipping-taxable","13":"product-type-simple"},"_links":{"self":[{"href":"https:\/\/e.kosmolat.eu\/lv\/wp-json\/wp\/v2\/product\/44622","targetHints":{"allow":["GET"]}}],"collection":[{"href":"https:\/\/e.kosmolat.eu\/lv\/wp-json\/wp\/v2\/product"}],"about":[{"href":"https:\/\/e.kosmolat.eu\/lv\/wp-json\/wp\/v2\/types\/product"}],"wp:featuredmedia":[{"embeddable":true,"href":"https:\/\/e.kosmolat.eu\/lv\/wp-json\/wp\/v2\/media\/78914"}],"wp:attachment":[{"href":"https:\/\/e.kosmolat.eu\/lv\/wp-json\/wp\/v2\/media?parent=44622"}],"wp:term":[{"taxonomy":"product_cat","embeddable":true,"href":"https:\/\/e.kosmolat.eu\/lv\/wp-json\/wp\/v2\/product_cat?post=44622"},{"taxonomy":"product_tag","embeddable":true,"href":"https:\/\/e.kosmolat.eu\/lv\/wp-json\/wp\/v2\/product_tag?post=44622"}],"curies":[{"name":"wp","href":"https:\/\/api.w.org\/{rel}","templated":true}]}}