{"id":44590,"date":"2024-02-03T05:01:35","date_gmt":"2024-02-03T05:01:35","guid":{"rendered":"https:\/\/e.kosmolat.eu\/product\/lady-caramel-kr-sejas-depilacijai-ipasi-maigs-50-ml\/"},"modified":"2026-03-31T09:26:22","modified_gmt":"2026-03-31T09:26:22","slug":"lady-caramel-kr-sejas-depilacijai-ipasi-maigs-50-ml","status":"publish","type":"product","link":"https:\/\/e.kosmolat.eu\/lv\/product\/lady-caramel-kr-sejas-depilacijai-ipasi-maigs-50-ml\/","title":{"rendered":"LADY CARAMEL Kr. sejas depil\u0101cijai \u012bpa\u0161i maigs, 50 ml"},"content":{"rendered":"<p>Kr\u0113ms \u0101tri un delik\u0101ti likvid\u0113 nev\u0113lamus mati\u0146us uz sejas. Argana e\u013c\u013ca mitrina un lieliski m\u012bkstina \u0101du, nomierina kairin\u0101jumus un aps\u0101rtumus p\u0113c depil\u0101cijas. Mande\u013cu e\u013c\u013ca un vani\u013cas ekstrakts nodro&scaron;ina kr\u0113ma formulai \u012bpa&scaron;u maigumu, kas \u013cauj veikt depil\u0101ciju pat uz visjut\u012bg\u0101kas \u0101das.&nbsp;<\/p>\n<p><strong>Piesardz\u012bbas pas\u0101kumi:<\/strong> iev\u0113rot lieto&scaron;anas instrukciju. Nepie\u013caut nok\u013c\u016b&scaron;anu ac\u012bs un uz l\u016bp\u0101m. Ja l\u012bdzeklis nok\u013c\u016bst ac\u012bs, t\u016bl\u012bt t\u0101s izskalot. Nepiecie&scaron;am\u012bbas gad\u012bjum\u0101 v\u0113rsties pie \u0101rsta. Sarg\u0101t b\u0113rniem nepieejam\u0101 viet\u0101. Satur tioglikol\u0101tu. Satur s\u0101rmu.<\/p>\n<p>Uzglab\u0101t temperat\u016br\u0101 no +5 &deg;\u0421 l\u012bdz +25 &deg;\u0421.<br \/>\n&nbsp;<\/p>\n","protected":false},"excerpt":{"rendered":"<p>Kr\u0113ms \u0101tri un delik\u0101ti likvid\u0113 nev\u0113lamus mati\u0146us uz sejas. Argana e\u013c\u013ca mitrina un lieliski m\u012bkstina \u0101du, nomierina kairin\u0101jumus un aps\u0101rtumus p\u0113c depil\u0101cijas. Mande\u013cu e\u013c\u013ca un vani\u013cas ekstrakts nodro&scaron;ina kr\u0113ma formulai \u012bpa&scaron;u maigumu, kas \u013cauj veikt depil\u0101ciju pat uz visjut\u012bg\u0101kas \u0101das.&nbsp; Piesardz\u012bbas pas\u0101kumi: iev\u0113rot lieto&scaron;anas instrukciju. Nepie\u013caut nok\u013c\u016b&scaron;anu ac\u012bs un uz l\u016bp\u0101m. Ja l\u012bdzeklis nok\u013c\u016bst ac\u012bs, [&#8230;]\n","protected":false},"featured_media":100236,"template":"","meta":[],"product_cat":[2181],"product_tag":[],"class_list":{"0":"post-44590","1":"product","2":"type-product","3":"status-publish","4":"has-post-thumbnail","6":"product_brand-elfa_ua","7":"product_cat-bez-kategorijas-lt","9":"first","10":"instock","11":"taxable","12":"shipping-taxable","13":"product-type-simple"},"_links":{"self":[{"href":"https:\/\/e.kosmolat.eu\/lv\/wp-json\/wp\/v2\/product\/44590","targetHints":{"allow":["GET"]}}],"collection":[{"href":"https:\/\/e.kosmolat.eu\/lv\/wp-json\/wp\/v2\/product"}],"about":[{"href":"https:\/\/e.kosmolat.eu\/lv\/wp-json\/wp\/v2\/types\/product"}],"wp:featuredmedia":[{"embeddable":true,"href":"https:\/\/e.kosmolat.eu\/lv\/wp-json\/wp\/v2\/media\/100236"}],"wp:attachment":[{"href":"https:\/\/e.kosmolat.eu\/lv\/wp-json\/wp\/v2\/media?parent=44590"}],"wp:term":[{"taxonomy":"product_cat","embeddable":true,"href":"https:\/\/e.kosmolat.eu\/lv\/wp-json\/wp\/v2\/product_cat?post=44590"},{"taxonomy":"product_tag","embeddable":true,"href":"https:\/\/e.kosmolat.eu\/lv\/wp-json\/wp\/v2\/product_tag?post=44590"}],"curies":[{"name":"wp","href":"https:\/\/api.w.org\/{rel}","templated":true}]}}