{"id":44520,"date":"2024-02-02T05:15:31","date_gmt":"2024-02-02T05:15:31","guid":{"rendered":"https:\/\/e.kosmolat.eu\/product\/bd-serums-sejai-anti-age-ar-nanopeptidiem-30-ml\/"},"modified":"2026-04-23T06:02:54","modified_gmt":"2026-04-23T06:02:54","slug":"bd-serums-sejai-anti-age-ar-nanopeptidiem-30-ml","status":"publish","type":"product","link":"https:\/\/e.kosmolat.eu\/lv\/product\/bd-serums-sejai-anti-age-ar-nanopeptidiem-30-ml\/","title":{"rendered":"BD Serums sejai &#8220;Anti-age&#8221; ar nanopept\u012bdiem, 30 ml"},"content":{"rendered":"<p>Serums ar nanopept\u012bdiem aizkav\u0113 \u0101das noveco\u0161an\u0101s procesu.<br \/>\n<strong>Nanopept\u012bdi<\/strong> &ndash; aktiv\u0113t\u0101s aminosk\u0101bes, kas ir nepiecie\u0161amas, lai stimul\u0113tu epidermas vielmai\u0146u un palielin\u0101tu \u0101das tvirtumu un elast\u012bbu.<br \/>\n<strong>Syn-Ake<\/strong> ir augsto tehnolo\u0123iju produkts, m\u0101ksl\u012bgais \u010d\u016bskas pept\u012bda analogs, kas samazina musku\u013cu sasprindzin\u0101jumu, pal\u012bdzot samazin\u0101t to izm\u0113ru un nov\u0113rst jaunu grumbu veido\u0161anos.<br \/>\n<strong>Hialuronsk\u0101be<\/strong> &ndash; dzi\u013ci atjauno un mitrina epidermu, stimul\u0113 \u0101das atjauno\u0161an\u0101s procesus, atjauno mitruma defic\u012btu.<br \/>\n<strong>Provitam\u012bns B5 <\/strong>&ndash; veicina mikroplaisu sadz\u012b\u0161anu un \u0101das atjauno\u0161anos.<br \/>\n<strong>Ilgsto\u0161i lietojot, produkts:<\/strong><br \/>\n&#8211; uzlabo \u0101das st\u0101vokli, kad akt\u012bvi s\u0101k par\u0101d\u012bties ar vecumu saist\u012btas izmai\u0146as;<br \/>\n&#8211; aktiviz\u0113 \u0161\u016bnu re\u0123ener\u0101cijas procesu;<br \/>\n&#8211; ne\u013cauj progres\u0113t noveco\u0161an\u0101s procesam.<br \/>\n<strong>Lieto\u0161anas veids:<\/strong> uzkl\u0101jiet da\u017eus seruma pilienus ar mas\u0101\u017eas kust\u012bb\u0101m uz att\u012br\u012btas un mitrin\u0101tas sejas, kakla un dekolt\u0113 zonas \u0101das divas reizes dien\u0101. To var lietot uz \u0101das zem ac\u012bm un k\u0101 grima pamatu. Atst\u0101jiet, l\u012bdz piln\u012bb\u0101 uzs\u016bcas. Ja nepiecie\u0161ams, uzkl\u0101jiet kr\u0113mu. Lai ieg\u016btu vislab\u0101kos rezult\u0101tus, ieteicams to lietot m\u0113ne\u0161a laik\u0101. Tikai \u0101r\u012bgai lieto\u0161anai.<br \/>\n<strong>Uzman\u012bbu:<\/strong> pirms lieto\u0161anas l\u012bdzeklis ir j\u0101p\u0101rbauda uz neliela \u0101das laukuma. Ja tiek konstat\u0113ta aler\u0123iska reakcija, p\u0101rtrauciet lieto\u0161anu.<br \/>\n<strong>Kontrindik\u0101cijas: <\/strong>individu\u0101la neieciet\u012bba pret seruma sast\u0101vda\u013c\u0101m. Uzglab\u0101t temperat\u016br\u0101 no +5&deg;C l\u012bdz +25&deg;C un relat\u012bvaj\u0101 mitrum\u0101 55-70% viet\u0101 aizsarg\u0101t\u0101 no tie\u0161iem saules stariem. Nav at\u013cauts uzglab\u0101t produktu maz\u0101k par 1 m att\u0101lum\u0101 no augstas temperat\u016bras avotiem.<\/p>\n","protected":false},"excerpt":{"rendered":"<p>Serums ar nanopept\u012bdiem aizkav\u0113 \u0101das noveco\u0161an\u0101s procesu. Nanopept\u012bdi &ndash; aktiv\u0113t\u0101s aminosk\u0101bes, kas ir nepiecie\u0161amas, lai stimul\u0113tu epidermas vielmai\u0146u un palielin\u0101tu \u0101das tvirtumu un elast\u012bbu. Syn-Ake ir augsto tehnolo\u0123iju produkts, m\u0101ksl\u012bgais \u010d\u016bskas pept\u012bda analogs, kas samazina musku\u013cu sasprindzin\u0101jumu, pal\u012bdzot samazin\u0101t to izm\u0113ru un nov\u0113rst jaunu grumbu veido\u0161anos. Hialuronsk\u0101be &ndash; dzi\u013ci atjauno un mitrina epidermu, stimul\u0113 \u0101das [&#8230;]\n","protected":false},"featured_media":86978,"template":"","meta":[],"product_cat":[1325],"product_tag":[],"class_list":{"0":"post-44520","1":"product","2":"type-product","3":"status-publish","4":"has-post-thumbnail","6":"product_brand-naturpro_ua","7":"product_cat-serumi","9":"first","10":"outofstock","11":"taxable","12":"shipping-taxable","13":"product-type-simple"},"_links":{"self":[{"href":"https:\/\/e.kosmolat.eu\/lv\/wp-json\/wp\/v2\/product\/44520","targetHints":{"allow":["GET"]}}],"collection":[{"href":"https:\/\/e.kosmolat.eu\/lv\/wp-json\/wp\/v2\/product"}],"about":[{"href":"https:\/\/e.kosmolat.eu\/lv\/wp-json\/wp\/v2\/types\/product"}],"wp:featuredmedia":[{"embeddable":true,"href":"https:\/\/e.kosmolat.eu\/lv\/wp-json\/wp\/v2\/media\/86978"}],"wp:attachment":[{"href":"https:\/\/e.kosmolat.eu\/lv\/wp-json\/wp\/v2\/media?parent=44520"}],"wp:term":[{"taxonomy":"product_cat","embeddable":true,"href":"https:\/\/e.kosmolat.eu\/lv\/wp-json\/wp\/v2\/product_cat?post=44520"},{"taxonomy":"product_tag","embeddable":true,"href":"https:\/\/e.kosmolat.eu\/lv\/wp-json\/wp\/v2\/product_tag?post=44520"}],"curies":[{"name":"wp","href":"https:\/\/api.w.org\/{rel}","templated":true}]}}