{"id":44516,"date":"2024-02-02T05:15:14","date_gmt":"2024-02-02T05:15:14","guid":{"rendered":"https:\/\/e.kosmolat.eu\/product\/bd-balinosa-auduma-maska-animal-panda-whitening-25-ml\/"},"modified":"2026-04-20T08:21:42","modified_gmt":"2026-04-20T08:21:42","slug":"bd-balinosa-auduma-maska-animal-panda-whitening-25-ml","status":"publish","type":"product","link":"https:\/\/e.kosmolat.eu\/lv\/product\/bd-balinosa-auduma-maska-animal-panda-whitening-25-ml\/","title":{"rendered":"BD Balino\u0161\u0101 auduma maska ANIMAL PANDA WHITENING, 25 ml"},"content":{"rendered":"<p>Balino\u0161\u0101 auduma maska efekt\u012bvi pal\u012bdz mazin\u0101t vasaras raibumus un citus izteiktus pigment\u0101cijas plankumus, izl\u012bdzin\u0101t \u0101das mikroreljefu, atjaunojot t\u0101s tvirtumu un elast\u012bbu, k\u0101 rezult\u0101t\u0101 J\u016bsu \u0101da k\u013c\u016bst gluda un maiga, svaiga un mirdzo\u0161a.<\/p>\n<p><strong>Lieto\u0161ana:<\/strong> atveriet iepakojumu un uzkl\u0101jiet masku uz att\u012br\u012btas un sausas sejas \u0101das, uzman\u012bgi izl\u012bdzinot masku ar pirkstu galiem. P\u0113c 10-15 min\u016bt\u0113m no\u0146emiet masku, emulsijas paliekas viegli iemas\u0113jot \u0101d\u0101. Nenomazg\u0101t.<\/p>\n<p><strong>Uzman\u012bbu:<\/strong> Maska paredz\u0113ta tikai vienai lieto\u0161anas reizei! Ieteicams lietot 1-2 reizes ned\u0113\u013ca. Pirms lieto\u0161anas maska ir j\u0101p\u0101rbauda uz neliela \u0101das laukuma. Ja rodas aler\u0123iska reakcija, p\u0101rtrauciet lieto\u0161anu. Tikai \u0101r\u012bgai lieto\u0161anai. Masku ieteicams lietot uzreiz p\u0113c iepakojuma atv\u0113r\u0161anas.<\/p>\n<p><strong>Kontrindik\u0101cijas:<\/strong> individu\u0101la nepanes\u012bba pret maskas sast\u0101vda\u013c\u0101m.<\/p>\n<p>Uzglab\u0101t temperat\u016br\u0101 no +5&deg;C l\u012bdz +25&deg;C un relat\u012bvaj\u0101 mitrum\u0101 55-70%, sarg\u0101jot no tie\u0161iem saules stariem, ne tuv\u0101k par vienu metru no siltuma avotiem.<\/p>\n<p><strong>Der\u012bguma termi\u0146\u0161: <\/strong>36 m\u0113ne\u0161i no izgatavo\u0161anas datuma.<br \/>\n&nbsp;<\/p>\n","protected":false},"excerpt":{"rendered":"<p>Balino\u0161\u0101 auduma maska efekt\u012bvi pal\u012bdz mazin\u0101t vasaras raibumus un citus izteiktus pigment\u0101cijas plankumus, izl\u012bdzin\u0101t \u0101das mikroreljefu, atjaunojot t\u0101s tvirtumu un elast\u012bbu, k\u0101 rezult\u0101t\u0101 J\u016bsu \u0101da k\u013c\u016bst gluda un maiga, svaiga un mirdzo\u0161a. Lieto\u0161ana: atveriet iepakojumu un uzkl\u0101jiet masku uz att\u012br\u012btas un sausas sejas \u0101das, uzman\u012bgi izl\u012bdzinot masku ar pirkstu galiem. P\u0113c 10-15 min\u016bt\u0113m no\u0146emiet masku, [&#8230;]\n","protected":false},"featured_media":86966,"template":"","meta":[],"product_cat":[1367],"product_tag":[],"class_list":{"0":"post-44516","1":"product","2":"type-product","3":"status-publish","4":"has-post-thumbnail","6":"product_brand-naturpro_ua","7":"product_cat-sejas-maskas","9":"first","10":"instock","11":"taxable","12":"shipping-taxable","13":"product-type-simple"},"_links":{"self":[{"href":"https:\/\/e.kosmolat.eu\/lv\/wp-json\/wp\/v2\/product\/44516","targetHints":{"allow":["GET"]}}],"collection":[{"href":"https:\/\/e.kosmolat.eu\/lv\/wp-json\/wp\/v2\/product"}],"about":[{"href":"https:\/\/e.kosmolat.eu\/lv\/wp-json\/wp\/v2\/types\/product"}],"wp:featuredmedia":[{"embeddable":true,"href":"https:\/\/e.kosmolat.eu\/lv\/wp-json\/wp\/v2\/media\/86966"}],"wp:attachment":[{"href":"https:\/\/e.kosmolat.eu\/lv\/wp-json\/wp\/v2\/media?parent=44516"}],"wp:term":[{"taxonomy":"product_cat","embeddable":true,"href":"https:\/\/e.kosmolat.eu\/lv\/wp-json\/wp\/v2\/product_cat?post=44516"},{"taxonomy":"product_tag","embeddable":true,"href":"https:\/\/e.kosmolat.eu\/lv\/wp-json\/wp\/v2\/product_tag?post=44516"}],"curies":[{"name":"wp","href":"https:\/\/api.w.org\/{rel}","templated":true}]}}