{"id":44512,"date":"2024-02-02T05:14:56","date_gmt":"2024-02-02T05:14:56","guid":{"rendered":"https:\/\/e.kosmolat.eu\/product\/bd-auduma-maska-sejai-detox-25-ml\/"},"modified":"2026-04-01T14:47:52","modified_gmt":"2026-04-01T14:47:52","slug":"bd-auduma-maska-sejai-detox-25-ml","status":"publish","type":"product","link":"https:\/\/e.kosmolat.eu\/lv\/product\/bd-auduma-maska-sejai-detox-25-ml\/","title":{"rendered":"BD Auduma maska sejai &#8220;Detox&#8221;, 25 ml"},"content":{"rendered":"<p><strong>AUDUMA MASKA SEJAI &ldquo;DETOX&rdquo; <\/strong>r\u016bp\u012bgi att\u012bra un baro \u0101du. <strong>AKT\u012aV\u0112T\u0100 OGLE<\/strong>, k\u0101 da\u013ca no maskas seruma, ir pla\u0161i paz\u012bstama ar savu absorb\u0113jo\u0161o iedarb\u012bbu, efekt\u012bvi att\u012bra \u0101du un normaliz\u0113 tauku dziedzeru darb\u012bbu. Pal\u012bdz uzlabot problem\u0101tisk\u0101s \u0101das st\u0101vokli. <strong>HIALURONSK\u0100BE<\/strong> dzi\u013ci atjauno un mitrina epidermu, stimul\u0113 \u0101das atvese\u013co\u0161anas un atjauno\u0161an\u0101s procesus, kompens\u0113 mitruma defic\u012btu, ilgsto\u0161i nov\u0113r\u0161ot sausumu. <strong>T\u0112JAS KOKA un ALVEJAS EKSTRAKTI<\/strong>, kas bag\u0101tin\u0101ti ar \u012bpa\u0161u formulu mask\u0101, nodro\u0161ina \u0101das \u0161\u016bnas ar vitam\u012bniem un noder\u012bgiem mikroelementiem.<br \/>\n<strong>Ilgtermi\u0146a lieto\u0161anas rezult\u0101ti:<\/strong><br \/>\n&#8211; poras tiek att\u012br\u012btas no net\u012brumiem,<br \/>\n&#8211; samazin\u0101s sebuma veido\u0161an\u0101s,<br \/>\n&#8211; skaista un vienm\u0113r\u012bga sejas kr\u0101sa,<br \/>\n&#8211; \u0101da ir mitrin\u0101ta un izstaro vesel\u012bbu.<br \/>\n<strong>Lieto\u0161anas veids:<\/strong> iz\u0146emiet masku no iepakojuma un uzkl\u0101jiet to uz iepriek\u0161 att\u012br\u012btas sejas, maigi izl\u012bdzinot ar pirkstu galiem. P\u0113c 15-20 min\u016bt\u0113m no\u0146emiet masku. Atliku\u0161o emulsiju ar mas\u0101\u017eas kust\u012bb\u0101m iemas\u0113jiet \u0101d\u0101. Neskalojiet. Ja nepiecie\u0161ams, no\u0146emiet atliku\u0161o emulsiju ar vates disku.<br \/>\n<strong>Uzman\u012bbu: <\/strong>pirms lieto\u0161anas maska ir j\u0101p\u0101rbauda uz neliela \u0101das laukuma. Ja tiek konstat\u0113ta aler\u0123iska reakcija, p\u0101rtrauciet lieto\u0161anu.&nbsp;<br \/>\n<strong>Kontrindik\u0101cijas:<\/strong> individu\u0101la neieciet\u012bba pret maskas sast\u0101vda\u013c\u0101m. Uzglab\u0101t temperat\u016br\u0101 no +5&deg;C l\u012bdz +25&deg;C un relat\u012bvaj\u0101 mitrum\u0101 55-75% viet\u0101 aizsarg\u0101t\u0101 no tie\u0161iem saules stariem vismaz viena metra att\u0101lum\u0101 no augstas temperat\u016bras avotiem.<\/p>\n","protected":false},"excerpt":{"rendered":"<p>AUDUMA MASKA SEJAI &ldquo;DETOX&rdquo; r\u016bp\u012bgi att\u012bra un baro \u0101du. AKT\u012aV\u0112T\u0100 OGLE, k\u0101 da\u013ca no maskas seruma, ir pla\u0161i paz\u012bstama ar savu absorb\u0113jo\u0161o iedarb\u012bbu, efekt\u012bvi att\u012bra \u0101du un normaliz\u0113 tauku dziedzeru darb\u012bbu. Pal\u012bdz uzlabot problem\u0101tisk\u0101s \u0101das st\u0101vokli. HIALURONSK\u0100BE dzi\u013ci atjauno un mitrina epidermu, stimul\u0113 \u0101das atvese\u013co\u0161anas un atjauno\u0161an\u0101s procesus, kompens\u0113 mitruma defic\u012btu, ilgsto\u0161i nov\u0113r\u0161ot sausumu. T\u0112JAS [&#8230;]\n","protected":false},"featured_media":86922,"template":"","meta":[],"product_cat":[1999],"product_tag":[],"class_list":{"0":"post-44512","1":"product","2":"type-product","3":"status-publish","4":"has-post-thumbnail","6":"product_brand-naturpro_ua","7":"product_cat-bez-kategorijas","9":"first","10":"instock","11":"taxable","12":"shipping-taxable","13":"product-type-simple"},"_links":{"self":[{"href":"https:\/\/e.kosmolat.eu\/lv\/wp-json\/wp\/v2\/product\/44512","targetHints":{"allow":["GET"]}}],"collection":[{"href":"https:\/\/e.kosmolat.eu\/lv\/wp-json\/wp\/v2\/product"}],"about":[{"href":"https:\/\/e.kosmolat.eu\/lv\/wp-json\/wp\/v2\/types\/product"}],"wp:featuredmedia":[{"embeddable":true,"href":"https:\/\/e.kosmolat.eu\/lv\/wp-json\/wp\/v2\/media\/86922"}],"wp:attachment":[{"href":"https:\/\/e.kosmolat.eu\/lv\/wp-json\/wp\/v2\/media?parent=44512"}],"wp:term":[{"taxonomy":"product_cat","embeddable":true,"href":"https:\/\/e.kosmolat.eu\/lv\/wp-json\/wp\/v2\/product_cat?post=44512"},{"taxonomy":"product_tag","embeddable":true,"href":"https:\/\/e.kosmolat.eu\/lv\/wp-json\/wp\/v2\/product_tag?post=44512"}],"curies":[{"name":"wp","href":"https:\/\/api.w.org\/{rel}","templated":true}]}}