{"id":44496,"date":"2024-02-02T05:14:15","date_gmt":"2024-02-02T05:14:15","guid":{"rendered":"https:\/\/e.kosmolat.eu\/product\/deba-q10-pirmo-grumbu-noversanas-sejas-krems-ar-koenzimu-50-ml\/"},"modified":"2026-04-17T12:16:36","modified_gmt":"2026-04-17T12:16:36","slug":"deba-q10-pirmo-grumbu-noversanas-sejas-krems-ar-koenzimu-50-ml","status":"publish","type":"product","link":"https:\/\/e.kosmolat.eu\/lv\/product\/deba-q10-pirmo-grumbu-noversanas-sejas-krems-ar-koenzimu-50-ml\/","title":{"rendered":"DeBa Q10 Pirmo grumbu nov\u0113r\u0161anas sejas kr\u0113ms ar koenz\u012bmu, 50 ml"},"content":{"rendered":"<p>RUBELLA DeBa Pirmo grumbu nov\u0113r\u0161anas sejas kr\u0113ms ar koenz\u012bmu Q10. 4D hialuronsk\u0101be un kokosriekstu e\u013c\u013ca<br \/>\nDermatolo\u0123iski p\u0101rbaud\u012bts<br \/>\nDabiski ieg\u016bti 94%<br \/>\nLieto\u0161anai dien\u0101<br \/>\nNorm\u0101lai l\u012bdz sausai \u0101dai<br \/>\nPiem\u0113rots veg\u0101niem<br \/>\nBarojo\u0161s DeBa Q10 dienas sejas kr\u0113ms. Inovat\u012bva formula ar sp\u0113c\u012bgu koenz\u012bma Q10 kompleksu. 4D hialuronsk\u0101be un kokosriekstu e\u013c\u013ca. Tas baro \u0101du un uzlabo t\u0101s elast\u012bbu, padarot \u0101du maigu, z\u012bdainu, gludu un mitrin\u0101tu.<br \/>\nAkt\u012bv\u0101s sast\u0101vda\u013cas un to iedarb\u012bba:<br \/>\nKoenz\u012bms Q10 &ndash; sp\u0113c\u012bgs antioksidants; pal\u0113nina noveco\u0161an\u0101s procesus, stimul\u0113 dabisko \u0101das atjauno\u0161anos un ilg\u0101k saglab\u0101 to svaigu.<br \/>\n4D hialuronsk\u0101be &ndash; mitrina un uztur optim\u0101lu mitruma l\u012bmeni<br \/>\nKokosriekstu e\u013c\u013ca &ndash; baro un mitrina \u0101du.<br \/>\nLieto\u0161ana: Uzkl\u0101jiet kr\u0113mu uz att\u012br\u012btas sejas un kakla no r\u012bta. Ier\u012bv\u0113 kr\u0113mu un maigi iemas\u0113, l\u012bdz tas piln\u012bb\u0101 uzs\u016bcas.<br \/>\n&nbsp;<\/p>\n","protected":false},"excerpt":{"rendered":"<p>RUBELLA DeBa Pirmo grumbu nov\u0113r\u0161anas sejas kr\u0113ms ar koenz\u012bmu Q10. 4D hialuronsk\u0101be un kokosriekstu e\u013c\u013ca Dermatolo\u0123iski p\u0101rbaud\u012bts Dabiski ieg\u016bti 94% Lieto\u0161anai dien\u0101 Norm\u0101lai l\u012bdz sausai \u0101dai Piem\u0113rots veg\u0101niem Barojo\u0161s DeBa Q10 dienas sejas kr\u0113ms. Inovat\u012bva formula ar sp\u0113c\u012bgu koenz\u012bma Q10 kompleksu. 4D hialuronsk\u0101be un kokosriekstu e\u013c\u013ca. Tas baro \u0101du un uzlabo t\u0101s elast\u012bbu, padarot \u0101du [&#8230;]\n","protected":false},"featured_media":102134,"template":"","meta":[],"product_cat":[1320],"product_tag":[],"class_list":{"0":"post-44496","1":"product","2":"type-product","3":"status-publish","4":"has-post-thumbnail","6":"product_brand-rubella-bg","7":"product_cat-sejas-kremi","9":"first","10":"instock","11":"taxable","12":"shipping-taxable","13":"product-type-simple"},"_links":{"self":[{"href":"https:\/\/e.kosmolat.eu\/lv\/wp-json\/wp\/v2\/product\/44496","targetHints":{"allow":["GET"]}}],"collection":[{"href":"https:\/\/e.kosmolat.eu\/lv\/wp-json\/wp\/v2\/product"}],"about":[{"href":"https:\/\/e.kosmolat.eu\/lv\/wp-json\/wp\/v2\/types\/product"}],"wp:featuredmedia":[{"embeddable":true,"href":"https:\/\/e.kosmolat.eu\/lv\/wp-json\/wp\/v2\/media\/102134"}],"wp:attachment":[{"href":"https:\/\/e.kosmolat.eu\/lv\/wp-json\/wp\/v2\/media?parent=44496"}],"wp:term":[{"taxonomy":"product_cat","embeddable":true,"href":"https:\/\/e.kosmolat.eu\/lv\/wp-json\/wp\/v2\/product_cat?post=44496"},{"taxonomy":"product_tag","embeddable":true,"href":"https:\/\/e.kosmolat.eu\/lv\/wp-json\/wp\/v2\/product_tag?post=44496"}],"curies":[{"name":"wp","href":"https:\/\/api.w.org\/{rel}","templated":true}]}}